{"id":15916,"date":"2025-02-24T18:12:43","date_gmt":"2025-02-24T17:12:43","guid":{"rendered":"https:\/\/flowerevents.com\/?post_type=product&#038;p=15916"},"modified":"2025-10-13T11:48:08","modified_gmt":"2025-10-13T09:48:08","slug":"gesteckter-blumen-korb","status":"publish","type":"product","link":"https:\/\/flowerevents.com\/fr\/produkt\/gesteckter-blumen-korb\/","title":{"rendered":"Corbeille de fleurs"},"content":{"rendered":"<p><span style=\"color: #993366;\">Corbeille de fleurs arrang\u00e9e avec des roses m\u00e9lang\u00e9es, des flamants roses, des herbes et un c\u0153ur<\/span><br \/>\n<span style=\"color: #993366;\">Nous r\u00e9alisons cette pi\u00e8ce en diff\u00e9rentes tailles.<\/span><br \/>\n<span style=\"color: #993366;\">(la corbeille est comprise dans le prix et peut varier selon la taille)<\/span><\/p>\n","protected":false},"excerpt":{"rendered":"<p><span style=\"color: #993366;\">Panier de fleurs compos\u00e9<\/span><br \/>\n<span style=\"color: #993366;\">compos\u00e9 de diff\u00e9rentes petites roses et orchid\u00e9es.etc.<\/span><br \/>\n<span style=\"color: #993366;\">L&rsquo;apparence de cette pi\u00e8ce peut varier en fonction du prix et de l&rsquo;offre).<\/span><\/p>\n<p><span style=\"color: #993366;\">Prix de la pi\u00e8ce repr\u00e9sent\u00e9e Fr. 135.<\/span><\/p>\n","protected":false},"featured_media":2302,"template":"","meta":[],"product_brand":[],"product_cat":[805],"product_tag":[],"class_list":{"0":"post-15916","1":"product","2":"type-product","3":"status-publish","4":"has-post-thumbnail","6":"product_cat-pieces-inserees","7":"product_shipping_class-blumen-kurier-ohne-post-fr","9":"first","10":"instock","11":"shipping-taxable","12":"purchasable","13":"product-type-simple"},"yoast_head":"<!-- This site is optimized with the Yoast SEO Premium plugin v24.9 (Yoast SEO v24.9) - https:\/\/yoast.com\/wordpress\/plugins\/seo\/ -->\n<title>Corbeille de fleurs - Blumen Florist Luzern Blumenonline<\/title>\n<meta name=\"robots\" content=\"index, follow, max-snippet:-1, max-image-preview:large, max-video-preview:-1\" \/>\n<link rel=\"canonical\" href=\"https:\/\/flowerevents.com\/fr\/produkt\/gesteckter-blumen-korb\/\" \/>\n<meta property=\"og:locale\" content=\"fr_FR\" \/>\n<meta property=\"og:type\" content=\"article\" \/>\n<meta property=\"og:title\" content=\"Corbeille de fleurs\" \/>\n<meta property=\"og:description\" content=\"Panier de fleurs compos\u00e9 compos\u00e9 de diff\u00e9rentes petites roses et orchid\u00e9es.etc. L&#039;apparence de cette pi\u00e8ce peut varier en fonction du prix et de l&#039;offre).  Prix de la pi\u00e8ce repr\u00e9sent\u00e9e Fr. 135.\" \/>\n<meta property=\"og:url\" content=\"https:\/\/flowerevents.com\/fr\/produkt\/gesteckter-blumen-korb\/\" \/>\n<meta property=\"og:site_name\" content=\"Blumen Florist Luzern Blumenonline\" \/>\n<meta property=\"article:publisher\" content=\"https:\/\/www.facebook.com\/flowerevents.ch\" \/>\n<meta property=\"article:modified_time\" content=\"2025-10-13T09:48:08+00:00\" \/>\n<meta property=\"og:image\" content=\"https:\/\/flowerevents.com\/wp-content\/uploads\/2024\/04\/korb_get_q.jpg\" \/>\n\t<meta property=\"og:image:width\" content=\"1067\" \/>\n\t<meta property=\"og:image:height\" content=\"1067\" \/>\n\t<meta property=\"og:image:type\" content=\"image\/jpeg\" \/>\n<meta name=\"twitter:card\" content=\"summary_large_image\" \/>\n<meta name=\"twitter:label1\" content=\"Dur\u00e9e de lecture estim\u00e9e\" \/>\n\t<meta name=\"twitter:data1\" content=\"1 minute\" \/>\n<script type=\"application\/ld+json\" class=\"yoast-schema-graph\">{\"@context\":\"https:\/\/schema.org\",\"@graph\":[{\"@type\":\"WebPage\",\"@id\":\"https:\/\/flowerevents.com\/fr\/produkt\/gesteckter-blumen-korb\/\",\"url\":\"https:\/\/flowerevents.com\/fr\/produkt\/gesteckter-blumen-korb\/\",\"name\":\"Corbeille de fleurs - Blumen Florist Luzern Blumenonline\",\"isPartOf\":{\"@id\":\"https:\/\/flowerevents.com\/fr\/#website\"},\"primaryImageOfPage\":{\"@id\":\"https:\/\/flowerevents.com\/fr\/produkt\/gesteckter-blumen-korb\/#primaryimage\"},\"image\":{\"@id\":\"https:\/\/flowerevents.com\/fr\/produkt\/gesteckter-blumen-korb\/#primaryimage\"},\"thumbnailUrl\":\"https:\/\/i0.wp.com\/flowerevents.com\/wp-content\/uploads\/2024\/04\/korb_get_q.jpg?fit=1067%2C1067&ssl=1\",\"datePublished\":\"2025-02-24T17:12:43+00:00\",\"dateModified\":\"2025-10-13T09:48:08+00:00\",\"breadcrumb\":{\"@id\":\"https:\/\/flowerevents.com\/fr\/produkt\/gesteckter-blumen-korb\/#breadcrumb\"},\"inLanguage\":\"fr-FR\",\"potentialAction\":[{\"@type\":\"ReadAction\",\"target\":[\"https:\/\/flowerevents.com\/fr\/produkt\/gesteckter-blumen-korb\/\"]}]},{\"@type\":\"ImageObject\",\"inLanguage\":\"fr-FR\",\"@id\":\"https:\/\/flowerevents.com\/fr\/produkt\/gesteckter-blumen-korb\/#primaryimage\",\"url\":\"https:\/\/i0.wp.com\/flowerevents.com\/wp-content\/uploads\/2024\/04\/korb_get_q.jpg?fit=1067%2C1067&ssl=1\",\"contentUrl\":\"https:\/\/i0.wp.com\/flowerevents.com\/wp-content\/uploads\/2024\/04\/korb_get_q.jpg?fit=1067%2C1067&ssl=1\",\"width\":1067,\"height\":1067},{\"@type\":\"BreadcrumbList\",\"@id\":\"https:\/\/flowerevents.com\/fr\/produkt\/gesteckter-blumen-korb\/#breadcrumb\",\"itemListElement\":[{\"@type\":\"ListItem\",\"position\":1,\"name\":\"Startseite\",\"item\":\"https:\/\/flowerevents.com\/fr\/\"},{\"@type\":\"ListItem\",\"position\":2,\"name\":\"Boutique\",\"item\":\"https:\/\/flowerevents.com\/blumen-online-luzern\/\"},{\"@type\":\"ListItem\",\"position\":3,\"name\":\"Corbeille de fleurs\"}]},{\"@type\":\"WebSite\",\"@id\":\"https:\/\/flowerevents.com\/fr\/#website\",\"url\":\"https:\/\/flowerevents.com\/fr\/\",\"name\":\"Flowerevents\",\"description\":\"Wenn es um Blumiges geht - die sch\u00f6nste Blumengesch\u00e4ft von Luzern\",\"alternateName\":\"Blumen Luzern Flowerevents\",\"potentialAction\":[{\"@type\":\"SearchAction\",\"target\":{\"@type\":\"EntryPoint\",\"urlTemplate\":\"https:\/\/flowerevents.com\/fr\/?s={search_term_string}\"},\"query-input\":{\"@type\":\"PropertyValueSpecification\",\"valueRequired\":true,\"valueName\":\"search_term_string\"}}],\"inLanguage\":\"fr-FR\"}]}<\/script>\n<!-- \/ Yoast SEO Premium plugin. -->","yoast_head_json":{"title":"Corbeille de fleurs - Blumen Florist Luzern Blumenonline","robots":{"index":"index","follow":"follow","max-snippet":"max-snippet:-1","max-image-preview":"max-image-preview:large","max-video-preview":"max-video-preview:-1"},"canonical":"https:\/\/flowerevents.com\/fr\/produkt\/gesteckter-blumen-korb\/","og_locale":"fr_FR","og_type":"article","og_title":"Corbeille de fleurs","og_description":"Panier de fleurs compos\u00e9 compos\u00e9 de diff\u00e9rentes petites roses et orchid\u00e9es.etc. L'apparence de cette pi\u00e8ce peut varier en fonction du prix et de l'offre).  Prix de la pi\u00e8ce repr\u00e9sent\u00e9e Fr. 135.","og_url":"https:\/\/flowerevents.com\/fr\/produkt\/gesteckter-blumen-korb\/","og_site_name":"Blumen Florist Luzern Blumenonline","article_publisher":"https:\/\/www.facebook.com\/flowerevents.ch","article_modified_time":"2025-10-13T09:48:08+00:00","og_image":[{"width":1067,"height":1067,"url":"https:\/\/flowerevents.com\/wp-content\/uploads\/2024\/04\/korb_get_q.jpg","type":"image\/jpeg"}],"twitter_card":"summary_large_image","twitter_misc":{"Dur\u00e9e de lecture estim\u00e9e":"1 minute"},"schema":{"@context":"https:\/\/schema.org","@graph":[{"@type":"WebPage","@id":"https:\/\/flowerevents.com\/fr\/produkt\/gesteckter-blumen-korb\/","url":"https:\/\/flowerevents.com\/fr\/produkt\/gesteckter-blumen-korb\/","name":"Corbeille de fleurs - Blumen Florist Luzern Blumenonline","isPartOf":{"@id":"https:\/\/flowerevents.com\/fr\/#website"},"primaryImageOfPage":{"@id":"https:\/\/flowerevents.com\/fr\/produkt\/gesteckter-blumen-korb\/#primaryimage"},"image":{"@id":"https:\/\/flowerevents.com\/fr\/produkt\/gesteckter-blumen-korb\/#primaryimage"},"thumbnailUrl":"https:\/\/i0.wp.com\/flowerevents.com\/wp-content\/uploads\/2024\/04\/korb_get_q.jpg?fit=1067%2C1067&ssl=1","datePublished":"2025-02-24T17:12:43+00:00","dateModified":"2025-10-13T09:48:08+00:00","breadcrumb":{"@id":"https:\/\/flowerevents.com\/fr\/produkt\/gesteckter-blumen-korb\/#breadcrumb"},"inLanguage":"fr-FR","potentialAction":[{"@type":"ReadAction","target":["https:\/\/flowerevents.com\/fr\/produkt\/gesteckter-blumen-korb\/"]}]},{"@type":"ImageObject","inLanguage":"fr-FR","@id":"https:\/\/flowerevents.com\/fr\/produkt\/gesteckter-blumen-korb\/#primaryimage","url":"https:\/\/i0.wp.com\/flowerevents.com\/wp-content\/uploads\/2024\/04\/korb_get_q.jpg?fit=1067%2C1067&ssl=1","contentUrl":"https:\/\/i0.wp.com\/flowerevents.com\/wp-content\/uploads\/2024\/04\/korb_get_q.jpg?fit=1067%2C1067&ssl=1","width":1067,"height":1067},{"@type":"BreadcrumbList","@id":"https:\/\/flowerevents.com\/fr\/produkt\/gesteckter-blumen-korb\/#breadcrumb","itemListElement":[{"@type":"ListItem","position":1,"name":"Startseite","item":"https:\/\/flowerevents.com\/fr\/"},{"@type":"ListItem","position":2,"name":"Boutique","item":"https:\/\/flowerevents.com\/blumen-online-luzern\/"},{"@type":"ListItem","position":3,"name":"Corbeille de fleurs"}]},{"@type":"WebSite","@id":"https:\/\/flowerevents.com\/fr\/#website","url":"https:\/\/flowerevents.com\/fr\/","name":"Flowerevents","description":"Wenn es um Blumiges geht - die sch\u00f6nste Blumengesch\u00e4ft von Luzern","alternateName":"Blumen Luzern Flowerevents","potentialAction":[{"@type":"SearchAction","target":{"@type":"EntryPoint","urlTemplate":"https:\/\/flowerevents.com\/fr\/?s={search_term_string}"},"query-input":{"@type":"PropertyValueSpecification","valueRequired":true,"valueName":"search_term_string"}}],"inLanguage":"fr-FR"}]}},"_links":{"self":[{"href":"https:\/\/flowerevents.com\/fr\/wp-json\/wp\/v2\/product\/15916"}],"collection":[{"href":"https:\/\/flowerevents.com\/fr\/wp-json\/wp\/v2\/product"}],"about":[{"href":"https:\/\/flowerevents.com\/fr\/wp-json\/wp\/v2\/types\/product"}],"wp:featuredmedia":[{"embeddable":true,"href":"https:\/\/flowerevents.com\/fr\/wp-json\/wp\/v2\/media\/2302"}],"wp:attachment":[{"href":"https:\/\/flowerevents.com\/fr\/wp-json\/wp\/v2\/media?parent=15916"}],"wp:term":[{"taxonomy":"product_brand","embeddable":true,"href":"https:\/\/flowerevents.com\/fr\/wp-json\/wp\/v2\/product_brand?post=15916"},{"taxonomy":"product_cat","embeddable":true,"href":"https:\/\/flowerevents.com\/fr\/wp-json\/wp\/v2\/product_cat?post=15916"},{"taxonomy":"product_tag","embeddable":true,"href":"https:\/\/flowerevents.com\/fr\/wp-json\/wp\/v2\/product_tag?post=15916"}],"curies":[{"name":"wp","href":"https:\/\/api.w.org\/{rel}","templated":true}]}}