{"id":15911,"date":"2025-02-24T18:12:42","date_gmt":"2025-02-24T17:12:42","guid":{"rendered":"https:\/\/flowerevents.com\/?post_type=product&#038;p=15911"},"modified":"2025-10-13T11:44:01","modified_gmt":"2025-10-13T09:44:01","slug":"bouquet-de-coeurs-a-lorange","status":"publish","type":"product","link":"https:\/\/flowerevents.com\/fr\/produkt\/bouquet-de-coeurs-a-lorange\/","title":{"rendered":"Bouquet de c\u0153urs \u00e0 l\u2019orange"},"content":{"rendered":"<p><span style=\"color: #993366;\">Bouquet dans une manchette en forme de c\u0153ur avec roses Prot\u00e9e \u00e0 l&rsquo;aiguille, fleurs d&rsquo;orchid\u00e9e et divers accessoires<\/span><\/p>\n","protected":false},"excerpt":{"rendered":"<p><span style=\"color: #993366;\">Bouquet de c\u0153urs en orange-rouge<\/span><br \/>\n<span style=\"color: #993366;\">(bouquet image : Fr.68.-)<\/span><\/p>\n","protected":false},"featured_media":2296,"template":"","meta":[],"product_brand":[],"product_cat":[486,473],"product_tag":[],"class_list":{"0":"post-15911","1":"product","2":"type-product","3":"status-publish","4":"has-post-thumbnail","6":"product_cat-bouquet-de-coeur","7":"product_cat-bouquets","8":"product_shipping_class-blumen-versand-fr-2","10":"first","11":"instock","12":"shipping-taxable","13":"purchasable","14":"product-type-simple"},"yoast_head":"<!-- This site is optimized with the Yoast SEO Premium plugin v24.9 (Yoast SEO v24.9) - https:\/\/yoast.com\/wordpress\/plugins\/seo\/ -->\n<title>Bouquet de c\u0153urs \u00e0 l\u2019orange - Blumen Florist Luzern Blumenonline<\/title>\n<meta name=\"robots\" content=\"index, follow, max-snippet:-1, max-image-preview:large, max-video-preview:-1\" \/>\n<link rel=\"canonical\" href=\"https:\/\/flowerevents.com\/fr\/produkt\/bouquet-de-coeurs-a-lorange\/\" \/>\n<meta property=\"og:locale\" content=\"fr_FR\" \/>\n<meta property=\"og:type\" content=\"article\" \/>\n<meta property=\"og:title\" content=\"Bouquet de c\u0153urs \u00e0 l\u2019orange\" \/>\n<meta property=\"og:description\" content=\"Bouquet de c\u0153urs en orange-rouge (bouquet image : Fr.68.-)\" \/>\n<meta property=\"og:url\" content=\"https:\/\/flowerevents.com\/fr\/produkt\/bouquet-de-coeurs-a-lorange\/\" \/>\n<meta property=\"og:site_name\" content=\"Blumen Florist Luzern Blumenonline\" \/>\n<meta property=\"article:publisher\" content=\"https:\/\/www.facebook.com\/flowerevents.ch\" \/>\n<meta property=\"article:modified_time\" content=\"2025-10-13T09:44:01+00:00\" \/>\n<meta property=\"og:image\" content=\"https:\/\/flowerevents.com\/wp-content\/uploads\/2024\/04\/DSC_3094-Kopie.jpg\" \/>\n\t<meta property=\"og:image:width\" content=\"1067\" \/>\n\t<meta property=\"og:image:height\" content=\"1067\" \/>\n\t<meta property=\"og:image:type\" content=\"image\/jpeg\" \/>\n<meta name=\"twitter:card\" content=\"summary_large_image\" \/>\n<meta name=\"twitter:label1\" content=\"Dur\u00e9e de lecture estim\u00e9e\" \/>\n\t<meta name=\"twitter:data1\" content=\"1 minute\" \/>\n<script type=\"application\/ld+json\" class=\"yoast-schema-graph\">{\"@context\":\"https:\/\/schema.org\",\"@graph\":[{\"@type\":\"WebPage\",\"@id\":\"https:\/\/flowerevents.com\/fr\/produkt\/bouquet-de-coeurs-a-lorange\/\",\"url\":\"https:\/\/flowerevents.com\/fr\/produkt\/bouquet-de-coeurs-a-lorange\/\",\"name\":\"Bouquet de c\u0153urs \u00e0 l\u2019orange - Blumen Florist Luzern Blumenonline\",\"isPartOf\":{\"@id\":\"https:\/\/flowerevents.com\/fr\/#website\"},\"primaryImageOfPage\":{\"@id\":\"https:\/\/flowerevents.com\/fr\/produkt\/bouquet-de-coeurs-a-lorange\/#primaryimage\"},\"image\":{\"@id\":\"https:\/\/flowerevents.com\/fr\/produkt\/bouquet-de-coeurs-a-lorange\/#primaryimage\"},\"thumbnailUrl\":\"https:\/\/i0.wp.com\/flowerevents.com\/wp-content\/uploads\/2024\/04\/DSC_3094-Kopie.jpg?fit=1067%2C1067&ssl=1\",\"datePublished\":\"2025-02-24T17:12:42+00:00\",\"dateModified\":\"2025-10-13T09:44:01+00:00\",\"breadcrumb\":{\"@id\":\"https:\/\/flowerevents.com\/fr\/produkt\/bouquet-de-coeurs-a-lorange\/#breadcrumb\"},\"inLanguage\":\"fr-FR\",\"potentialAction\":[{\"@type\":\"ReadAction\",\"target\":[\"https:\/\/flowerevents.com\/fr\/produkt\/bouquet-de-coeurs-a-lorange\/\"]}]},{\"@type\":\"ImageObject\",\"inLanguage\":\"fr-FR\",\"@id\":\"https:\/\/flowerevents.com\/fr\/produkt\/bouquet-de-coeurs-a-lorange\/#primaryimage\",\"url\":\"https:\/\/i0.wp.com\/flowerevents.com\/wp-content\/uploads\/2024\/04\/DSC_3094-Kopie.jpg?fit=1067%2C1067&ssl=1\",\"contentUrl\":\"https:\/\/i0.wp.com\/flowerevents.com\/wp-content\/uploads\/2024\/04\/DSC_3094-Kopie.jpg?fit=1067%2C1067&ssl=1\",\"width\":1067,\"height\":1067},{\"@type\":\"BreadcrumbList\",\"@id\":\"https:\/\/flowerevents.com\/fr\/produkt\/bouquet-de-coeurs-a-lorange\/#breadcrumb\",\"itemListElement\":[{\"@type\":\"ListItem\",\"position\":1,\"name\":\"Startseite\",\"item\":\"https:\/\/flowerevents.com\/fr\/\"},{\"@type\":\"ListItem\",\"position\":2,\"name\":\"Boutique\",\"item\":\"https:\/\/flowerevents.com\/blumen-online-luzern\/\"},{\"@type\":\"ListItem\",\"position\":3,\"name\":\"Bouquet de c\u0153urs \u00e0 l\u2019orange\"}]},{\"@type\":\"WebSite\",\"@id\":\"https:\/\/flowerevents.com\/fr\/#website\",\"url\":\"https:\/\/flowerevents.com\/fr\/\",\"name\":\"Flowerevents\",\"description\":\"Wenn es um Blumiges geht - die sch\u00f6nste Blumengesch\u00e4ft von Luzern\",\"alternateName\":\"Blumen Luzern Flowerevents\",\"potentialAction\":[{\"@type\":\"SearchAction\",\"target\":{\"@type\":\"EntryPoint\",\"urlTemplate\":\"https:\/\/flowerevents.com\/fr\/?s={search_term_string}\"},\"query-input\":{\"@type\":\"PropertyValueSpecification\",\"valueRequired\":true,\"valueName\":\"search_term_string\"}}],\"inLanguage\":\"fr-FR\"}]}<\/script>\n<!-- \/ Yoast SEO Premium plugin. -->","yoast_head_json":{"title":"Bouquet de c\u0153urs \u00e0 l\u2019orange - Blumen Florist Luzern Blumenonline","robots":{"index":"index","follow":"follow","max-snippet":"max-snippet:-1","max-image-preview":"max-image-preview:large","max-video-preview":"max-video-preview:-1"},"canonical":"https:\/\/flowerevents.com\/fr\/produkt\/bouquet-de-coeurs-a-lorange\/","og_locale":"fr_FR","og_type":"article","og_title":"Bouquet de c\u0153urs \u00e0 l\u2019orange","og_description":"Bouquet de c\u0153urs en orange-rouge (bouquet image : Fr.68.-)","og_url":"https:\/\/flowerevents.com\/fr\/produkt\/bouquet-de-coeurs-a-lorange\/","og_site_name":"Blumen Florist Luzern Blumenonline","article_publisher":"https:\/\/www.facebook.com\/flowerevents.ch","article_modified_time":"2025-10-13T09:44:01+00:00","og_image":[{"width":1067,"height":1067,"url":"https:\/\/flowerevents.com\/wp-content\/uploads\/2024\/04\/DSC_3094-Kopie.jpg","type":"image\/jpeg"}],"twitter_card":"summary_large_image","twitter_misc":{"Dur\u00e9e de lecture estim\u00e9e":"1 minute"},"schema":{"@context":"https:\/\/schema.org","@graph":[{"@type":"WebPage","@id":"https:\/\/flowerevents.com\/fr\/produkt\/bouquet-de-coeurs-a-lorange\/","url":"https:\/\/flowerevents.com\/fr\/produkt\/bouquet-de-coeurs-a-lorange\/","name":"Bouquet de c\u0153urs \u00e0 l\u2019orange - Blumen Florist Luzern Blumenonline","isPartOf":{"@id":"https:\/\/flowerevents.com\/fr\/#website"},"primaryImageOfPage":{"@id":"https:\/\/flowerevents.com\/fr\/produkt\/bouquet-de-coeurs-a-lorange\/#primaryimage"},"image":{"@id":"https:\/\/flowerevents.com\/fr\/produkt\/bouquet-de-coeurs-a-lorange\/#primaryimage"},"thumbnailUrl":"https:\/\/i0.wp.com\/flowerevents.com\/wp-content\/uploads\/2024\/04\/DSC_3094-Kopie.jpg?fit=1067%2C1067&ssl=1","datePublished":"2025-02-24T17:12:42+00:00","dateModified":"2025-10-13T09:44:01+00:00","breadcrumb":{"@id":"https:\/\/flowerevents.com\/fr\/produkt\/bouquet-de-coeurs-a-lorange\/#breadcrumb"},"inLanguage":"fr-FR","potentialAction":[{"@type":"ReadAction","target":["https:\/\/flowerevents.com\/fr\/produkt\/bouquet-de-coeurs-a-lorange\/"]}]},{"@type":"ImageObject","inLanguage":"fr-FR","@id":"https:\/\/flowerevents.com\/fr\/produkt\/bouquet-de-coeurs-a-lorange\/#primaryimage","url":"https:\/\/i0.wp.com\/flowerevents.com\/wp-content\/uploads\/2024\/04\/DSC_3094-Kopie.jpg?fit=1067%2C1067&ssl=1","contentUrl":"https:\/\/i0.wp.com\/flowerevents.com\/wp-content\/uploads\/2024\/04\/DSC_3094-Kopie.jpg?fit=1067%2C1067&ssl=1","width":1067,"height":1067},{"@type":"BreadcrumbList","@id":"https:\/\/flowerevents.com\/fr\/produkt\/bouquet-de-coeurs-a-lorange\/#breadcrumb","itemListElement":[{"@type":"ListItem","position":1,"name":"Startseite","item":"https:\/\/flowerevents.com\/fr\/"},{"@type":"ListItem","position":2,"name":"Boutique","item":"https:\/\/flowerevents.com\/blumen-online-luzern\/"},{"@type":"ListItem","position":3,"name":"Bouquet de c\u0153urs \u00e0 l\u2019orange"}]},{"@type":"WebSite","@id":"https:\/\/flowerevents.com\/fr\/#website","url":"https:\/\/flowerevents.com\/fr\/","name":"Flowerevents","description":"Wenn es um Blumiges geht - die sch\u00f6nste Blumengesch\u00e4ft von Luzern","alternateName":"Blumen Luzern Flowerevents","potentialAction":[{"@type":"SearchAction","target":{"@type":"EntryPoint","urlTemplate":"https:\/\/flowerevents.com\/fr\/?s={search_term_string}"},"query-input":{"@type":"PropertyValueSpecification","valueRequired":true,"valueName":"search_term_string"}}],"inLanguage":"fr-FR"}]}},"_links":{"self":[{"href":"https:\/\/flowerevents.com\/fr\/wp-json\/wp\/v2\/product\/15911"}],"collection":[{"href":"https:\/\/flowerevents.com\/fr\/wp-json\/wp\/v2\/product"}],"about":[{"href":"https:\/\/flowerevents.com\/fr\/wp-json\/wp\/v2\/types\/product"}],"wp:featuredmedia":[{"embeddable":true,"href":"https:\/\/flowerevents.com\/fr\/wp-json\/wp\/v2\/media\/2296"}],"wp:attachment":[{"href":"https:\/\/flowerevents.com\/fr\/wp-json\/wp\/v2\/media?parent=15911"}],"wp:term":[{"taxonomy":"product_brand","embeddable":true,"href":"https:\/\/flowerevents.com\/fr\/wp-json\/wp\/v2\/product_brand?post=15911"},{"taxonomy":"product_cat","embeddable":true,"href":"https:\/\/flowerevents.com\/fr\/wp-json\/wp\/v2\/product_cat?post=15911"},{"taxonomy":"product_tag","embeddable":true,"href":"https:\/\/flowerevents.com\/fr\/wp-json\/wp\/v2\/product_tag?post=15911"}],"curies":[{"name":"wp","href":"https:\/\/api.w.org\/{rel}","templated":true}]}}