{"id":15890,"date":"2025-02-24T18:12:32","date_gmt":"2025-02-24T17:12:32","guid":{"rendered":"https:\/\/flowerevents.com\/?post_type=product&#038;p=15890"},"modified":"2025-02-28T17:46:55","modified_gmt":"2025-02-28T16:46:55","slug":"saison-bouquet-vert-blanc","status":"publish","type":"product","link":"https:\/\/flowerevents.com\/fr\/produkt\/saison-bouquet-vert-blanc\/","title":{"rendered":"Saison Bouquet vert-blanc"},"content":{"rendered":"<p><span style=\"color: #993366;\">Vous pouvez \u00e9galement commander ce bouquet dans d&rsquo;autres couleurs<\/span><\/p>\n","protected":false},"excerpt":{"rendered":"<p><span style=\"color: #993366;\">Bouquet de saison vert et blanc avec orchid\u00e9es (printemps)<\/span><\/p>\n<p><span style=\"color: #993366;\">Bouquet rond compos\u00e9 de renoncules, de roses, de boules de neige, de marguerites et d&rsquo;orchid\u00e9es<\/span><br \/>\n<span style=\"color: #993366;\">Selon la saison, nous adaptons la composition des fleurs.<\/span><\/p>\n","protected":false},"featured_media":10256,"template":"","meta":[],"product_brand":[],"product_cat":[473],"product_tag":[],"class_list":{"0":"post-15890","1":"product","2":"type-product","3":"status-publish","4":"has-post-thumbnail","6":"product_cat-bouquets","7":"product_shipping_class-blumen-versand-fr","9":"first","10":"instock","11":"shipping-taxable","12":"purchasable","13":"product-type-simple"},"yoast_head":"<!-- This site is optimized with the Yoast SEO Premium plugin v24.9 (Yoast SEO v24.9) - https:\/\/yoast.com\/wordpress\/plugins\/seo\/ -->\n<title>Saison Bouquet vert-blanc - Blumen Florist Luzern Blumenonline<\/title>\n<meta name=\"robots\" content=\"index, follow, max-snippet:-1, max-image-preview:large, max-video-preview:-1\" \/>\n<link rel=\"canonical\" href=\"https:\/\/flowerevents.com\/fr\/produkt\/saison-bouquet-vert-blanc\/\" \/>\n<meta property=\"og:locale\" content=\"fr_FR\" \/>\n<meta property=\"og:type\" content=\"article\" \/>\n<meta property=\"og:title\" content=\"Saison Bouquet vert-blanc\" \/>\n<meta property=\"og:description\" content=\"Bouquet de saison vert et blanc avec orchid\u00e9es (printemps)  Bouquet rond compos\u00e9 de renoncules, de roses, de boules de neige, de marguerites et d&#039;orchid\u00e9es Selon la saison, nous adaptons la composition des fleurs.\" \/>\n<meta property=\"og:url\" content=\"https:\/\/flowerevents.com\/fr\/produkt\/saison-bouquet-vert-blanc\/\" \/>\n<meta property=\"og:site_name\" content=\"Blumen Florist Luzern Blumenonline\" \/>\n<meta property=\"article:publisher\" content=\"https:\/\/www.facebook.com\/flowerevents.ch\" \/>\n<meta property=\"article:modified_time\" content=\"2025-02-28T16:46:55+00:00\" \/>\n<meta property=\"og:image\" content=\"https:\/\/i0.wp.com\/flowerevents.com\/wp-content\/uploads\/2024\/04\/str_weiss.jpg?fit=1067%2C1067&ssl=1\" \/>\n\t<meta property=\"og:image:width\" content=\"1067\" \/>\n\t<meta property=\"og:image:height\" content=\"1067\" \/>\n\t<meta property=\"og:image:type\" content=\"image\/jpeg\" \/>\n<meta name=\"twitter:card\" content=\"summary_large_image\" \/>\n<meta name=\"twitter:label1\" content=\"Dur\u00e9e de lecture estim\u00e9e\" \/>\n\t<meta name=\"twitter:data1\" content=\"1 minute\" \/>\n<script type=\"application\/ld+json\" class=\"yoast-schema-graph\">{\"@context\":\"https:\/\/schema.org\",\"@graph\":[{\"@type\":\"WebPage\",\"@id\":\"https:\/\/flowerevents.com\/fr\/produkt\/saison-bouquet-vert-blanc\/\",\"url\":\"https:\/\/flowerevents.com\/fr\/produkt\/saison-bouquet-vert-blanc\/\",\"name\":\"Saison Bouquet vert-blanc - Blumen Florist Luzern Blumenonline\",\"isPartOf\":{\"@id\":\"https:\/\/flowerevents.com\/fr\/#website\"},\"primaryImageOfPage\":{\"@id\":\"https:\/\/flowerevents.com\/fr\/produkt\/saison-bouquet-vert-blanc\/#primaryimage\"},\"image\":{\"@id\":\"https:\/\/flowerevents.com\/fr\/produkt\/saison-bouquet-vert-blanc\/#primaryimage\"},\"thumbnailUrl\":\"https:\/\/i0.wp.com\/flowerevents.com\/wp-content\/uploads\/2024\/04\/str_weiss.jpg?fit=1067%2C1067&ssl=1\",\"datePublished\":\"2025-02-24T17:12:32+00:00\",\"dateModified\":\"2025-02-28T16:46:55+00:00\",\"breadcrumb\":{\"@id\":\"https:\/\/flowerevents.com\/fr\/produkt\/saison-bouquet-vert-blanc\/#breadcrumb\"},\"inLanguage\":\"fr-FR\",\"potentialAction\":[{\"@type\":\"ReadAction\",\"target\":[\"https:\/\/flowerevents.com\/fr\/produkt\/saison-bouquet-vert-blanc\/\"]}]},{\"@type\":\"ImageObject\",\"inLanguage\":\"fr-FR\",\"@id\":\"https:\/\/flowerevents.com\/fr\/produkt\/saison-bouquet-vert-blanc\/#primaryimage\",\"url\":\"https:\/\/i0.wp.com\/flowerevents.com\/wp-content\/uploads\/2024\/04\/str_weiss.jpg?fit=1067%2C1067&ssl=1\",\"contentUrl\":\"https:\/\/i0.wp.com\/flowerevents.com\/wp-content\/uploads\/2024\/04\/str_weiss.jpg?fit=1067%2C1067&ssl=1\",\"width\":1067,\"height\":1067},{\"@type\":\"BreadcrumbList\",\"@id\":\"https:\/\/flowerevents.com\/fr\/produkt\/saison-bouquet-vert-blanc\/#breadcrumb\",\"itemListElement\":[{\"@type\":\"ListItem\",\"position\":1,\"name\":\"Startseite\",\"item\":\"https:\/\/flowerevents.com\/fr\/\"},{\"@type\":\"ListItem\",\"position\":2,\"name\":\"Boutique\",\"item\":\"https:\/\/flowerevents.com\/blumen-online-luzern\/\"},{\"@type\":\"ListItem\",\"position\":3,\"name\":\"Saison Bouquet vert-blanc\"}]},{\"@type\":\"WebSite\",\"@id\":\"https:\/\/flowerevents.com\/fr\/#website\",\"url\":\"https:\/\/flowerevents.com\/fr\/\",\"name\":\"Flowerevents\",\"description\":\"Wenn es um Blumiges geht - die sch\u00f6nste Blumengesch\u00e4ft von Luzern\",\"alternateName\":\"Blumen Luzern Flowerevents\",\"potentialAction\":[{\"@type\":\"SearchAction\",\"target\":{\"@type\":\"EntryPoint\",\"urlTemplate\":\"https:\/\/flowerevents.com\/fr\/?s={search_term_string}\"},\"query-input\":{\"@type\":\"PropertyValueSpecification\",\"valueRequired\":true,\"valueName\":\"search_term_string\"}}],\"inLanguage\":\"fr-FR\"}]}<\/script>\n<!-- \/ Yoast SEO Premium plugin. -->","yoast_head_json":{"title":"Saison Bouquet vert-blanc - Blumen Florist Luzern Blumenonline","robots":{"index":"index","follow":"follow","max-snippet":"max-snippet:-1","max-image-preview":"max-image-preview:large","max-video-preview":"max-video-preview:-1"},"canonical":"https:\/\/flowerevents.com\/fr\/produkt\/saison-bouquet-vert-blanc\/","og_locale":"fr_FR","og_type":"article","og_title":"Saison Bouquet vert-blanc","og_description":"Bouquet de saison vert et blanc avec orchid\u00e9es (printemps)  Bouquet rond compos\u00e9 de renoncules, de roses, de boules de neige, de marguerites et d'orchid\u00e9es Selon la saison, nous adaptons la composition des fleurs.","og_url":"https:\/\/flowerevents.com\/fr\/produkt\/saison-bouquet-vert-blanc\/","og_site_name":"Blumen Florist Luzern Blumenonline","article_publisher":"https:\/\/www.facebook.com\/flowerevents.ch","article_modified_time":"2025-02-28T16:46:55+00:00","og_image":[{"width":1067,"height":1067,"url":"https:\/\/i0.wp.com\/flowerevents.com\/wp-content\/uploads\/2024\/04\/str_weiss.jpg?fit=1067%2C1067&ssl=1","type":"image\/jpeg"}],"twitter_card":"summary_large_image","twitter_misc":{"Dur\u00e9e de lecture estim\u00e9e":"1 minute"},"schema":{"@context":"https:\/\/schema.org","@graph":[{"@type":"WebPage","@id":"https:\/\/flowerevents.com\/fr\/produkt\/saison-bouquet-vert-blanc\/","url":"https:\/\/flowerevents.com\/fr\/produkt\/saison-bouquet-vert-blanc\/","name":"Saison Bouquet vert-blanc - Blumen Florist Luzern Blumenonline","isPartOf":{"@id":"https:\/\/flowerevents.com\/fr\/#website"},"primaryImageOfPage":{"@id":"https:\/\/flowerevents.com\/fr\/produkt\/saison-bouquet-vert-blanc\/#primaryimage"},"image":{"@id":"https:\/\/flowerevents.com\/fr\/produkt\/saison-bouquet-vert-blanc\/#primaryimage"},"thumbnailUrl":"https:\/\/i0.wp.com\/flowerevents.com\/wp-content\/uploads\/2024\/04\/str_weiss.jpg?fit=1067%2C1067&ssl=1","datePublished":"2025-02-24T17:12:32+00:00","dateModified":"2025-02-28T16:46:55+00:00","breadcrumb":{"@id":"https:\/\/flowerevents.com\/fr\/produkt\/saison-bouquet-vert-blanc\/#breadcrumb"},"inLanguage":"fr-FR","potentialAction":[{"@type":"ReadAction","target":["https:\/\/flowerevents.com\/fr\/produkt\/saison-bouquet-vert-blanc\/"]}]},{"@type":"ImageObject","inLanguage":"fr-FR","@id":"https:\/\/flowerevents.com\/fr\/produkt\/saison-bouquet-vert-blanc\/#primaryimage","url":"https:\/\/i0.wp.com\/flowerevents.com\/wp-content\/uploads\/2024\/04\/str_weiss.jpg?fit=1067%2C1067&ssl=1","contentUrl":"https:\/\/i0.wp.com\/flowerevents.com\/wp-content\/uploads\/2024\/04\/str_weiss.jpg?fit=1067%2C1067&ssl=1","width":1067,"height":1067},{"@type":"BreadcrumbList","@id":"https:\/\/flowerevents.com\/fr\/produkt\/saison-bouquet-vert-blanc\/#breadcrumb","itemListElement":[{"@type":"ListItem","position":1,"name":"Startseite","item":"https:\/\/flowerevents.com\/fr\/"},{"@type":"ListItem","position":2,"name":"Boutique","item":"https:\/\/flowerevents.com\/blumen-online-luzern\/"},{"@type":"ListItem","position":3,"name":"Saison Bouquet vert-blanc"}]},{"@type":"WebSite","@id":"https:\/\/flowerevents.com\/fr\/#website","url":"https:\/\/flowerevents.com\/fr\/","name":"Flowerevents","description":"Wenn es um Blumiges geht - die sch\u00f6nste Blumengesch\u00e4ft von Luzern","alternateName":"Blumen Luzern Flowerevents","potentialAction":[{"@type":"SearchAction","target":{"@type":"EntryPoint","urlTemplate":"https:\/\/flowerevents.com\/fr\/?s={search_term_string}"},"query-input":{"@type":"PropertyValueSpecification","valueRequired":true,"valueName":"search_term_string"}}],"inLanguage":"fr-FR"}]}},"_links":{"self":[{"href":"https:\/\/flowerevents.com\/fr\/wp-json\/wp\/v2\/product\/15890"}],"collection":[{"href":"https:\/\/flowerevents.com\/fr\/wp-json\/wp\/v2\/product"}],"about":[{"href":"https:\/\/flowerevents.com\/fr\/wp-json\/wp\/v2\/types\/product"}],"wp:featuredmedia":[{"embeddable":true,"href":"https:\/\/flowerevents.com\/fr\/wp-json\/wp\/v2\/media\/10256"}],"wp:attachment":[{"href":"https:\/\/flowerevents.com\/fr\/wp-json\/wp\/v2\/media?parent=15890"}],"wp:term":[{"taxonomy":"product_brand","embeddable":true,"href":"https:\/\/flowerevents.com\/fr\/wp-json\/wp\/v2\/product_brand?post=15890"},{"taxonomy":"product_cat","embeddable":true,"href":"https:\/\/flowerevents.com\/fr\/wp-json\/wp\/v2\/product_cat?post=15890"},{"taxonomy":"product_tag","embeddable":true,"href":"https:\/\/flowerevents.com\/fr\/wp-json\/wp\/v2\/product_tag?post=15890"}],"curies":[{"name":"wp","href":"https:\/\/api.w.org\/{rel}","templated":true}]}}