{"id":15819,"date":"2025-02-24T18:12:09","date_gmt":"2025-02-24T17:12:09","guid":{"rendered":"https:\/\/flowerevents.com\/?post_type=product&#038;p=15819"},"modified":"2025-02-28T15:35:41","modified_gmt":"2025-02-28T14:35:41","slug":"gateau-des-fleurs","status":"publish","type":"product","link":"https:\/\/flowerevents.com\/fr\/produkt\/gateau-des-fleurs\/","title":{"rendered":"G\u00e2teau aux fleurs"},"content":{"rendered":"<h1><span style=\"color: #993366;\">G\u00e2teau aux fleurs<\/span><\/h1>\n<p><span style=\"color: #993366;\">G\u00e2teau de fleurs en rose compos\u00e9 de fleurs de saison<\/span><br \/>\n<span style=\"color: #993366;\">(La composition peut diff\u00e9rer de la photo)<\/span><br \/>\n<span style=\"color: #993366;\">Image : Fr. 118.-<\/span><\/p>\n","protected":false},"excerpt":{"rendered":"<h1><span style=\"color: #993366;\">G\u00e2teau aux fleurs<\/span><\/h1>\n<p><span style=\"color: #993366;\">G\u00e2teau de fleurs en rose compos\u00e9 de fleurs de saison<\/span><br \/>\n<span style=\"color: #993366;\">(La composition peut diff\u00e9rer de la photo)<\/span><br \/>\n<span style=\"color: #993366;\">Image : Fr. 118.-<\/span><\/p>\n","protected":false},"featured_media":1993,"template":"","meta":[],"product_brand":[],"product_cat":[805],"product_tag":[],"class_list":{"0":"post-15819","1":"product","2":"type-product","3":"status-publish","4":"has-post-thumbnail","6":"product_cat-pieces-inserees","8":"first","9":"instock","10":"shipping-taxable","11":"purchasable","12":"product-type-simple"},"yoast_head":"<!-- This site is optimized with the Yoast SEO Premium plugin v24.9 (Yoast SEO v24.9) - https:\/\/yoast.com\/wordpress\/plugins\/seo\/ -->\n<title>G\u00e2teau aux fleurs - Blumen Florist Luzern Blumenonline<\/title>\n<meta name=\"robots\" content=\"index, follow, max-snippet:-1, max-image-preview:large, max-video-preview:-1\" \/>\n<link rel=\"canonical\" href=\"https:\/\/flowerevents.com\/fr\/produkt\/gateau-des-fleurs\/\" \/>\n<meta property=\"og:locale\" content=\"fr_FR\" \/>\n<meta property=\"og:type\" content=\"article\" \/>\n<meta property=\"og:title\" content=\"G\u00e2teau aux fleurs\" \/>\n<meta property=\"og:description\" content=\"G\u00e2teau aux fleurs G\u00e2teau de fleurs en rose compos\u00e9 de fleurs de saison (La composition peut diff\u00e9rer de la photo) Image : Fr. 118.-\" \/>\n<meta property=\"og:url\" content=\"https:\/\/flowerevents.com\/fr\/produkt\/gateau-des-fleurs\/\" \/>\n<meta property=\"og:site_name\" content=\"Blumen Florist Luzern Blumenonline\" \/>\n<meta property=\"article:publisher\" content=\"https:\/\/www.facebook.com\/flowerevents.ch\" \/>\n<meta property=\"article:modified_time\" content=\"2025-02-28T14:35:41+00:00\" \/>\n<meta property=\"og:image\" content=\"https:\/\/i0.wp.com\/flowerevents.com\/wp-content\/uploads\/2024\/04\/ge_torte-e1430496645330.jpg?fit=1068%2C1068&ssl=1\" \/>\n\t<meta property=\"og:image:width\" content=\"1068\" \/>\n\t<meta property=\"og:image:height\" content=\"1068\" \/>\n\t<meta property=\"og:image:type\" content=\"image\/jpeg\" \/>\n<meta name=\"twitter:card\" content=\"summary_large_image\" \/>\n<meta name=\"twitter:label1\" content=\"Dur\u00e9e de lecture estim\u00e9e\" \/>\n\t<meta name=\"twitter:data1\" content=\"1 minute\" \/>\n<script type=\"application\/ld+json\" class=\"yoast-schema-graph\">{\"@context\":\"https:\/\/schema.org\",\"@graph\":[{\"@type\":\"WebPage\",\"@id\":\"https:\/\/flowerevents.com\/fr\/produkt\/gateau-des-fleurs\/\",\"url\":\"https:\/\/flowerevents.com\/fr\/produkt\/gateau-des-fleurs\/\",\"name\":\"G\u00e2teau aux fleurs - Blumen Florist Luzern Blumenonline\",\"isPartOf\":{\"@id\":\"https:\/\/flowerevents.com\/fr\/#website\"},\"primaryImageOfPage\":{\"@id\":\"https:\/\/flowerevents.com\/fr\/produkt\/gateau-des-fleurs\/#primaryimage\"},\"image\":{\"@id\":\"https:\/\/flowerevents.com\/fr\/produkt\/gateau-des-fleurs\/#primaryimage\"},\"thumbnailUrl\":\"https:\/\/i0.wp.com\/flowerevents.com\/wp-content\/uploads\/2024\/04\/ge_torte-e1430496645330.jpg?fit=1068%2C1068&ssl=1\",\"datePublished\":\"2025-02-24T17:12:09+00:00\",\"dateModified\":\"2025-02-28T14:35:41+00:00\",\"breadcrumb\":{\"@id\":\"https:\/\/flowerevents.com\/fr\/produkt\/gateau-des-fleurs\/#breadcrumb\"},\"inLanguage\":\"fr-FR\",\"potentialAction\":[{\"@type\":\"ReadAction\",\"target\":[\"https:\/\/flowerevents.com\/fr\/produkt\/gateau-des-fleurs\/\"]}]},{\"@type\":\"ImageObject\",\"inLanguage\":\"fr-FR\",\"@id\":\"https:\/\/flowerevents.com\/fr\/produkt\/gateau-des-fleurs\/#primaryimage\",\"url\":\"https:\/\/i0.wp.com\/flowerevents.com\/wp-content\/uploads\/2024\/04\/ge_torte-e1430496645330.jpg?fit=1068%2C1068&ssl=1\",\"contentUrl\":\"https:\/\/i0.wp.com\/flowerevents.com\/wp-content\/uploads\/2024\/04\/ge_torte-e1430496645330.jpg?fit=1068%2C1068&ssl=1\",\"width\":1068,\"height\":1068},{\"@type\":\"BreadcrumbList\",\"@id\":\"https:\/\/flowerevents.com\/fr\/produkt\/gateau-des-fleurs\/#breadcrumb\",\"itemListElement\":[{\"@type\":\"ListItem\",\"position\":1,\"name\":\"Startseite\",\"item\":\"https:\/\/flowerevents.com\/fr\/\"},{\"@type\":\"ListItem\",\"position\":2,\"name\":\"Boutique\",\"item\":\"https:\/\/flowerevents.com\/blumen-online-luzern\/\"},{\"@type\":\"ListItem\",\"position\":3,\"name\":\"G\u00e2teau aux fleurs\"}]},{\"@type\":\"WebSite\",\"@id\":\"https:\/\/flowerevents.com\/fr\/#website\",\"url\":\"https:\/\/flowerevents.com\/fr\/\",\"name\":\"Flowerevents\",\"description\":\"Wenn es um Blumiges geht - die sch\u00f6nste Blumengesch\u00e4ft von Luzern\",\"alternateName\":\"Blumen Luzern Flowerevents\",\"potentialAction\":[{\"@type\":\"SearchAction\",\"target\":{\"@type\":\"EntryPoint\",\"urlTemplate\":\"https:\/\/flowerevents.com\/fr\/?s={search_term_string}\"},\"query-input\":{\"@type\":\"PropertyValueSpecification\",\"valueRequired\":true,\"valueName\":\"search_term_string\"}}],\"inLanguage\":\"fr-FR\"}]}<\/script>\n<!-- \/ Yoast SEO Premium plugin. -->","yoast_head_json":{"title":"G\u00e2teau aux fleurs - Blumen Florist Luzern Blumenonline","robots":{"index":"index","follow":"follow","max-snippet":"max-snippet:-1","max-image-preview":"max-image-preview:large","max-video-preview":"max-video-preview:-1"},"canonical":"https:\/\/flowerevents.com\/fr\/produkt\/gateau-des-fleurs\/","og_locale":"fr_FR","og_type":"article","og_title":"G\u00e2teau aux fleurs","og_description":"G\u00e2teau aux fleurs G\u00e2teau de fleurs en rose compos\u00e9 de fleurs de saison (La composition peut diff\u00e9rer de la photo) Image : Fr. 118.-","og_url":"https:\/\/flowerevents.com\/fr\/produkt\/gateau-des-fleurs\/","og_site_name":"Blumen Florist Luzern Blumenonline","article_publisher":"https:\/\/www.facebook.com\/flowerevents.ch","article_modified_time":"2025-02-28T14:35:41+00:00","og_image":[{"width":1068,"height":1068,"url":"https:\/\/i0.wp.com\/flowerevents.com\/wp-content\/uploads\/2024\/04\/ge_torte-e1430496645330.jpg?fit=1068%2C1068&ssl=1","type":"image\/jpeg"}],"twitter_card":"summary_large_image","twitter_misc":{"Dur\u00e9e de lecture estim\u00e9e":"1 minute"},"schema":{"@context":"https:\/\/schema.org","@graph":[{"@type":"WebPage","@id":"https:\/\/flowerevents.com\/fr\/produkt\/gateau-des-fleurs\/","url":"https:\/\/flowerevents.com\/fr\/produkt\/gateau-des-fleurs\/","name":"G\u00e2teau aux fleurs - Blumen Florist Luzern Blumenonline","isPartOf":{"@id":"https:\/\/flowerevents.com\/fr\/#website"},"primaryImageOfPage":{"@id":"https:\/\/flowerevents.com\/fr\/produkt\/gateau-des-fleurs\/#primaryimage"},"image":{"@id":"https:\/\/flowerevents.com\/fr\/produkt\/gateau-des-fleurs\/#primaryimage"},"thumbnailUrl":"https:\/\/i0.wp.com\/flowerevents.com\/wp-content\/uploads\/2024\/04\/ge_torte-e1430496645330.jpg?fit=1068%2C1068&ssl=1","datePublished":"2025-02-24T17:12:09+00:00","dateModified":"2025-02-28T14:35:41+00:00","breadcrumb":{"@id":"https:\/\/flowerevents.com\/fr\/produkt\/gateau-des-fleurs\/#breadcrumb"},"inLanguage":"fr-FR","potentialAction":[{"@type":"ReadAction","target":["https:\/\/flowerevents.com\/fr\/produkt\/gateau-des-fleurs\/"]}]},{"@type":"ImageObject","inLanguage":"fr-FR","@id":"https:\/\/flowerevents.com\/fr\/produkt\/gateau-des-fleurs\/#primaryimage","url":"https:\/\/i0.wp.com\/flowerevents.com\/wp-content\/uploads\/2024\/04\/ge_torte-e1430496645330.jpg?fit=1068%2C1068&ssl=1","contentUrl":"https:\/\/i0.wp.com\/flowerevents.com\/wp-content\/uploads\/2024\/04\/ge_torte-e1430496645330.jpg?fit=1068%2C1068&ssl=1","width":1068,"height":1068},{"@type":"BreadcrumbList","@id":"https:\/\/flowerevents.com\/fr\/produkt\/gateau-des-fleurs\/#breadcrumb","itemListElement":[{"@type":"ListItem","position":1,"name":"Startseite","item":"https:\/\/flowerevents.com\/fr\/"},{"@type":"ListItem","position":2,"name":"Boutique","item":"https:\/\/flowerevents.com\/blumen-online-luzern\/"},{"@type":"ListItem","position":3,"name":"G\u00e2teau aux fleurs"}]},{"@type":"WebSite","@id":"https:\/\/flowerevents.com\/fr\/#website","url":"https:\/\/flowerevents.com\/fr\/","name":"Flowerevents","description":"Wenn es um Blumiges geht - die sch\u00f6nste Blumengesch\u00e4ft von Luzern","alternateName":"Blumen Luzern Flowerevents","potentialAction":[{"@type":"SearchAction","target":{"@type":"EntryPoint","urlTemplate":"https:\/\/flowerevents.com\/fr\/?s={search_term_string}"},"query-input":{"@type":"PropertyValueSpecification","valueRequired":true,"valueName":"search_term_string"}}],"inLanguage":"fr-FR"}]}},"_links":{"self":[{"href":"https:\/\/flowerevents.com\/fr\/wp-json\/wp\/v2\/product\/15819"}],"collection":[{"href":"https:\/\/flowerevents.com\/fr\/wp-json\/wp\/v2\/product"}],"about":[{"href":"https:\/\/flowerevents.com\/fr\/wp-json\/wp\/v2\/types\/product"}],"wp:featuredmedia":[{"embeddable":true,"href":"https:\/\/flowerevents.com\/fr\/wp-json\/wp\/v2\/media\/1993"}],"wp:attachment":[{"href":"https:\/\/flowerevents.com\/fr\/wp-json\/wp\/v2\/media?parent=15819"}],"wp:term":[{"taxonomy":"product_brand","embeddable":true,"href":"https:\/\/flowerevents.com\/fr\/wp-json\/wp\/v2\/product_brand?post=15819"},{"taxonomy":"product_cat","embeddable":true,"href":"https:\/\/flowerevents.com\/fr\/wp-json\/wp\/v2\/product_cat?post=15819"},{"taxonomy":"product_tag","embeddable":true,"href":"https:\/\/flowerevents.com\/fr\/wp-json\/wp\/v2\/product_tag?post=15819"}],"curies":[{"name":"wp","href":"https:\/\/api.w.org\/{rel}","templated":true}]}}