{"id":15758,"date":"2025-02-24T18:11:45","date_gmt":"2025-02-24T17:11:45","guid":{"rendered":"https:\/\/flowerevents.com\/?post_type=product&#038;p=15758"},"modified":"2025-02-28T13:14:08","modified_gmt":"2025-02-28T12:14:08","slug":"bouquet-de-coeur","status":"publish","type":"product","link":"https:\/\/flowerevents.com\/fr\/produkt\/bouquet-de-coeur\/","title":{"rendered":"Bouquet de coeur"},"content":{"rendered":"<p><span style=\"color: #993366;\">Anthuriums et roses rouges sont les principaux composants de ce bouquet compl\u00e9t\u00e9 par des boules de neige et du millepertuis<\/span><br \/>\n<span style=\"color: #993366;\">(Peut varier selon la saison)<\/span><\/p>\n","protected":false},"excerpt":{"rendered":"<p><span style=\"color: #993366;\">Le bouquet<\/span><span style=\"color: #993366;\">en forme de c\u0153ur<\/span><br \/>\n<span style=\"color: #993366;\">Ce bouquet li\u00e9 en forme de c\u0153ur se compose d&rsquo;anthuriums et de roses rouges et est compl\u00e9t\u00e9 par des boules de neige, du millepertuis et divers accessoires<\/span><br \/>\n<span style=\"color: #993366;\">(peut varier selon la saison)<\/span><\/p>\n","protected":false},"featured_media":1928,"template":"","meta":[],"product_brand":[],"product_cat":[486,473],"product_tag":[],"class_list":{"0":"post-15758","1":"product","2":"type-product","3":"status-publish","4":"has-post-thumbnail","6":"product_cat-bouquet-de-coeur","7":"product_cat-bouquets","8":"product_shipping_class-blumen-versand-fr","10":"first","11":"instock","12":"shipping-taxable","13":"purchasable","14":"product-type-simple"},"yoast_head":"<!-- This site is optimized with the Yoast SEO Premium plugin v24.9 (Yoast SEO v24.9) - https:\/\/yoast.com\/wordpress\/plugins\/seo\/ -->\n<title>Bouquet de coeur - Blumen Florist Luzern Blumenonline<\/title>\n<meta name=\"robots\" content=\"index, follow, max-snippet:-1, max-image-preview:large, max-video-preview:-1\" \/>\n<link rel=\"canonical\" href=\"https:\/\/flowerevents.com\/fr\/produkt\/bouquet-de-coeur\/\" \/>\n<meta property=\"og:locale\" content=\"fr_FR\" \/>\n<meta property=\"og:type\" content=\"article\" \/>\n<meta property=\"og:title\" content=\"Bouquet de coeur\" \/>\n<meta property=\"og:description\" content=\"Le bouqueten forme de c\u0153ur Ce bouquet li\u00e9 en forme de c\u0153ur se compose d&#039;anthuriums et de roses rouges et est compl\u00e9t\u00e9 par des boules de neige, du millepertuis et divers accessoires (peut varier selon la saison)\" \/>\n<meta property=\"og:url\" content=\"https:\/\/flowerevents.com\/fr\/produkt\/bouquet-de-coeur\/\" \/>\n<meta property=\"og:site_name\" content=\"Blumen Florist Luzern Blumenonline\" \/>\n<meta property=\"article:publisher\" content=\"https:\/\/www.facebook.com\/flowerevents.ch\" \/>\n<meta property=\"article:modified_time\" content=\"2025-02-28T12:14:08+00:00\" \/>\n<meta property=\"og:image\" content=\"https:\/\/i0.wp.com\/flowerevents.com\/wp-content\/uploads\/2024\/04\/herzstrauss_mt-e1430213810276.jpg?fit=1068%2C1068&ssl=1\" \/>\n\t<meta property=\"og:image:width\" content=\"1068\" \/>\n\t<meta property=\"og:image:height\" content=\"1068\" \/>\n\t<meta property=\"og:image:type\" content=\"image\/jpeg\" \/>\n<meta name=\"twitter:card\" content=\"summary_large_image\" \/>\n<meta name=\"twitter:label1\" content=\"Dur\u00e9e de lecture estim\u00e9e\" \/>\n\t<meta name=\"twitter:data1\" content=\"1 minute\" \/>\n<script type=\"application\/ld+json\" class=\"yoast-schema-graph\">{\"@context\":\"https:\/\/schema.org\",\"@graph\":[{\"@type\":\"WebPage\",\"@id\":\"https:\/\/flowerevents.com\/fr\/produkt\/bouquet-de-coeur\/\",\"url\":\"https:\/\/flowerevents.com\/fr\/produkt\/bouquet-de-coeur\/\",\"name\":\"Bouquet de coeur - Blumen Florist Luzern Blumenonline\",\"isPartOf\":{\"@id\":\"https:\/\/flowerevents.com\/fr\/#website\"},\"primaryImageOfPage\":{\"@id\":\"https:\/\/flowerevents.com\/fr\/produkt\/bouquet-de-coeur\/#primaryimage\"},\"image\":{\"@id\":\"https:\/\/flowerevents.com\/fr\/produkt\/bouquet-de-coeur\/#primaryimage\"},\"thumbnailUrl\":\"https:\/\/i0.wp.com\/flowerevents.com\/wp-content\/uploads\/2024\/04\/herzstrauss_mt-e1430213810276.jpg?fit=1068%2C1068&ssl=1\",\"datePublished\":\"2025-02-24T17:11:45+00:00\",\"dateModified\":\"2025-02-28T12:14:08+00:00\",\"breadcrumb\":{\"@id\":\"https:\/\/flowerevents.com\/fr\/produkt\/bouquet-de-coeur\/#breadcrumb\"},\"inLanguage\":\"fr-FR\",\"potentialAction\":[{\"@type\":\"ReadAction\",\"target\":[\"https:\/\/flowerevents.com\/fr\/produkt\/bouquet-de-coeur\/\"]}]},{\"@type\":\"ImageObject\",\"inLanguage\":\"fr-FR\",\"@id\":\"https:\/\/flowerevents.com\/fr\/produkt\/bouquet-de-coeur\/#primaryimage\",\"url\":\"https:\/\/i0.wp.com\/flowerevents.com\/wp-content\/uploads\/2024\/04\/herzstrauss_mt-e1430213810276.jpg?fit=1068%2C1068&ssl=1\",\"contentUrl\":\"https:\/\/i0.wp.com\/flowerevents.com\/wp-content\/uploads\/2024\/04\/herzstrauss_mt-e1430213810276.jpg?fit=1068%2C1068&ssl=1\",\"width\":1068,\"height\":1068},{\"@type\":\"BreadcrumbList\",\"@id\":\"https:\/\/flowerevents.com\/fr\/produkt\/bouquet-de-coeur\/#breadcrumb\",\"itemListElement\":[{\"@type\":\"ListItem\",\"position\":1,\"name\":\"Startseite\",\"item\":\"https:\/\/flowerevents.com\/fr\/\"},{\"@type\":\"ListItem\",\"position\":2,\"name\":\"Boutique\",\"item\":\"https:\/\/flowerevents.com\/blumen-online-luzern\/\"},{\"@type\":\"ListItem\",\"position\":3,\"name\":\"Bouquet de coeur\"}]},{\"@type\":\"WebSite\",\"@id\":\"https:\/\/flowerevents.com\/fr\/#website\",\"url\":\"https:\/\/flowerevents.com\/fr\/\",\"name\":\"Flowerevents\",\"description\":\"Wenn es um Blumiges geht - die sch\u00f6nste Blumengesch\u00e4ft von Luzern\",\"alternateName\":\"Blumen Luzern Flowerevents\",\"potentialAction\":[{\"@type\":\"SearchAction\",\"target\":{\"@type\":\"EntryPoint\",\"urlTemplate\":\"https:\/\/flowerevents.com\/fr\/?s={search_term_string}\"},\"query-input\":{\"@type\":\"PropertyValueSpecification\",\"valueRequired\":true,\"valueName\":\"search_term_string\"}}],\"inLanguage\":\"fr-FR\"}]}<\/script>\n<!-- \/ Yoast SEO Premium plugin. -->","yoast_head_json":{"title":"Bouquet de coeur - Blumen Florist Luzern Blumenonline","robots":{"index":"index","follow":"follow","max-snippet":"max-snippet:-1","max-image-preview":"max-image-preview:large","max-video-preview":"max-video-preview:-1"},"canonical":"https:\/\/flowerevents.com\/fr\/produkt\/bouquet-de-coeur\/","og_locale":"fr_FR","og_type":"article","og_title":"Bouquet de coeur","og_description":"Le bouqueten forme de c\u0153ur Ce bouquet li\u00e9 en forme de c\u0153ur se compose d'anthuriums et de roses rouges et est compl\u00e9t\u00e9 par des boules de neige, du millepertuis et divers accessoires (peut varier selon la saison)","og_url":"https:\/\/flowerevents.com\/fr\/produkt\/bouquet-de-coeur\/","og_site_name":"Blumen Florist Luzern Blumenonline","article_publisher":"https:\/\/www.facebook.com\/flowerevents.ch","article_modified_time":"2025-02-28T12:14:08+00:00","og_image":[{"width":1068,"height":1068,"url":"https:\/\/i0.wp.com\/flowerevents.com\/wp-content\/uploads\/2024\/04\/herzstrauss_mt-e1430213810276.jpg?fit=1068%2C1068&ssl=1","type":"image\/jpeg"}],"twitter_card":"summary_large_image","twitter_misc":{"Dur\u00e9e de lecture estim\u00e9e":"1 minute"},"schema":{"@context":"https:\/\/schema.org","@graph":[{"@type":"WebPage","@id":"https:\/\/flowerevents.com\/fr\/produkt\/bouquet-de-coeur\/","url":"https:\/\/flowerevents.com\/fr\/produkt\/bouquet-de-coeur\/","name":"Bouquet de coeur - Blumen Florist Luzern Blumenonline","isPartOf":{"@id":"https:\/\/flowerevents.com\/fr\/#website"},"primaryImageOfPage":{"@id":"https:\/\/flowerevents.com\/fr\/produkt\/bouquet-de-coeur\/#primaryimage"},"image":{"@id":"https:\/\/flowerevents.com\/fr\/produkt\/bouquet-de-coeur\/#primaryimage"},"thumbnailUrl":"https:\/\/i0.wp.com\/flowerevents.com\/wp-content\/uploads\/2024\/04\/herzstrauss_mt-e1430213810276.jpg?fit=1068%2C1068&ssl=1","datePublished":"2025-02-24T17:11:45+00:00","dateModified":"2025-02-28T12:14:08+00:00","breadcrumb":{"@id":"https:\/\/flowerevents.com\/fr\/produkt\/bouquet-de-coeur\/#breadcrumb"},"inLanguage":"fr-FR","potentialAction":[{"@type":"ReadAction","target":["https:\/\/flowerevents.com\/fr\/produkt\/bouquet-de-coeur\/"]}]},{"@type":"ImageObject","inLanguage":"fr-FR","@id":"https:\/\/flowerevents.com\/fr\/produkt\/bouquet-de-coeur\/#primaryimage","url":"https:\/\/i0.wp.com\/flowerevents.com\/wp-content\/uploads\/2024\/04\/herzstrauss_mt-e1430213810276.jpg?fit=1068%2C1068&ssl=1","contentUrl":"https:\/\/i0.wp.com\/flowerevents.com\/wp-content\/uploads\/2024\/04\/herzstrauss_mt-e1430213810276.jpg?fit=1068%2C1068&ssl=1","width":1068,"height":1068},{"@type":"BreadcrumbList","@id":"https:\/\/flowerevents.com\/fr\/produkt\/bouquet-de-coeur\/#breadcrumb","itemListElement":[{"@type":"ListItem","position":1,"name":"Startseite","item":"https:\/\/flowerevents.com\/fr\/"},{"@type":"ListItem","position":2,"name":"Boutique","item":"https:\/\/flowerevents.com\/blumen-online-luzern\/"},{"@type":"ListItem","position":3,"name":"Bouquet de coeur"}]},{"@type":"WebSite","@id":"https:\/\/flowerevents.com\/fr\/#website","url":"https:\/\/flowerevents.com\/fr\/","name":"Flowerevents","description":"Wenn es um Blumiges geht - die sch\u00f6nste Blumengesch\u00e4ft von Luzern","alternateName":"Blumen Luzern Flowerevents","potentialAction":[{"@type":"SearchAction","target":{"@type":"EntryPoint","urlTemplate":"https:\/\/flowerevents.com\/fr\/?s={search_term_string}"},"query-input":{"@type":"PropertyValueSpecification","valueRequired":true,"valueName":"search_term_string"}}],"inLanguage":"fr-FR"}]}},"_links":{"self":[{"href":"https:\/\/flowerevents.com\/fr\/wp-json\/wp\/v2\/product\/15758"}],"collection":[{"href":"https:\/\/flowerevents.com\/fr\/wp-json\/wp\/v2\/product"}],"about":[{"href":"https:\/\/flowerevents.com\/fr\/wp-json\/wp\/v2\/types\/product"}],"wp:featuredmedia":[{"embeddable":true,"href":"https:\/\/flowerevents.com\/fr\/wp-json\/wp\/v2\/media\/1928"}],"wp:attachment":[{"href":"https:\/\/flowerevents.com\/fr\/wp-json\/wp\/v2\/media?parent=15758"}],"wp:term":[{"taxonomy":"product_brand","embeddable":true,"href":"https:\/\/flowerevents.com\/fr\/wp-json\/wp\/v2\/product_brand?post=15758"},{"taxonomy":"product_cat","embeddable":true,"href":"https:\/\/flowerevents.com\/fr\/wp-json\/wp\/v2\/product_cat?post=15758"},{"taxonomy":"product_tag","embeddable":true,"href":"https:\/\/flowerevents.com\/fr\/wp-json\/wp\/v2\/product_tag?post=15758"}],"curies":[{"name":"wp","href":"https:\/\/api.w.org\/{rel}","templated":true}]}}