{"id":14929,"date":"2024-12-05T06:29:54","date_gmt":"2024-12-05T05:29:54","guid":{"rendered":"https:\/\/flowerevents.com\/?post_type=product&#038;p=14929"},"modified":"2025-05-07T15:58:45","modified_gmt":"2025-05-07T13:58:45","slug":"gateau-de-fleurs-avec-coeur-des-roses","status":"publish","type":"product","link":"https:\/\/flowerevents.com\/fr\/produkt\/gateau-de-fleurs-avec-coeur-des-roses\/","title":{"rendered":"G\u00e2teau de fleurs avec coeur des roses"},"content":{"rendered":"<h3><span style=\"color: #993366;\">G\u00e2teau de fleurs\u00a0<\/span><\/h3>\n<p><span style=\"color: #993366;\">G\u00e2teau aux fleurs avec petites roses rouges incorpor\u00e9es comme c\u0153ur<\/span><span style=\"color: #993366;\">(la composition peut diff\u00e9rer de l&rsquo;image) <\/span><span style=\"color: #993366;\">Illustration : Fr. 118.-<\/span><\/p>\n<p>&nbsp;<\/p>\n","protected":false},"excerpt":{"rendered":"<p><span style=\"color: #993366;\">G\u00e2teau aux fleurs avec petites roses rouges incorpor\u00e9es comme c\u0153ur<\/span><span style=\"color: #993366;\">(la composition peut diff\u00e9rer de l&rsquo;image)<\/span><span style=\"color: #993366;\">Illustration : Fr. 118.-<\/span><\/p>\n","protected":false},"featured_media":2481,"template":"","meta":[],"product_brand":[],"product_cat":[486,806,805],"product_tag":[],"class_list":{"0":"post-14929","1":"product","2":"type-product","3":"status-publish","4":"has-post-thumbnail","6":"product_cat-bouquet-de-coeur","7":"product_cat-affaires-de-coeur","8":"product_cat-pieces-inserees","9":"product_shipping_class-blumen-kurier-ohne-post-fr","11":"first","12":"instock","13":"shipping-taxable","14":"purchasable","15":"product-type-simple"},"yoast_head":"<!-- This site is optimized with the Yoast SEO Premium plugin v24.9 (Yoast SEO v24.9) - https:\/\/yoast.com\/wordpress\/plugins\/seo\/ -->\n<title>Blumen-Torte<\/title>\n<meta name=\"description\" content=\"Blumen Torte aus verschiedene saisonalen Bl\u00fcten\" \/>\n<meta name=\"robots\" content=\"index, follow, max-snippet:-1, max-image-preview:large, max-video-preview:-1\" \/>\n<link rel=\"canonical\" href=\"https:\/\/flowerevents.com\/fr\/produkt\/gateau-de-fleurs-avec-coeur-des-roses\/\" \/>\n<meta property=\"og:locale\" content=\"fr_FR\" \/>\n<meta property=\"og:type\" content=\"article\" \/>\n<meta property=\"og:title\" content=\"Blumentorte zum Valentinstag\" \/>\n<meta property=\"og:description\" content=\"Blumen Torte aus verschiedene saisonalen Bl\u00fcten\" \/>\n<meta property=\"og:url\" content=\"https:\/\/flowerevents.com\/fr\/produkt\/gateau-de-fleurs-avec-coeur-des-roses\/\" \/>\n<meta property=\"og:site_name\" content=\"Blumen Florist Luzern Blumenonline\" \/>\n<meta property=\"article:publisher\" content=\"https:\/\/www.facebook.com\/flowerevents.ch\" \/>\n<meta property=\"article:modified_time\" content=\"2025-05-07T13:58:45+00:00\" \/>\n<meta name=\"twitter:card\" content=\"summary_large_image\" \/>\n<meta name=\"twitter:title\" content=\"G\u00e2teau de fleurs avec coeur des roses\" \/>\n<meta name=\"twitter:image\" content=\"https:\/\/i0.wp.com\/flowerevents.com\/wp-content\/uploads\/2024\/04\/Torte-mit-Herz.jpg?fit=1600%2C1600&ssl=1\" \/>\n<meta name=\"twitter:label1\" content=\"Dur\u00e9e de lecture estim\u00e9e\" \/>\n\t<meta name=\"twitter:data1\" content=\"1 minute\" \/>\n<script type=\"application\/ld+json\" class=\"yoast-schema-graph\">{\"@context\":\"https:\/\/schema.org\",\"@graph\":[{\"@type\":\"WebPage\",\"@id\":\"https:\/\/flowerevents.com\/fr\/produkt\/gateau-de-fleurs-avec-coeur-des-roses\/\",\"url\":\"https:\/\/flowerevents.com\/fr\/produkt\/gateau-de-fleurs-avec-coeur-des-roses\/\",\"name\":\"Blumen-Torte\",\"isPartOf\":{\"@id\":\"https:\/\/flowerevents.com\/fr\/#website\"},\"primaryImageOfPage\":{\"@id\":\"https:\/\/flowerevents.com\/fr\/produkt\/gateau-de-fleurs-avec-coeur-des-roses\/#primaryimage\"},\"image\":{\"@id\":\"https:\/\/flowerevents.com\/fr\/produkt\/gateau-de-fleurs-avec-coeur-des-roses\/#primaryimage\"},\"thumbnailUrl\":\"https:\/\/i0.wp.com\/flowerevents.com\/wp-content\/uploads\/2024\/04\/Torte-mit-Herz.jpg?fit=1600%2C1600&ssl=1\",\"datePublished\":\"2024-12-05T05:29:54+00:00\",\"dateModified\":\"2025-05-07T13:58:45+00:00\",\"description\":\"Blumen Torte aus verschiedene saisonalen Bl\u00fcten\",\"breadcrumb\":{\"@id\":\"https:\/\/flowerevents.com\/fr\/produkt\/gateau-de-fleurs-avec-coeur-des-roses\/#breadcrumb\"},\"inLanguage\":\"fr-FR\",\"potentialAction\":[{\"@type\":\"ReadAction\",\"target\":[\"https:\/\/flowerevents.com\/fr\/produkt\/gateau-de-fleurs-avec-coeur-des-roses\/\"]}]},{\"@type\":\"ImageObject\",\"inLanguage\":\"fr-FR\",\"@id\":\"https:\/\/flowerevents.com\/fr\/produkt\/gateau-de-fleurs-avec-coeur-des-roses\/#primaryimage\",\"url\":\"https:\/\/i0.wp.com\/flowerevents.com\/wp-content\/uploads\/2024\/04\/Torte-mit-Herz.jpg?fit=1600%2C1600&ssl=1\",\"contentUrl\":\"https:\/\/i0.wp.com\/flowerevents.com\/wp-content\/uploads\/2024\/04\/Torte-mit-Herz.jpg?fit=1600%2C1600&ssl=1\",\"width\":1600,\"height\":1600},{\"@type\":\"BreadcrumbList\",\"@id\":\"https:\/\/flowerevents.com\/fr\/produkt\/gateau-de-fleurs-avec-coeur-des-roses\/#breadcrumb\",\"itemListElement\":[{\"@type\":\"ListItem\",\"position\":1,\"name\":\"Startseite\",\"item\":\"https:\/\/flowerevents.com\/fr\/\"},{\"@type\":\"ListItem\",\"position\":2,\"name\":\"Boutique\",\"item\":\"https:\/\/flowerevents.com\/blumen-online-luzern\/\"},{\"@type\":\"ListItem\",\"position\":3,\"name\":\"G\u00e2teau de fleurs avec coeur des roses\"}]},{\"@type\":\"WebSite\",\"@id\":\"https:\/\/flowerevents.com\/fr\/#website\",\"url\":\"https:\/\/flowerevents.com\/fr\/\",\"name\":\"Flowerevents\",\"description\":\"Wenn es um Blumiges geht - die sch\u00f6nste Blumengesch\u00e4ft von Luzern\",\"alternateName\":\"Blumen Luzern Flowerevents\",\"potentialAction\":[{\"@type\":\"SearchAction\",\"target\":{\"@type\":\"EntryPoint\",\"urlTemplate\":\"https:\/\/flowerevents.com\/fr\/?s={search_term_string}\"},\"query-input\":{\"@type\":\"PropertyValueSpecification\",\"valueRequired\":true,\"valueName\":\"search_term_string\"}}],\"inLanguage\":\"fr-FR\"}]}<\/script>\n<!-- \/ Yoast SEO Premium plugin. -->","yoast_head_json":{"title":"Blumen-Torte","description":"Blumen Torte aus verschiedene saisonalen Bl\u00fcten","robots":{"index":"index","follow":"follow","max-snippet":"max-snippet:-1","max-image-preview":"max-image-preview:large","max-video-preview":"max-video-preview:-1"},"canonical":"https:\/\/flowerevents.com\/fr\/produkt\/gateau-de-fleurs-avec-coeur-des-roses\/","og_locale":"fr_FR","og_type":"article","og_title":"Blumentorte zum Valentinstag","og_description":"Blumen Torte aus verschiedene saisonalen Bl\u00fcten","og_url":"https:\/\/flowerevents.com\/fr\/produkt\/gateau-de-fleurs-avec-coeur-des-roses\/","og_site_name":"Blumen Florist Luzern Blumenonline","article_publisher":"https:\/\/www.facebook.com\/flowerevents.ch","article_modified_time":"2025-05-07T13:58:45+00:00","twitter_card":"summary_large_image","twitter_title":"G\u00e2teau de fleurs avec coeur des roses","twitter_image":"https:\/\/i0.wp.com\/flowerevents.com\/wp-content\/uploads\/2024\/04\/Torte-mit-Herz.jpg?fit=1600%2C1600&ssl=1","twitter_misc":{"Dur\u00e9e de lecture estim\u00e9e":"1 minute"},"schema":{"@context":"https:\/\/schema.org","@graph":[{"@type":"WebPage","@id":"https:\/\/flowerevents.com\/fr\/produkt\/gateau-de-fleurs-avec-coeur-des-roses\/","url":"https:\/\/flowerevents.com\/fr\/produkt\/gateau-de-fleurs-avec-coeur-des-roses\/","name":"Blumen-Torte","isPartOf":{"@id":"https:\/\/flowerevents.com\/fr\/#website"},"primaryImageOfPage":{"@id":"https:\/\/flowerevents.com\/fr\/produkt\/gateau-de-fleurs-avec-coeur-des-roses\/#primaryimage"},"image":{"@id":"https:\/\/flowerevents.com\/fr\/produkt\/gateau-de-fleurs-avec-coeur-des-roses\/#primaryimage"},"thumbnailUrl":"https:\/\/i0.wp.com\/flowerevents.com\/wp-content\/uploads\/2024\/04\/Torte-mit-Herz.jpg?fit=1600%2C1600&ssl=1","datePublished":"2024-12-05T05:29:54+00:00","dateModified":"2025-05-07T13:58:45+00:00","description":"Blumen Torte aus verschiedene saisonalen Bl\u00fcten","breadcrumb":{"@id":"https:\/\/flowerevents.com\/fr\/produkt\/gateau-de-fleurs-avec-coeur-des-roses\/#breadcrumb"},"inLanguage":"fr-FR","potentialAction":[{"@type":"ReadAction","target":["https:\/\/flowerevents.com\/fr\/produkt\/gateau-de-fleurs-avec-coeur-des-roses\/"]}]},{"@type":"ImageObject","inLanguage":"fr-FR","@id":"https:\/\/flowerevents.com\/fr\/produkt\/gateau-de-fleurs-avec-coeur-des-roses\/#primaryimage","url":"https:\/\/i0.wp.com\/flowerevents.com\/wp-content\/uploads\/2024\/04\/Torte-mit-Herz.jpg?fit=1600%2C1600&ssl=1","contentUrl":"https:\/\/i0.wp.com\/flowerevents.com\/wp-content\/uploads\/2024\/04\/Torte-mit-Herz.jpg?fit=1600%2C1600&ssl=1","width":1600,"height":1600},{"@type":"BreadcrumbList","@id":"https:\/\/flowerevents.com\/fr\/produkt\/gateau-de-fleurs-avec-coeur-des-roses\/#breadcrumb","itemListElement":[{"@type":"ListItem","position":1,"name":"Startseite","item":"https:\/\/flowerevents.com\/fr\/"},{"@type":"ListItem","position":2,"name":"Boutique","item":"https:\/\/flowerevents.com\/blumen-online-luzern\/"},{"@type":"ListItem","position":3,"name":"G\u00e2teau de fleurs avec coeur des roses"}]},{"@type":"WebSite","@id":"https:\/\/flowerevents.com\/fr\/#website","url":"https:\/\/flowerevents.com\/fr\/","name":"Flowerevents","description":"Wenn es um Blumiges geht - die sch\u00f6nste Blumengesch\u00e4ft von Luzern","alternateName":"Blumen Luzern Flowerevents","potentialAction":[{"@type":"SearchAction","target":{"@type":"EntryPoint","urlTemplate":"https:\/\/flowerevents.com\/fr\/?s={search_term_string}"},"query-input":{"@type":"PropertyValueSpecification","valueRequired":true,"valueName":"search_term_string"}}],"inLanguage":"fr-FR"}]}},"_links":{"self":[{"href":"https:\/\/flowerevents.com\/fr\/wp-json\/wp\/v2\/product\/14929"}],"collection":[{"href":"https:\/\/flowerevents.com\/fr\/wp-json\/wp\/v2\/product"}],"about":[{"href":"https:\/\/flowerevents.com\/fr\/wp-json\/wp\/v2\/types\/product"}],"wp:featuredmedia":[{"embeddable":true,"href":"https:\/\/flowerevents.com\/fr\/wp-json\/wp\/v2\/media\/2481"}],"wp:attachment":[{"href":"https:\/\/flowerevents.com\/fr\/wp-json\/wp\/v2\/media?parent=14929"}],"wp:term":[{"taxonomy":"product_brand","embeddable":true,"href":"https:\/\/flowerevents.com\/fr\/wp-json\/wp\/v2\/product_brand?post=14929"},{"taxonomy":"product_cat","embeddable":true,"href":"https:\/\/flowerevents.com\/fr\/wp-json\/wp\/v2\/product_cat?post=14929"},{"taxonomy":"product_tag","embeddable":true,"href":"https:\/\/flowerevents.com\/fr\/wp-json\/wp\/v2\/product_tag?post=14929"}],"curies":[{"name":"wp","href":"https:\/\/api.w.org\/{rel}","templated":true}]}}