{"id":14919,"date":"2024-12-05T06:29:42","date_gmt":"2024-12-05T05:29:42","guid":{"rendered":"https:\/\/flowerevents.com\/?post_type=product&#038;p=14919"},"modified":"2026-02-02T17:46:54","modified_gmt":"2026-02-02T16:46:54","slug":"tulipes-francaise","status":"publish","type":"product","link":"https:\/\/flowerevents.com\/fr\/produkt\/tulipes-francaise\/","title":{"rendered":"Tulipes fran\u00e7aise"},"content":{"rendered":"<hr \/>\n<p><span style=\"color: #993366;\">Tulipes fran\u00e7aises unies ou couleurs m\u00e9lang\u00e9es<\/span><\/p>\n","protected":false},"excerpt":{"rendered":"<p><span style=\"color: #993366;\">Tulipes fran\u00e7aises de diff\u00e9rentes couleurs<\/span><\/p>\n","protected":false},"featured_media":2461,"template":"","meta":[],"product_brand":[],"product_cat":[812,807],"product_tag":[],"class_list":{"0":"post-14919","1":"product","2":"type-product","3":"status-publish","4":"has-post-thumbnail","6":"product_cat-bouquet-du-printemps","7":"product_cat-fleurs-divers","8":"product_shipping_class-blumen-versand-fr-2","10":"first","11":"instock","12":"shipping-taxable","13":"purchasable","14":"product-type-simple"},"yoast_head":"<!-- This site is optimized with the Yoast SEO Premium plugin v24.9 (Yoast SEO v24.9) - https:\/\/yoast.com\/wordpress\/plugins\/seo\/ -->\n<title>Franz\u00f6sische Tulpen Blumen Florist Luzern Blumenonline<\/title>\n<meta name=\"description\" content=\"Franz\u00f6sische Tulpen Blumen Florist Luzern Blumenonline\" \/>\n<meta name=\"robots\" content=\"index, follow, max-snippet:-1, max-image-preview:large, max-video-preview:-1\" \/>\n<link rel=\"canonical\" href=\"https:\/\/flowerevents.com\/fr\/produkt\/tulipes-francaise\/\" \/>\n<meta property=\"og:locale\" content=\"fr_FR\" \/>\n<meta property=\"og:type\" content=\"article\" \/>\n<meta property=\"og:title\" content=\"Tulipes fran\u00e7aise\" \/>\n<meta property=\"og:description\" content=\"Franz\u00f6sische Tulpen Blumen Florist Luzern Blumenonline\" \/>\n<meta property=\"og:url\" content=\"https:\/\/flowerevents.com\/fr\/produkt\/tulipes-francaise\/\" \/>\n<meta property=\"og:site_name\" content=\"Blumen Florist Luzern Blumenonline\" \/>\n<meta property=\"article:publisher\" content=\"https:\/\/www.facebook.com\/flowerevents.ch\" \/>\n<meta property=\"article:modified_time\" content=\"2026-02-02T16:46:54+00:00\" \/>\n<meta property=\"og:image\" content=\"https:\/\/flowerevents.com\/wp-content\/uploads\/2024\/04\/DSC_4949.jpg\" \/>\n\t<meta property=\"og:image:width\" content=\"1600\" \/>\n\t<meta property=\"og:image:height\" content=\"1600\" \/>\n\t<meta property=\"og:image:type\" content=\"image\/jpeg\" \/>\n<meta name=\"twitter:card\" content=\"summary_large_image\" \/>\n<meta name=\"twitter:label1\" content=\"Dur\u00e9e de lecture estim\u00e9e\" \/>\n\t<meta name=\"twitter:data1\" content=\"1 minute\" \/>\n<script type=\"application\/ld+json\" class=\"yoast-schema-graph\">{\"@context\":\"https:\/\/schema.org\",\"@graph\":[{\"@type\":\"WebPage\",\"@id\":\"https:\/\/flowerevents.com\/fr\/produkt\/tulipes-francaise\/\",\"url\":\"https:\/\/flowerevents.com\/fr\/produkt\/tulipes-francaise\/\",\"name\":\"Franz\u00f6sische Tulpen Blumen Florist Luzern Blumenonline\",\"isPartOf\":{\"@id\":\"https:\/\/flowerevents.com\/fr\/#website\"},\"primaryImageOfPage\":{\"@id\":\"https:\/\/flowerevents.com\/fr\/produkt\/tulipes-francaise\/#primaryimage\"},\"image\":{\"@id\":\"https:\/\/flowerevents.com\/fr\/produkt\/tulipes-francaise\/#primaryimage\"},\"thumbnailUrl\":\"https:\/\/i0.wp.com\/flowerevents.com\/wp-content\/uploads\/2024\/04\/DSC_4949.jpg?fit=1600%2C1600&ssl=1\",\"datePublished\":\"2024-12-05T05:29:42+00:00\",\"dateModified\":\"2026-02-02T16:46:54+00:00\",\"description\":\"Franz\u00f6sische Tulpen Blumen Florist Luzern Blumenonline\",\"breadcrumb\":{\"@id\":\"https:\/\/flowerevents.com\/fr\/produkt\/tulipes-francaise\/#breadcrumb\"},\"inLanguage\":\"fr-FR\",\"potentialAction\":[{\"@type\":\"ReadAction\",\"target\":[\"https:\/\/flowerevents.com\/fr\/produkt\/tulipes-francaise\/\"]}]},{\"@type\":\"ImageObject\",\"inLanguage\":\"fr-FR\",\"@id\":\"https:\/\/flowerevents.com\/fr\/produkt\/tulipes-francaise\/#primaryimage\",\"url\":\"https:\/\/i0.wp.com\/flowerevents.com\/wp-content\/uploads\/2024\/04\/DSC_4949.jpg?fit=1600%2C1600&ssl=1\",\"contentUrl\":\"https:\/\/i0.wp.com\/flowerevents.com\/wp-content\/uploads\/2024\/04\/DSC_4949.jpg?fit=1600%2C1600&ssl=1\",\"width\":1600,\"height\":1600},{\"@type\":\"BreadcrumbList\",\"@id\":\"https:\/\/flowerevents.com\/fr\/produkt\/tulipes-francaise\/#breadcrumb\",\"itemListElement\":[{\"@type\":\"ListItem\",\"position\":1,\"name\":\"Startseite\",\"item\":\"https:\/\/flowerevents.com\/fr\/\"},{\"@type\":\"ListItem\",\"position\":2,\"name\":\"Boutique\",\"item\":\"https:\/\/flowerevents.com\/blumen-online-luzern\/\"},{\"@type\":\"ListItem\",\"position\":3,\"name\":\"Tulipes fran\u00e7aise\"}]},{\"@type\":\"WebSite\",\"@id\":\"https:\/\/flowerevents.com\/fr\/#website\",\"url\":\"https:\/\/flowerevents.com\/fr\/\",\"name\":\"Flowerevents\",\"description\":\"Wenn es um Blumiges geht - die sch\u00f6nste Blumengesch\u00e4ft von Luzern\",\"alternateName\":\"Blumen Luzern Flowerevents\",\"potentialAction\":[{\"@type\":\"SearchAction\",\"target\":{\"@type\":\"EntryPoint\",\"urlTemplate\":\"https:\/\/flowerevents.com\/fr\/?s={search_term_string}\"},\"query-input\":{\"@type\":\"PropertyValueSpecification\",\"valueRequired\":true,\"valueName\":\"search_term_string\"}}],\"inLanguage\":\"fr-FR\"}]}<\/script>\n<!-- \/ Yoast SEO Premium plugin. -->","yoast_head_json":{"title":"Franz\u00f6sische Tulpen Blumen Florist Luzern Blumenonline","description":"Franz\u00f6sische Tulpen Blumen Florist Luzern Blumenonline","robots":{"index":"index","follow":"follow","max-snippet":"max-snippet:-1","max-image-preview":"max-image-preview:large","max-video-preview":"max-video-preview:-1"},"canonical":"https:\/\/flowerevents.com\/fr\/produkt\/tulipes-francaise\/","og_locale":"fr_FR","og_type":"article","og_title":"Tulipes fran\u00e7aise","og_description":"Franz\u00f6sische Tulpen Blumen Florist Luzern Blumenonline","og_url":"https:\/\/flowerevents.com\/fr\/produkt\/tulipes-francaise\/","og_site_name":"Blumen Florist Luzern Blumenonline","article_publisher":"https:\/\/www.facebook.com\/flowerevents.ch","article_modified_time":"2026-02-02T16:46:54+00:00","og_image":[{"width":1600,"height":1600,"url":"https:\/\/flowerevents.com\/wp-content\/uploads\/2024\/04\/DSC_4949.jpg","type":"image\/jpeg"}],"twitter_card":"summary_large_image","twitter_misc":{"Dur\u00e9e de lecture estim\u00e9e":"1 minute"},"schema":{"@context":"https:\/\/schema.org","@graph":[{"@type":"WebPage","@id":"https:\/\/flowerevents.com\/fr\/produkt\/tulipes-francaise\/","url":"https:\/\/flowerevents.com\/fr\/produkt\/tulipes-francaise\/","name":"Franz\u00f6sische Tulpen Blumen Florist Luzern Blumenonline","isPartOf":{"@id":"https:\/\/flowerevents.com\/fr\/#website"},"primaryImageOfPage":{"@id":"https:\/\/flowerevents.com\/fr\/produkt\/tulipes-francaise\/#primaryimage"},"image":{"@id":"https:\/\/flowerevents.com\/fr\/produkt\/tulipes-francaise\/#primaryimage"},"thumbnailUrl":"https:\/\/i0.wp.com\/flowerevents.com\/wp-content\/uploads\/2024\/04\/DSC_4949.jpg?fit=1600%2C1600&ssl=1","datePublished":"2024-12-05T05:29:42+00:00","dateModified":"2026-02-02T16:46:54+00:00","description":"Franz\u00f6sische Tulpen Blumen Florist Luzern Blumenonline","breadcrumb":{"@id":"https:\/\/flowerevents.com\/fr\/produkt\/tulipes-francaise\/#breadcrumb"},"inLanguage":"fr-FR","potentialAction":[{"@type":"ReadAction","target":["https:\/\/flowerevents.com\/fr\/produkt\/tulipes-francaise\/"]}]},{"@type":"ImageObject","inLanguage":"fr-FR","@id":"https:\/\/flowerevents.com\/fr\/produkt\/tulipes-francaise\/#primaryimage","url":"https:\/\/i0.wp.com\/flowerevents.com\/wp-content\/uploads\/2024\/04\/DSC_4949.jpg?fit=1600%2C1600&ssl=1","contentUrl":"https:\/\/i0.wp.com\/flowerevents.com\/wp-content\/uploads\/2024\/04\/DSC_4949.jpg?fit=1600%2C1600&ssl=1","width":1600,"height":1600},{"@type":"BreadcrumbList","@id":"https:\/\/flowerevents.com\/fr\/produkt\/tulipes-francaise\/#breadcrumb","itemListElement":[{"@type":"ListItem","position":1,"name":"Startseite","item":"https:\/\/flowerevents.com\/fr\/"},{"@type":"ListItem","position":2,"name":"Boutique","item":"https:\/\/flowerevents.com\/blumen-online-luzern\/"},{"@type":"ListItem","position":3,"name":"Tulipes fran\u00e7aise"}]},{"@type":"WebSite","@id":"https:\/\/flowerevents.com\/fr\/#website","url":"https:\/\/flowerevents.com\/fr\/","name":"Flowerevents","description":"Wenn es um Blumiges geht - die sch\u00f6nste Blumengesch\u00e4ft von Luzern","alternateName":"Blumen Luzern Flowerevents","potentialAction":[{"@type":"SearchAction","target":{"@type":"EntryPoint","urlTemplate":"https:\/\/flowerevents.com\/fr\/?s={search_term_string}"},"query-input":{"@type":"PropertyValueSpecification","valueRequired":true,"valueName":"search_term_string"}}],"inLanguage":"fr-FR"}]}},"_links":{"self":[{"href":"https:\/\/flowerevents.com\/fr\/wp-json\/wp\/v2\/product\/14919"}],"collection":[{"href":"https:\/\/flowerevents.com\/fr\/wp-json\/wp\/v2\/product"}],"about":[{"href":"https:\/\/flowerevents.com\/fr\/wp-json\/wp\/v2\/types\/product"}],"wp:featuredmedia":[{"embeddable":true,"href":"https:\/\/flowerevents.com\/fr\/wp-json\/wp\/v2\/media\/2461"}],"wp:attachment":[{"href":"https:\/\/flowerevents.com\/fr\/wp-json\/wp\/v2\/media?parent=14919"}],"wp:term":[{"taxonomy":"product_brand","embeddable":true,"href":"https:\/\/flowerevents.com\/fr\/wp-json\/wp\/v2\/product_brand?post=14919"},{"taxonomy":"product_cat","embeddable":true,"href":"https:\/\/flowerevents.com\/fr\/wp-json\/wp\/v2\/product_cat?post=14919"},{"taxonomy":"product_tag","embeddable":true,"href":"https:\/\/flowerevents.com\/fr\/wp-json\/wp\/v2\/product_tag?post=14919"}],"curies":[{"name":"wp","href":"https:\/\/api.w.org\/{rel}","templated":true}]}}