{"id":12849,"date":"2024-05-04T15:27:31","date_gmt":"2024-05-04T13:27:31","guid":{"rendered":"https:\/\/neu.flowerevents.com\/shop\/impressum-2\/"},"modified":"2024-06-10T15:13:05","modified_gmt":"2024-06-10T13:13:05","slug":"impressum-2","status":"publish","type":"page","link":"https:\/\/flowerevents.com\/fr\/boutique\/impressum-2\/","title":{"rendered":"Impressum"},"content":{"rendered":"<div>\n<div class=\"et_pb_row et_pb_row_0\">\n<div class=\"et_pb_column et_pb_column_4_4 et_pb_column_0  et_pb_css_mix_blend_mode_passthrough et-last-child\">\n<div class=\"et_pb_module et_pb_text et_pb_text_0  et_pb_text_align_left et_pb_bg_layout_light\">\n<div class=\"et_pb_text_inner\"><\/div>\n<\/div>\n<\/div>\n<\/div>\n<div class=\"et_pb_row et_pb_row_1\">\n<div class=\"et_pb_column et_pb_column_1_2 et_pb_column_1  et_pb_css_mix_blend_mode_passthrough\">\n<div class=\"et_pb_module et_pb_text et_pb_text_1  et_pb_text_align_left et_pb_bg_layout_light\">\n<div class=\"et_pb_text_inner\">\n<h1>Impressum<\/h1>\n<p><strong>Concept et texte<\/strong><br \/>Flowerevents<br \/>Luzernerstrasse 38<br \/>6045 Meggen<br \/>Telefon +41 41 378 05 05<br \/><a href=\"mailto:info@flowerevents.com\">info@flowerevents.com<br \/><\/a>www.flowerevents.com<\/p>\n<p><strong>R\u00e9daction<br \/><\/strong>Flowerevents<br \/>Luzernerstrasse 38<br \/>6045 Meggen<br \/>Telefon +41 41 378 05 05<br \/><a href=\"mailto:info@flowerevents.com\">info@flowerevents.com<br \/><\/a>www.flowerevents.com<\/p>\n<p><strong>Conception et design<br \/><\/strong>Flowerevents<br \/>Luzernerstrasse 38<br \/>6045 Meggen<br \/>Telefon +41 41 378 05 05<br \/><a href=\"mailto:info@flowerevents.com\">info@flowerevents.com<br \/><\/a>www.flowerevents.com<\/p>\n<\/div>\n<\/div>\n<\/div>\n<div class=\"et_pb_column et_pb_column_1_2 et_pb_column_2  et_pb_css_mix_blend_mode_passthrough et-last-child\">\n<div class=\"et_pb_module et_pb_text et_pb_text_2  et_pb_text_align_left et_pb_bg_layout_light\">\n<div class=\"et_pb_text_inner\">\n<\/div>\n<\/div>\n<\/div>\n<\/div>\n<div class=\"et_pb_row et_pb_row_2\">\n<div class=\"et_pb_column et_pb_column_4_4 et_pb_column_3  et_pb_css_mix_blend_mode_passthrough et-last-child\">\n<div class=\"et_pb_module et_pb_text et_pb_text_3  et_pb_text_align_left et_pb_bg_layout_light\">\n<div class=\"et_pb_text_inner\">\n<\/div>\n<\/div>\n<\/div>\n<\/div>\n<\/div>\n<div>\n<h1><strong>Impressum<\/strong><\/h1>\n<p><strong>Programmation<br \/><\/strong>David Moser<br \/>Plus und Plus AG<br \/>Felsenaustrasse 17<br \/>3004 Bern<br \/>Telefon +41 31 535 06 18<br \/><a href=\"mailto:team@plusundplus.ch\">team@plusundplus.ch<\/a><br \/>www.plusundplus.ch<\/p>\n<p><strong>Mat\u00e9riel d\u2019image<\/strong><br \/><strong><\/strong>Flowerevents<br \/>Luzernerstrasse 38<br \/>6045 Meggen<br \/>Telefon +41 41 378 05 05<br \/><a href=\"mailto:info@flowerevents.com\">info@flowerevents.com<br \/><\/a>www.flowerevents.com<\/p>\n<p><strong>Images de la boutique<\/strong><br \/>Flowerevents<br \/>Luzernerstrasse 38<br \/>6045 Meggen<br \/>Telefon +41 41 378 05 05<br \/><a href=\"mailto:info@flowerevents.com\">info@flowerevents.com<br \/><\/a>www.flowerevents.com<\/p>\n<\/div>\n<div>\n<p><strong>Inscription au registre du commerce<br \/><\/strong>Num\u00e9ro : CH10010231948<\/p>\n<p><strong>D\u00e9nomination sociale enregistr\u00e9e:<br \/><\/strong>Flowerevents<br \/>Office du registre du commerce : Lucerne<\/p>\n<p><strong>Num\u00e9ro de TVA<br \/><\/strong>CHE-105.301.1.136<\/p>\n<p><strong>Clause de non-responsabilit\u00e9<\/strong><\/p>\n<p>L&rsquo;auteur n&rsquo;assume aucune responsabilit\u00e9 quant \u00e0 la justesse, l&rsquo;exactitude, l&rsquo;actualit\u00e9, la fiabilit\u00e9 et l&rsquo;exhaustivit\u00e9 des informations.<\/p>\n<p>L&rsquo;auteur ne saurait \u00eatre tenu pour responsable des dommages mat\u00e9riels ou immat\u00e9riels qui pourraient \u00eatre caus\u00e9s par l&rsquo;acc\u00e8s aux informations diffus\u00e9es ou par leur utilisation ou non-utilisation, par le mauvais usage de la connexion ou par des probl\u00e8mes techniques.<\/p>\n<p>Toutes les\u00a0 ; offres sont sans engagement. L&rsquo;auteur se r\u00e9serve express\u00e9ment le droit de modifier,\u00a0 ; de compl\u00e9ter,\u00a0 ; d&rsquo;effacer des parties\u00a0 ; des pages ou l&rsquo;ensemble de l&rsquo;offre sans pr\u00e9avis particulier,\u00a0 ; ou de cesser la publication temporairement ou d\u00e9finitivement\u00a0 ;.<\/p>\n<p><strong>Responsabilit\u00e9 pour les liens<\/strong><\/p>\n<p>Les renvois et liens vers des sites web\u00a0 ; de tiers ne rel\u00e8vent pas de notre responsabilit\u00e9. Nous d\u00e9clinons toute responsabilit\u00e9 pour de tels sites web\u00a0 ; \u00a0 ; L&rsquo;acc\u00e8s et l&rsquo;utilisation de tels sites web\u00a0 ; se font aux propres risques de l&rsquo;utilisateur ou de l&rsquo;utilisatrice.<\/p>\n<p><strong>Droits d&rsquo;auteur<\/strong><\/p>\n<p>Les droits d&rsquo;auteur et tous les autres droits li\u00e9s aux contenus, images, photos ou autres fichiers pr\u00e9sents sur le site web appartiennent exclusivement \u00e0 la soci\u00e9t\u00e9 Flowerevents ou aux titulaires de droits sp\u00e9cialement cit\u00e9s\u00a0 ;. Pour la reproduction de tout \u00e9l\u00e9ment, l&rsquo;accord \u00e9crit des d\u00e9tenteurs des droits d&rsquo;auteur doit \u00eatre obtenu au pr\u00e9alable.<\/p>\n<p><strong>Source<\/strong><\/p>\n<p>Ces mentions l\u00e9gales ont \u00e9t\u00e9 r\u00e9dig\u00e9es le 10.06.2024 avec le g\u00e9n\u00e9rateur de mentions l\u00e9gales http:\/\/www.bag.ch\/impressum-generator de la soci\u00e9t\u00e9 Brunner Medien AG \u00e0 Kriens. La soci\u00e9t\u00e9 Brunner Medien AG \u00e0 Kriens d\u00e9cline toute responsabilit\u00e9.<\/p>\n<\/div>\n<p><!--more--><br \/>\n<!-- {\"type\":\"layout\",\"children\":[{\"type\":\"section\",\"props\":{\"image_position\":\"center-center\",\"preserve_color\":true,\"style\":\"primary\",\"title_breakpoint\":\"xl\",\"title_position\":\"top-left\",\"title_rotation\":\"left\",\"vertical_align\":\"middle\",\"width\":\"default\"},\"children\":[{\"type\":\"row\",\"props\":{\"layout\":\"1-2,1-2\"},\"children\":[{\"type\":\"column\",\"props\":{\"image_position\":\"center-center\",\"position_sticky_breakpoint\":\"m\",\"width_medium\":\"1-2\"},\"children\":[{\"type\":\"text\",\"props\":{\"column_breakpoint\":\"m\",\"content\":\"\n\n<div class=\\\"et_pb_row et_pb_row_0\\\">\\n\n\n<div class=\\\"et_pb_column et_pb_column_4_4 et_pb_column_0  et_pb_css_mix_blend_mode_passthrough et-last-child\\\">\\n\n\n<div class=\\\"et_pb_module et_pb_text et_pb_text_0  et_pb_text_align_left et_pb_bg_layout_light\\\">\\n\n\n<div class=\\\"et_pb_text_inner\\\"><\\\/div>\\n<\\\/div>\\n<\\\/div>\\n<\\\/div>\\n\n\n<div class=\\\"et_pb_row et_pb_row_1\\\">\\n\n\n<div class=\\\"et_pb_column et_pb_column_1_2 et_pb_column_1  et_pb_css_mix_blend_mode_passthrough\\\">\\n\n\n<div class=\\\"et_pb_module et_pb_text et_pb_text_1  et_pb_text_align_left et_pb_bg_layout_light\\\">\\n\n\n<div class=\\\"et_pb_text_inner\\\">\\n\n\n<h1>Impressum<\\\/h1>\\n\n\n<p><strong>Concept et texte<\\\/strong><br \\\/>Flowerevents<br \\\/>Luzernerstrasse 38<br \\\/>6045 Meggen<br \\\/>Telefon +41 41 378 05 05<br \\\/><a href=\\\"mailto:info@flowerevents.com\\\">info@flowerevents.com<br \\\/><\\\/a>www.flowerevents.com<\\\/p>\\n\n\n<p><strong>R\\u00e9daction<br \\\/><\\\/strong>Flowerevents<br \\\/>Luzernerstrasse 38<br \\\/>6045 Meggen<br \\\/>Telefon +41 41 378 05 05<br \\\/><a href=\\\"mailto:info@flowerevents.com\\\">info@flowerevents.com<br \\\/><\\\/a>www.flowerevents.com<\\\/p>\\n\n\n<p><strong>Conception et design<br \\\/><\\\/strong>Flowerevents<br \\\/>Luzernerstrasse 38<br \\\/>6045 Meggen<br \\\/>Telefon +41 41 378 05 05<br \\\/><a href=\\\"mailto:info@flowerevents.com\\\">info@flowerevents.com<br \\\/><\\\/a>www.flowerevents.com<\\\/p>\\n<\\\/div>\\n<\\\/div>\\n<\\\/div>\\n\n\n<div class=\\\"et_pb_column et_pb_column_1_2 et_pb_column_2  et_pb_css_mix_blend_mode_passthrough et-last-child\\\">\\n\n\n<div class=\\\"et_pb_module et_pb_text et_pb_text_2  et_pb_text_align_left et_pb_bg_layout_light\\\">\\n\n\n<div class=\\\"et_pb_text_inner\\\">\\n\n\n<p><\\\/p>\\n<\\\/div>\\n<\\\/div>\\n<\\\/div>\\n<\\\/div>\\n\n\n<div class=\\\"et_pb_row et_pb_row_2\\\">\\n\n\n<div class=\\\"et_pb_column et_pb_column_4_4 et_pb_column_3  et_pb_css_mix_blend_mode_passthrough et-last-child\\\">\\n\n\n<div class=\\\"et_pb_module et_pb_text et_pb_text_3  et_pb_text_align_left et_pb_bg_layout_light\\\">\\n\n\n<div class=\\\"et_pb_text_inner\\\">\\n\n\n<p><\\\/p>\\n<\\\/div>\\n<\\\/div>\\n<\\\/div>\\n<\\\/div>\",\"margin\":\"default\"}}]},{\"type\":\"column\",\"props\":{\"image_position\":\"center-center\",\"position_sticky_breakpoint\":\"m\",\"width_medium\":\"1-2\"},\"children\":[{\"type\":\"text\",\"props\":{\"column_breakpoint\":\"m\",\"content\":\"\n\n<h1><strong>Impressum<\\\/strong><\\\/h1>\\n\n\n<p><strong>Programmation<br \\\/><\\\/strong>David Moser<br \\\/>Plus und Plus AG<br \\\/>Felsenaustrasse 17<br \\\/>3004 Bern<br \\\/>Telefon +41 31 535 06 18<br \\\/><a href=\\\"mailto:team@plusundplus.ch\\\">team@plusundplus.ch<\\\/a><br \\\/>www.plusundplus.ch<\\\/p>\\n\n\n<p><strong>Mat\\u00e9riel d\\u2019image<\\\/strong><br \\\/><strong><\\\/strong>Flowerevents<br \\\/>Luzernerstrasse 38<br \\\/>6045 Meggen<br \\\/>Telefon +41 41 378 05 05<br \\\/><a href=\\\"mailto:info@flowerevents.com\\\">info@flowerevents.com<br \\\/><\\\/a>www.flowerevents.com<\\\/p>\\n\n\n<p><strong>Images de la boutique<\\\/strong><br \\\/>Flowerevents<br \\\/>Luzernerstrasse 38<br \\\/>6045 Meggen<br \\\/>Telefon +41 41 378 05 05<br \\\/><a href=\\\"mailto:info@flowerevents.com\\\">info@flowerevents.com<br \\\/><\\\/a>www.flowerevents.com<\\\/p>\",\"margin\":\"default\"}}]}]}]},{\"type\":\"section\",\"props\":{\"image_position\":\"center-center\",\"preserve_color\":true,\"style\":\"primary\",\"title_breakpoint\":\"xl\",\"title_position\":\"top-left\",\"title_rotation\":\"left\",\"vertical_align\":\"middle\",\"width\":\"default\"},\"children\":[{\"type\":\"row\",\"children\":[{\"type\":\"column\",\"props\":{\"image_position\":\"center-center\",\"position_sticky_breakpoint\":\"m\"},\"children\":[{\"type\":\"text\",\"props\":{\"column_breakpoint\":\"m\",\"content\":\"\n\n<p><strong>Inscription au registre du commerce<br \\\/><\\\/strong>Num\\u00e9ro : CH10010231948<\\\/p>\\n\n\n<p><strong>D\\u00e9nomination sociale enregistr\\u00e9e:<br \\\/><\\\/strong>Flowerevents<br \\\/>Office du registre du commerce : Lucerne<\\\/p>\\n\n\n<p><strong>Num\\u00e9ro de TVA<br \\\/><\\\/strong>CHE-105.301.1.136<\\\/p>\\n\n\n<p><strong>Clause de non-responsabilit\\u00e9<\\\/strong><\\\/p>\\n\n\n<p>L'auteur n'assume aucune responsabilit\\u00e9 quant \\u00e0 la justesse, l'exactitude, l'actualit\\u00e9, la fiabilit\\u00e9 et l'exhaustivit\\u00e9 des informations.<\\\/p>\\n\n\n<p>L'auteur ne saurait \\u00eatre tenu pour responsable des dommages mat\\u00e9riels ou immat\\u00e9riels qui pourraient \\u00eatre caus\\u00e9s par l'acc\\u00e8s aux informations diffus\\u00e9es ou par leur utilisation ou non-utilisation, par le mauvais usage de la connexion ou par des probl\\u00e8mes techniques.<\\\/p>\\n\n\n<p>Toutes les\\u00a0 ; offres sont sans engagement. L'auteur se r\\u00e9serve express\\u00e9ment le droit de modifier,\\u00a0 ; de compl\\u00e9ter,\\u00a0 ; d'effacer des parties\\u00a0 ; des pages ou l'ensemble de l'offre sans pr\\u00e9avis particulier,\\u00a0 ; ou de cesser la publication temporairement ou d\\u00e9finitivement\\u00a0 ;.<\\\/p>\\n\n\n<p><strong>Responsabilit\\u00e9 pour les liens<\\\/strong><\\\/p>\\n\n\n<p>Les renvois et liens vers des sites web\\u00a0 ; de tiers ne rel\\u00e8vent pas de notre responsabilit\\u00e9. Nous d\\u00e9clinons toute responsabilit\\u00e9 pour de tels sites web\\u00a0 ; \\u00a0 ; L'acc\\u00e8s et l'utilisation de tels sites web\\u00a0 ; se font aux propres risques de l'utilisateur ou de l'utilisatrice.<\\\/p>\\n\n\n<p><strong>Droits d'auteur<\\\/strong><\\\/p>\\n\n\n<p>Les droits d'auteur et tous les autres droits li\\u00e9s aux contenus, images, photos ou autres fichiers pr\\u00e9sents sur le site web appartiennent exclusivement \\u00e0 la soci\\u00e9t\\u00e9 Flowerevents ou aux titulaires de droits sp\\u00e9cialement cit\\u00e9s\\u00a0 ;. Pour la reproduction de tout \\u00e9l\\u00e9ment, l'accord \\u00e9crit des d\\u00e9tenteurs des droits d'auteur doit \\u00eatre obtenu au pr\\u00e9alable.<\\\/p>\\n\n\n<p><strong>Source<\\\/strong><\\\/p>\\n\n\n<p>Ces mentions l\\u00e9gales ont \\u00e9t\\u00e9 r\\u00e9dig\\u00e9es le 10.06.2024 avec le g\\u00e9n\\u00e9rateur de mentions l\\u00e9gales http:\\\/\\\/www.bag.ch\\\/impressum-generator de la soci\\u00e9t\\u00e9 Brunner Medien AG \\u00e0 Kriens. La soci\\u00e9t\\u00e9 Brunner Medien AG \\u00e0 Kriens d\\u00e9cline toute responsabilit\\u00e9.<\\\/p>\",\"margin\":\"default\"}}]}]}]},{\"type\":\"section\",\"props\":{\"image_position\":\"center-center\",\"preserve_color\":true,\"style\":\"primary\",\"title_breakpoint\":\"xl\",\"title_position\":\"top-left\",\"title_rotation\":\"left\",\"vertical_align\":\"middle\",\"width\":\"default\"},\"children\":[{\"type\":\"row\",\"children\":[{\"type\":\"column\",\"props\":{\"image_position\":\"center-center\",\"position_sticky_breakpoint\":\"m\"},\"children\":[{\"type\":\"totop\",\"props\":{\"margin\":\"default\",\"text_align\":\"right\",\"title_grid_column_gap\":\"small\",\"title_grid_row_gap\":\"small\"}}]}]}]}],\"version\":\"4.3.13\"} --><\/p>\n","protected":false},"excerpt":{"rendered":"<p>Impressum Concept et texteFlowereventsLuzernerstrasse 386045 MeggenTelefon +41 41 378 05 05info@flowerevents.comwww.flowerevents.com R\u00e9dactionFlowereventsLuzernerstrasse 386045 MeggenTelefon +41 41 378 05 05info@flowerevents.comwww.flowerevents.com Conception et designFlowereventsLuzernerstrasse 386045 MeggenTelefon +41 41 378 05 05info@flowerevents.comwww.flowerevents.com Impressum ProgrammationDavid MoserPlus und Plus AGFelsenaustrasse 173004 BernTelefon +41 31 535 06 18team@plusundplus.chwww.plusundplus.ch Mat\u00e9riel d\u2019imageFlowereventsLuzernerstrasse 386045 MeggenTelefon +41 41 378 05 05info@flowerevents.comwww.flowerevents.com Images de la boutiqueFlowereventsLuzernerstrasse [&hellip;]<\/p>\n","protected":false},"author":2,"featured_media":0,"parent":10046,"menu_order":5,"comment_status":"closed","ping_status":"closed","template":"","meta":{"footnotes":""},"class_list":["post-12849","page","type-page","status-publish","hentry"],"yoast_head":"<!-- This site is optimized with the Yoast SEO Premium plugin v24.9 (Yoast SEO v24.9) - https:\/\/yoast.com\/wordpress\/plugins\/seo\/ -->\n<title>Impressum - Blumen Florist Luzern Blumenonline<\/title>\n<meta name=\"description\" content=\"Blumen Blumengesch\u00e4ft Florist Luzern\" \/>\n<meta name=\"robots\" content=\"index, follow, max-snippet:-1, max-image-preview:large, max-video-preview:-1\" \/>\n<link rel=\"canonical\" href=\"https:\/\/flowerevents.com\/fr\/boutique\/impressum-2\/\" \/>\n<meta property=\"og:locale\" content=\"fr_FR\" \/>\n<meta property=\"og:type\" content=\"article\" \/>\n<meta property=\"og:title\" content=\"Impressum\" \/>\n<meta property=\"og:description\" content=\"Instagram\" \/>\n<meta property=\"og:url\" content=\"https:\/\/flowerevents.com\/fr\/boutique\/impressum-2\/\" \/>\n<meta property=\"og:site_name\" content=\"Blumen Florist Luzern Blumenonline\" \/>\n<meta property=\"article:publisher\" content=\"https:\/\/www.facebook.com\/flowerevents.ch\" \/>\n<meta property=\"article:modified_time\" content=\"2024-06-10T13:13:05+00:00\" \/>\n<meta name=\"twitter:card\" content=\"summary_large_image\" \/>\n<meta name=\"twitter:label1\" content=\"Dur\u00e9e de lecture estim\u00e9e\" \/>\n\t<meta name=\"twitter:data1\" content=\"2 minutes\" \/>\n<script type=\"application\/ld+json\" class=\"yoast-schema-graph\">{\"@context\":\"https:\/\/schema.org\",\"@graph\":[{\"@type\":\"WebPage\",\"@id\":\"https:\/\/flowerevents.com\/fr\/boutique\/impressum-2\/\",\"url\":\"https:\/\/flowerevents.com\/fr\/boutique\/impressum-2\/\",\"name\":\"Impressum - Blumen Florist Luzern Blumenonline\",\"isPartOf\":{\"@id\":\"https:\/\/flowerevents.com\/fr\/#website\"},\"datePublished\":\"2024-05-04T13:27:31+00:00\",\"dateModified\":\"2024-06-10T13:13:05+00:00\",\"description\":\"Blumen Blumengesch\u00e4ft Florist Luzern\",\"breadcrumb\":{\"@id\":\"https:\/\/flowerevents.com\/fr\/boutique\/impressum-2\/#breadcrumb\"},\"inLanguage\":\"fr-FR\",\"potentialAction\":[{\"@type\":\"ReadAction\",\"target\":[\"https:\/\/flowerevents.com\/fr\/boutique\/impressum-2\/\"]}]},{\"@type\":\"BreadcrumbList\",\"@id\":\"https:\/\/flowerevents.com\/fr\/boutique\/impressum-2\/#breadcrumb\",\"itemListElement\":[{\"@type\":\"ListItem\",\"position\":1,\"name\":\"Startseite\",\"item\":\"https:\/\/flowerevents.com\/fr\/\"},{\"@type\":\"ListItem\",\"position\":2,\"name\":\"Boutique\",\"item\":\"https:\/\/flowerevents.com\/fr\/blumen-online-luzern\/\"},{\"@type\":\"ListItem\",\"position\":3,\"name\":\"Impressum\"}]},{\"@type\":\"WebSite\",\"@id\":\"https:\/\/flowerevents.com\/fr\/#website\",\"url\":\"https:\/\/flowerevents.com\/fr\/\",\"name\":\"Flowerevents\",\"description\":\"Wenn es um Blumiges geht - die sch\u00f6nste Blumengesch\u00e4ft von Luzern\",\"alternateName\":\"Blumen Luzern Flowerevents\",\"potentialAction\":[{\"@type\":\"SearchAction\",\"target\":{\"@type\":\"EntryPoint\",\"urlTemplate\":\"https:\/\/flowerevents.com\/fr\/?s={search_term_string}\"},\"query-input\":{\"@type\":\"PropertyValueSpecification\",\"valueRequired\":true,\"valueName\":\"search_term_string\"}}],\"inLanguage\":\"fr-FR\"}]}<\/script>\n<!-- \/ Yoast SEO Premium plugin. -->","yoast_head_json":{"title":"Impressum - Blumen Florist Luzern Blumenonline","description":"Blumen Blumengesch\u00e4ft Florist Luzern","robots":{"index":"index","follow":"follow","max-snippet":"max-snippet:-1","max-image-preview":"max-image-preview:large","max-video-preview":"max-video-preview:-1"},"canonical":"https:\/\/flowerevents.com\/fr\/boutique\/impressum-2\/","og_locale":"fr_FR","og_type":"article","og_title":"Impressum","og_description":"Instagram","og_url":"https:\/\/flowerevents.com\/fr\/boutique\/impressum-2\/","og_site_name":"Blumen Florist Luzern Blumenonline","article_publisher":"https:\/\/www.facebook.com\/flowerevents.ch","article_modified_time":"2024-06-10T13:13:05+00:00","twitter_card":"summary_large_image","twitter_misc":{"Dur\u00e9e de lecture estim\u00e9e":"2 minutes"},"schema":{"@context":"https:\/\/schema.org","@graph":[{"@type":"WebPage","@id":"https:\/\/flowerevents.com\/fr\/boutique\/impressum-2\/","url":"https:\/\/flowerevents.com\/fr\/boutique\/impressum-2\/","name":"Impressum - Blumen Florist Luzern Blumenonline","isPartOf":{"@id":"https:\/\/flowerevents.com\/fr\/#website"},"datePublished":"2024-05-04T13:27:31+00:00","dateModified":"2024-06-10T13:13:05+00:00","description":"Blumen Blumengesch\u00e4ft Florist Luzern","breadcrumb":{"@id":"https:\/\/flowerevents.com\/fr\/boutique\/impressum-2\/#breadcrumb"},"inLanguage":"fr-FR","potentialAction":[{"@type":"ReadAction","target":["https:\/\/flowerevents.com\/fr\/boutique\/impressum-2\/"]}]},{"@type":"BreadcrumbList","@id":"https:\/\/flowerevents.com\/fr\/boutique\/impressum-2\/#breadcrumb","itemListElement":[{"@type":"ListItem","position":1,"name":"Startseite","item":"https:\/\/flowerevents.com\/fr\/"},{"@type":"ListItem","position":2,"name":"Boutique","item":"https:\/\/flowerevents.com\/fr\/blumen-online-luzern\/"},{"@type":"ListItem","position":3,"name":"Impressum"}]},{"@type":"WebSite","@id":"https:\/\/flowerevents.com\/fr\/#website","url":"https:\/\/flowerevents.com\/fr\/","name":"Flowerevents","description":"Wenn es um Blumiges geht - die sch\u00f6nste Blumengesch\u00e4ft von Luzern","alternateName":"Blumen Luzern Flowerevents","potentialAction":[{"@type":"SearchAction","target":{"@type":"EntryPoint","urlTemplate":"https:\/\/flowerevents.com\/fr\/?s={search_term_string}"},"query-input":{"@type":"PropertyValueSpecification","valueRequired":true,"valueName":"search_term_string"}}],"inLanguage":"fr-FR"}]}},"_links":{"self":[{"href":"https:\/\/flowerevents.com\/fr\/wp-json\/wp\/v2\/pages\/12849"}],"collection":[{"href":"https:\/\/flowerevents.com\/fr\/wp-json\/wp\/v2\/pages"}],"about":[{"href":"https:\/\/flowerevents.com\/fr\/wp-json\/wp\/v2\/types\/page"}],"author":[{"embeddable":true,"href":"https:\/\/flowerevents.com\/fr\/wp-json\/wp\/v2\/users\/2"}],"replies":[{"embeddable":true,"href":"https:\/\/flowerevents.com\/fr\/wp-json\/wp\/v2\/comments?post=12849"}],"version-history":[{"count":3,"href":"https:\/\/flowerevents.com\/fr\/wp-json\/wp\/v2\/pages\/12849\/revisions"}],"predecessor-version":[{"id":12917,"href":"https:\/\/flowerevents.com\/fr\/wp-json\/wp\/v2\/pages\/12849\/revisions\/12917"}],"up":[{"embeddable":true,"href":"https:\/\/flowerevents.com\/fr\/wp-json\/wp\/v2\/pages\/10046"}],"wp:attachment":[{"href":"https:\/\/flowerevents.com\/fr\/wp-json\/wp\/v2\/media?parent=12849"}],"curies":[{"name":"wp","href":"https:\/\/api.w.org\/{rel}","templated":true}]}}