{"id":12075,"date":"2024-05-31T17:15:46","date_gmt":"2024-05-31T15:15:46","guid":{"rendered":"https:\/\/neu.flowerevents.com\/?page_id=12075"},"modified":"2024-06-01T07:02:54","modified_gmt":"2024-06-01T05:02:54","slug":"mobach-ceramique","status":"publish","type":"page","link":"https:\/\/flowerevents.com\/fr\/accessoires\/mobach-ceramique\/","title":{"rendered":"Mobach C\u00e9ramique"},"content":{"rendered":"<h1>Mobach C\u00e9ramique<\/h1>\n<p><a href=\"#mobach Keramik\">Mobach C\u00e9ramique<\/a><\/p>\n<div>\n<p>Mobach C\u00e9ramique est un compagnon de longue date de notre secteur. L&rsquo;entreprise familiale n\u00e9erlandaise existe depuis plus de 128 ans.<\/p>\n<p>Des cache-pots, des vases et des coupes de grande qualit\u00e9, de diff\u00e9rentes formes et tailles, se distinguent par leur design intemporel et leurs diff\u00e9rents \u00e9maux.<\/p>\n<\/div>\n<ul>\n<li>\n        <a href=\"https:\/\/flowerevents.com\/accessoires\/atelier-vierkant\/\">Atelier Vierkant<\/a>\n    <\/li>\n<li>\n        <a href=\"https:\/\/flowerevents.com\/accessoires\/guaxs\/\">Guaxs Vasen<\/a>\n    <\/li>\n<li>\n        <a href=\"https:\/\/flowerevents.com\/accessoires\/naturform\/\">Naturform<\/a>\n    <\/li>\n<\/ul>\n<ul>\n<li>\n<p>        <img decoding=\"async\" src=\"\/wp-content\/uploads\/2024\/04\/qmo_messe2.jpg\" alt=\"\"><\/p>\n<h1>Mobach C\u00e9ramique<\/h1>\n<div>\n<p style=\"text-align: center;\">Divers grands pots<\/p>\n<\/div>\n<\/li>\n<li>\n<p>        <img decoding=\"async\" src=\"\/wp-content\/uploads\/2024\/04\/mo_mese5.jpg\" alt=\"\"><\/p>\n<h1>Mobach<\/h1>\n<div>\n<p style=\"text-align: center;\">Stand d&rsquo;exposition Paris<\/p>\n<\/div>\n<\/li>\n<li>\n<p>        <img decoding=\"async\" src=\"\/wp-content\/uploads\/2024\/04\/mo_150-170.jpg\" alt=\"\"><\/p>\n<h1>Mobach C\u00e9ramique<\/h1>\n<div>\n<p style=\"text-align: center;\">Divers vases<\/p>\n<\/div>\n<\/li>\n<li>\n<p>        <img decoding=\"async\" src=\"\/wp-content\/uploads\/2024\/04\/mo_15_paris9.jpg\" alt=\"\"><\/p>\n<h1>Mobach C\u00e9ramique<\/h1>\n<div>\n<p style=\"text-align: center;\">Mod\u00e8les KM\u00a0 ;<\/p>\n<\/div>\n<\/li>\n<li>\n<p>        <img decoding=\"async\" src=\"\/wp-content\/uploads\/2024\/04\/mo_15_paris5.jpg\" alt=\"\"><\/p>\n<h1>Mobach C\u00e9ramique<\/h1>\n<div>\n<p style=\"text-align: center;\">Divers vases<\/p>\n<\/div>\n<\/li>\n<li>\n<p>        <img decoding=\"async\" src=\"\/wp-content\/uploads\/2024\/04\/IMG_9691.jpg\" alt=\"\"><\/p>\n<h1>Mobach C\u00e9ramique<\/h1>\n<div>\n<p style=\"text-align: center;\">Divers petits pots<\/p>\n<\/div>\n<\/li>\n<li>\n<p>        <img decoding=\"async\" src=\"\/wp-content\/uploads\/2024\/04\/Tulip-Vase.jpg\" alt=\"\"><\/p>\n<h1>Mobach C\u00e9ramique<\/h1>\n<div>\n<p style=\"text-align: center;\">Vase tulipe<\/p>\n<\/div>\n<\/li>\n<\/ul>\n<p><!--more--><br \/>\n<!-- {\"type\":\"layout\",\"children\":[{\"type\":\"section\",\"props\":{\"header_transparent\":false,\"header_transparent_noplaceholder\":false,\"height_offset_top\":false,\"image\":\"wp-content\\\/uploads\\\/2024\\\/05\\\/s2.mo_JS1-10.jpg\",\"image_loading\":true,\"image_parallax_bgy\":\"400\",\"image_position\":\"center-center\",\"image_size\":\"cover\",\"media_focal_point\":\"top-center\",\"padding\":\"none\",\"padding_remove_bottom\":true,\"padding_remove_top\":true,\"preserve_color\":true,\"style\":\"primary\",\"title_breakpoint\":\"xl\",\"title_position\":\"top-left\",\"title_rotation\":\"left\",\"vertical_align\":\"middle\",\"width\":\"xlarge\"},\"children\":[{\"type\":\"row\",\"children\":[{\"type\":\"column\",\"props\":{\"image_position\":\"center-center\",\"position_sticky_breakpoint\":\"m\"},\"children\":[{\"type\":\"headline\",\"props\":{\"animation\":\"none\",\"content\":\"Mobach C\\u00e9ramique\",\"margin_remove_bottom\":true,\"margin_remove_top\":true,\"parallax_blur\":\"50\",\"parallax_opacity\":\"1,0\",\"parallax_scale\":\"0.5\",\"text_align\":\"center\",\"title_element\":\"h1\",\"title_style\":\"heading-2xlarge\"}}]}]}],\"name\":\"Hero\"},{\"type\":\"section\",\"props\":{\"header_transparent\":false,\"header_transparent_noplaceholder\":false,\"id\":\"Mobach Keramik\",\"image_position\":\"center-center\",\"padding\":\"small\",\"padding_remove_bottom\":false,\"padding_remove_horizontal\":false,\"padding_remove_top\":false,\"preserve_color\":true,\"style\":\"primary\",\"title_breakpoint\":\"xl\",\"title_position\":\"top-left\",\"title_rotation\":\"left\",\"vertical_align\":\"middle\",\"width\":\"xlarge\"},\"children\":[{\"type\":\"row\",\"props\":{\"column_gap\":\"collapse\",\"layout\":\"1-3,2-3\",\"margin\":\"default\",\"match\":false},\"children\":[{\"type\":\"column\",\"props\":{\"image_position\":\"center-center\",\"position_sticky_breakpoint\":\"m\",\"text_color\":\"dark\",\"vertical_align\":\"middle\"},\"children\":[{\"type\":\"nav\",\"props\":{\"grid\":\"1\",\"id\":\"#Mobach Keramik\",\"image_vertical_align\":true,\"nav_divider\":true,\"nav_size\":\"medium\",\"nav_style\":\"primary\",\"position_top\":\"0\",\"show_image\":true,\"show_meta\":true},\"children\":[{\"type\":\"nav_item\",\"props\":{\"content\":\"Mobach C\\u00e9ramique\",\"link\":\"#mobach Keramik\"}}],\"name\":\"Mobach Keramik\"},{\"type\":\"text\",\"props\":{\"column_breakpoint\":\"m\",\"content\":\"\n\n<p>Mobach C\\u00e9ramique est un compagnon de longue date de notre secteur. L'entreprise familiale n\\u00e9erlandaise existe depuis plus de 128 ans.<\\\/p>\\n\n\n<p>Des cache-pots, des vases et des coupes de grande qualit\\u00e9, de diff\\u00e9rentes formes et tailles, se distinguent par leur design intemporel et leurs diff\\u00e9rents \\u00e9maux.<\\\/p>\",\"margin\":\"default\"}},{\"type\":\"subnav\",\"children\":[{\"type\":\"subnav_item\",\"props\":{\"content\":\"Atelier Vierkant\",\"link\":\"https:\\\/\\\/flowerevents.com\\\/accessoires\\\/atelier-vierkant\\\/\"}},{\"type\":\"subnav_item\",\"props\":{\"content\":\"Guaxs Vasen\",\"link\":\"https:\\\/\\\/flowerevents.com\\\/accessoires\\\/guaxs\\\/\"}},{\"type\":\"subnav_item\",\"props\":{\"content\":\"Naturform\",\"link\":\"https:\\\/\\\/flowerevents.com\\\/accessoires\\\/naturform\\\/\"}}],\"props\":{\"margin\":\"default\",\"margin_remove_bottom\":false,\"margin_remove_top\":false}}]},{\"type\":\"column\",\"props\":{\"image_position\":\"center-center\",\"position_sticky_breakpoint\":\"m\"},\"children\":[{\"type\":\"slideshow\",\"props\":{\"content_margin\":\"remove\",\"link_style\":\"default\",\"link_text\":\"Read more\",\"margin\":\"default\",\"margin_remove_bottom\":true,\"margin_remove_top\":true,\"meta_align\":\"below-title\",\"meta_element\":\"div\",\"meta_style\":\"text-meta\",\"nav\":\"dotnav\",\"nav_align\":\"center\",\"nav_below\":true,\"nav_breakpoint\":\"s\",\"nav_color\":\"light\",\"nav_position\":\"bottom-center\",\"nav_position_margin\":\"medium\",\"overlay_animation\":\"parallax\",\"overlay_position\":\"bottom-center\",\"show_content\":true,\"show_link\":true,\"show_meta\":true,\"show_thumbnail\":true,\"show_title\":true,\"slidenav\":\"outside\",\"slidenav_breakpoint\":\"s\",\"slidenav_margin\":\"\",\"slidenav_outside_breakpoint\":\"xl\",\"slidenav_outside_color\":\"light\",\"slideshow_animation\":\"fade\",\"slideshow_autoplay\":true,\"slideshow_autoplay_pause\":true,\"slideshow_height\":\"viewport\",\"slideshow_min_height\":\"800\",\"thumbnav_height\":\"75\",\"thumbnav_svg_color\":\"emphasis\",\"thumbnav_width\":\"100\",\"title_element\":\"h1\",\"title_style\":\"h2\"},\"children\":[{\"type\":\"slideshow_item\",\"props\":{\"content\":\"\n\n<p style=\\\"text-align: center;\\\">Divers grands pots<\\\/p>\",\"image\":\"wp-content\\\/uploads\\\/2024\\\/04\\\/qmo_messe2.jpg\",\"title\":\"Mobach C\\u00e9ramique\"}},{\"type\":\"slideshow_item\",\"props\":{\"content\":\"\n\n<p style=\\\"text-align: center;\\\">Stand d'exposition Paris<\\\/p>\",\"image\":\"wp-content\\\/uploads\\\/2024\\\/04\\\/mo_mese5.jpg\",\"title\":\"Mobach\"}},{\"type\":\"slideshow_item\",\"props\":{\"content\":\"\n\n<p style=\\\"text-align: center;\\\">Divers vases<\\\/p>\",\"image\":\"wp-content\\\/uploads\\\/2024\\\/04\\\/mo_150-170.jpg\",\"title\":\"Mobach C\\u00e9ramique\"}},{\"type\":\"slideshow_item\",\"props\":{\"content\":\"\n\n<p style=\\\"text-align: center;\\\">Mod\\u00e8les KM\\u00a0 ;<\\\/p>\",\"image\":\"wp-content\\\/uploads\\\/2024\\\/04\\\/mo_15_paris9.jpg\",\"title\":\"Mobach C\\u00e9ramique\"}},{\"type\":\"slideshow_item\",\"props\":{\"content\":\"\n\n<p style=\\\"text-align: center;\\\">Divers vases<\\\/p>\",\"image\":\"wp-content\\\/uploads\\\/2024\\\/04\\\/mo_15_paris5.jpg\",\"title\":\"Mobach C\\u00e9ramique\"}},{\"type\":\"slideshow_item\",\"props\":{\"content\":\"\n\n<p style=\\\"text-align: center;\\\">Divers petits pots<\\\/p>\",\"image\":\"wp-content\\\/uploads\\\/2024\\\/04\\\/IMG_9691.jpg\",\"title\":\"Mobach C\\u00e9ramique\"}},{\"type\":\"slideshow_item\",\"props\":{\"content\":\"\n\n<p style=\\\"text-align: center;\\\">Vase tulipe<\\\/p>\",\"image\":\"wp-content\\\/uploads\\\/2024\\\/04\\\/Tulip-Vase.jpg\",\"title\":\"Mobach C\\u00e9ramique\"}}]}]}]}]},{\"type\":\"section\",\"props\":{\"image_position\":\"center-center\",\"padding\":\"none\",\"preserve_color\":true,\"style\":\"primary\",\"title_breakpoint\":\"xl\",\"title_position\":\"top-left\",\"title_rotation\":\"left\",\"vertical_align\":\"middle\",\"width\":\"xlarge\"},\"children\":[{\"type\":\"row\",\"children\":[{\"type\":\"column\",\"props\":{\"image_position\":\"center-center\",\"position_sticky_breakpoint\":\"m\"},\"children\":[{\"type\":\"totop\",\"props\":{\"animation\":\"none\",\"margin\":\"large\",\"margin_remove_bottom\":true,\"margin_remove_top\":true,\"text_align\":\"right\",\"title_grid_column_gap\":\"small\",\"title_grid_row_gap\":\"small\"}}]}]}]}],\"version\":\"4.3.13\"} --><\/p>\n","protected":false},"excerpt":{"rendered":"<p>Mobach C\u00e9ramique Mobach C\u00e9ramique Mobach C\u00e9ramique est un compagnon de longue date de notre secteur. L&rsquo;entreprise familiale n\u00e9erlandaise existe depuis plus de 128 ans. Des cache-pots, des vases et des coupes de grande qualit\u00e9, de diff\u00e9rentes formes et tailles, se distinguent par leur design intemporel et leurs diff\u00e9rents \u00e9maux. Atelier Vierkant Guaxs Vasen Naturform Mobach [&hellip;]<\/p>\n","protected":false},"author":2,"featured_media":0,"parent":11888,"menu_order":1,"comment_status":"closed","ping_status":"closed","template":"","meta":{"footnotes":""},"class_list":["post-12075","page","type-page","status-publish","hentry"],"yoast_head":"<!-- This site is optimized with the Yoast SEO Premium plugin v24.9 (Yoast SEO v24.9) - https:\/\/yoast.com\/wordpress\/plugins\/seo\/ -->\n<title>Mobach C\u00e9ramique - Blumen Florist Luzern Blumenonline<\/title>\n<meta name=\"description\" content=\"Blumen Blumengesch\u00e4ft Florist Luzern\" \/>\n<meta name=\"robots\" content=\"index, follow, max-snippet:-1, max-image-preview:large, max-video-preview:-1\" \/>\n<link rel=\"canonical\" href=\"https:\/\/flowerevents.com\/fr\/accessoires\/mobach-ceramique\/\" \/>\n<meta property=\"og:locale\" content=\"fr_FR\" \/>\n<meta property=\"og:type\" content=\"article\" \/>\n<meta property=\"og:title\" content=\"Mobach C\u00e9ramique\" \/>\n<meta property=\"og:description\" content=\"Instagram\" \/>\n<meta property=\"og:url\" content=\"https:\/\/flowerevents.com\/fr\/accessoires\/mobach-ceramique\/\" \/>\n<meta property=\"og:site_name\" content=\"Blumen Florist Luzern Blumenonline\" \/>\n<meta property=\"article:publisher\" content=\"https:\/\/www.facebook.com\/flowerevents.ch\" \/>\n<meta property=\"article:modified_time\" content=\"2024-06-01T05:02:54+00:00\" \/>\n<meta name=\"twitter:card\" content=\"summary_large_image\" \/>\n<script type=\"application\/ld+json\" class=\"yoast-schema-graph\">{\"@context\":\"https:\/\/schema.org\",\"@graph\":[{\"@type\":\"WebPage\",\"@id\":\"https:\/\/flowerevents.com\/fr\/accessoires\/mobach-ceramique\/\",\"url\":\"https:\/\/flowerevents.com\/fr\/accessoires\/mobach-ceramique\/\",\"name\":\"Mobach C\u00e9ramique - Blumen Florist Luzern Blumenonline\",\"isPartOf\":{\"@id\":\"https:\/\/flowerevents.com\/fr\/#website\"},\"datePublished\":\"2024-05-31T15:15:46+00:00\",\"dateModified\":\"2024-06-01T05:02:54+00:00\",\"description\":\"Blumen Blumengesch\u00e4ft Florist Luzern\",\"breadcrumb\":{\"@id\":\"https:\/\/flowerevents.com\/fr\/accessoires\/mobach-ceramique\/#breadcrumb\"},\"inLanguage\":\"fr-FR\",\"potentialAction\":[{\"@type\":\"ReadAction\",\"target\":[\"https:\/\/flowerevents.com\/fr\/accessoires\/mobach-ceramique\/\"]}]},{\"@type\":\"BreadcrumbList\",\"@id\":\"https:\/\/flowerevents.com\/fr\/accessoires\/mobach-ceramique\/#breadcrumb\",\"itemListElement\":[{\"@type\":\"ListItem\",\"position\":1,\"name\":\"Startseite\",\"item\":\"https:\/\/flowerevents.com\/fr\/\"},{\"@type\":\"ListItem\",\"position\":2,\"name\":\"Accessoires\",\"item\":\"https:\/\/flowerevents.com\/fr\/accessoires\/\"},{\"@type\":\"ListItem\",\"position\":3,\"name\":\"Mobach C\u00e9ramique\"}]},{\"@type\":\"WebSite\",\"@id\":\"https:\/\/flowerevents.com\/fr\/#website\",\"url\":\"https:\/\/flowerevents.com\/fr\/\",\"name\":\"Flowerevents\",\"description\":\"Wenn es um Blumiges geht - die sch\u00f6nste Blumengesch\u00e4ft von Luzern\",\"alternateName\":\"Blumen Luzern Flowerevents\",\"potentialAction\":[{\"@type\":\"SearchAction\",\"target\":{\"@type\":\"EntryPoint\",\"urlTemplate\":\"https:\/\/flowerevents.com\/fr\/?s={search_term_string}\"},\"query-input\":{\"@type\":\"PropertyValueSpecification\",\"valueRequired\":true,\"valueName\":\"search_term_string\"}}],\"inLanguage\":\"fr-FR\"}]}<\/script>\n<!-- \/ Yoast SEO Premium plugin. -->","yoast_head_json":{"title":"Mobach C\u00e9ramique - Blumen Florist Luzern Blumenonline","description":"Blumen Blumengesch\u00e4ft Florist Luzern","robots":{"index":"index","follow":"follow","max-snippet":"max-snippet:-1","max-image-preview":"max-image-preview:large","max-video-preview":"max-video-preview:-1"},"canonical":"https:\/\/flowerevents.com\/fr\/accessoires\/mobach-ceramique\/","og_locale":"fr_FR","og_type":"article","og_title":"Mobach C\u00e9ramique","og_description":"Instagram","og_url":"https:\/\/flowerevents.com\/fr\/accessoires\/mobach-ceramique\/","og_site_name":"Blumen Florist Luzern Blumenonline","article_publisher":"https:\/\/www.facebook.com\/flowerevents.ch","article_modified_time":"2024-06-01T05:02:54+00:00","twitter_card":"summary_large_image","schema":{"@context":"https:\/\/schema.org","@graph":[{"@type":"WebPage","@id":"https:\/\/flowerevents.com\/fr\/accessoires\/mobach-ceramique\/","url":"https:\/\/flowerevents.com\/fr\/accessoires\/mobach-ceramique\/","name":"Mobach C\u00e9ramique - Blumen Florist Luzern Blumenonline","isPartOf":{"@id":"https:\/\/flowerevents.com\/fr\/#website"},"datePublished":"2024-05-31T15:15:46+00:00","dateModified":"2024-06-01T05:02:54+00:00","description":"Blumen Blumengesch\u00e4ft Florist Luzern","breadcrumb":{"@id":"https:\/\/flowerevents.com\/fr\/accessoires\/mobach-ceramique\/#breadcrumb"},"inLanguage":"fr-FR","potentialAction":[{"@type":"ReadAction","target":["https:\/\/flowerevents.com\/fr\/accessoires\/mobach-ceramique\/"]}]},{"@type":"BreadcrumbList","@id":"https:\/\/flowerevents.com\/fr\/accessoires\/mobach-ceramique\/#breadcrumb","itemListElement":[{"@type":"ListItem","position":1,"name":"Startseite","item":"https:\/\/flowerevents.com\/fr\/"},{"@type":"ListItem","position":2,"name":"Accessoires","item":"https:\/\/flowerevents.com\/fr\/accessoires\/"},{"@type":"ListItem","position":3,"name":"Mobach C\u00e9ramique"}]},{"@type":"WebSite","@id":"https:\/\/flowerevents.com\/fr\/#website","url":"https:\/\/flowerevents.com\/fr\/","name":"Flowerevents","description":"Wenn es um Blumiges geht - die sch\u00f6nste Blumengesch\u00e4ft von Luzern","alternateName":"Blumen Luzern Flowerevents","potentialAction":[{"@type":"SearchAction","target":{"@type":"EntryPoint","urlTemplate":"https:\/\/flowerevents.com\/fr\/?s={search_term_string}"},"query-input":{"@type":"PropertyValueSpecification","valueRequired":true,"valueName":"search_term_string"}}],"inLanguage":"fr-FR"}]}},"_links":{"self":[{"href":"https:\/\/flowerevents.com\/fr\/wp-json\/wp\/v2\/pages\/12075"}],"collection":[{"href":"https:\/\/flowerevents.com\/fr\/wp-json\/wp\/v2\/pages"}],"about":[{"href":"https:\/\/flowerevents.com\/fr\/wp-json\/wp\/v2\/types\/page"}],"author":[{"embeddable":true,"href":"https:\/\/flowerevents.com\/fr\/wp-json\/wp\/v2\/users\/2"}],"replies":[{"embeddable":true,"href":"https:\/\/flowerevents.com\/fr\/wp-json\/wp\/v2\/comments?post=12075"}],"version-history":[{"count":3,"href":"https:\/\/flowerevents.com\/fr\/wp-json\/wp\/v2\/pages\/12075\/revisions"}],"predecessor-version":[{"id":12110,"href":"https:\/\/flowerevents.com\/fr\/wp-json\/wp\/v2\/pages\/12075\/revisions\/12110"}],"up":[{"embeddable":true,"href":"https:\/\/flowerevents.com\/fr\/wp-json\/wp\/v2\/pages\/11888"}],"wp:attachment":[{"href":"https:\/\/flowerevents.com\/fr\/wp-json\/wp\/v2\/media?parent=12075"}],"curies":[{"name":"wp","href":"https:\/\/api.w.org\/{rel}","templated":true}]}}