{"id":11903,"date":"2024-05-31T15:40:56","date_gmt":"2024-05-31T13:40:56","guid":{"rendered":"https:\/\/neu.flowerevents.com\/?page_id=11903"},"modified":"2024-06-01T12:47:01","modified_gmt":"2024-06-01T10:47:01","slug":"fleurir","status":"publish","type":"page","link":"https:\/\/flowerevents.com\/fr\/fleurs-et-plantes\/fleurir\/","title":{"rendered":"Fleurir"},"content":{"rendered":"<h1>Plantes fleuri<\/h1>\n<p><div>Plantes fleuri<\/div>\n<\/p>\n<div>\n<p>Qu&rsquo;il s&rsquo;agisse de plantes d&rsquo;int\u00e9rieur fleuries, de plantes pour le balcon, la terrasse ou le jardin, nous nous effor\u00e7ons toujours de proposer un choix actuel et saisonnier.<\/p>\n<p>En fonction de la saison, nous recherchons une offre de march\u00e9 sp\u00e9cifique ainsi que des plantes particuli\u00e8res selon vos souhaits.<\/p>\n<\/p>\n<\/div>\n<div>\n<h1>Int\u00e9rieur\u00a0<\/h1>\n<\/div>\n<ul>\n<li>\n<p>        <img decoding=\"async\" src=\"\/wp-content\/uploads\/2024\/04\/Phalaenopsis-gold-Mobach.jpg\" alt=\"\"><\/p>\n<h1>Phalaenopsis<\/h1>\n<\/li>\n<li>\n<p>        <img decoding=\"async\" src=\"\/wp-content\/uploads\/2024\/04\/Anthurium-weiss.jpg\" alt=\"Anthurie\"><\/p>\n<h1>Anthurium \/ Flamant rose<\/h1>\n<\/li>\n<li>\n<p>        <img decoding=\"async\" src=\"\/wp-content\/uploads\/2024\/04\/Gardenia.jpg\" alt=\"\"><\/p>\n<h1>Gardenia<\/h1>\n<\/li>\n<li>\n<p>        <img decoding=\"async\" src=\"\/wp-content\/uploads\/2024\/04\/Medinilla-1.jpg\" alt=\"\"><\/p>\n<h1>Medinilla<\/h1>\n<\/li>\n<li>\n<p>        <img decoding=\"async\" src=\"\/wp-content\/uploads\/2024\/04\/Phalaenopsis_gGE.jpg\" alt=\"\"><\/p>\n<h1>Phalaenopsis<\/h1>\n<\/li>\n<\/ul>\n<div>\n<p>Une offre saisonni\u00e8re est importante pour nous, en particulier pour le balcon, la terrasse et le jardin.<\/p>\n<p>Nous recherchons volontiers pour vous les particularit\u00e9s correspondantes.<\/p>\n<\/div>\n<div>\n<h1>Ext\u00e9rieur\u00a0<\/h1>\n<\/div>\n<ul>\n<li>\n<p>        <img decoding=\"async\" src=\"\/wp-content\/uploads\/2024\/04\/DSC_1742.jpg\" alt=\"\"><\/p>\n<h1>Hortensias<\/h1>\n<\/li>\n<li>\n<p>        <img decoding=\"async\" src=\"\/wp-content\/uploads\/2024\/04\/DSC_1743.jpg\" alt=\"\"><\/p>\n<h1>Marguerite<\/h1>\n<\/li>\n<li>\n<p>        <img decoding=\"async\" src=\"\/wp-content\/uploads\/2024\/04\/IMG_1152-scaled.jpg\" alt=\"\"><\/p>\n<h1>Rosen Pflanzen<\/h1>\n<\/li>\n<\/ul>\n<p><!--more--><br \/>\n<!-- {\"type\":\"layout\",\"children\":[{\"type\":\"section\",\"props\":{\"header_transparent\":false,\"header_transparent_noplaceholder\":false,\"height\":\"section\",\"height_offset_top\":false,\"image\":\"wp-content\\\/uploads\\\/2024\\\/05\\\/s2.Medinilla-1-1.jpg\",\"image_loading\":true,\"image_parallax_bgy\":\"400\",\"image_position\":\"center-center\",\"image_size\":\"cover\",\"media_focal_point\":\"top-center\",\"padding\":\"small\",\"preserve_color\":true,\"style\":\"primary\",\"title_breakpoint\":\"xl\",\"title_position\":\"top-left\",\"title_rotation\":\"left\",\"vertical_align\":\"middle\",\"width\":\"xlarge\"},\"children\":[{\"type\":\"row\",\"children\":[{\"type\":\"column\",\"props\":{\"image_position\":\"center-center\",\"position_sticky_breakpoint\":\"m\"},\"children\":[{\"type\":\"headline\",\"props\":{\"animation\":\"none\",\"content\":\"Plantes fleuri\",\"margin_remove_bottom\":true,\"margin_remove_top\":true,\"parallax_blur\":\"50\",\"parallax_opacity\":\"1,0\",\"parallax_scale\":\"0.5\",\"text_align\":\"center\",\"title_element\":\"h1\",\"title_style\":\"heading-2xlarge\"},\"name\":\"Bl\\u00fchendes\"}]}]}],\"name\":\"Hero\"},{\"type\":\"section\",\"props\":{\"animation\":\"fade\",\"animation_delay\":\"0\",\"height_offset_top\":true,\"image_position\":\"center-center\",\"overlap\":false,\"padding\":\"small\",\"padding_remove_bottom\":false,\"padding_remove_top\":false,\"preserve_color\":true,\"style\":\"primary\",\"title_breakpoint\":\"xl\",\"title_position\":\"top-left\",\"title_rotation\":\"left\",\"vertical_align\":\"\",\"width\":\"xlarge\"},\"children\":[{\"type\":\"row\",\"props\":{\"match\":false,\"width\":\"expand\"},\"children\":[{\"type\":\"column\",\"props\":{\"image_position\":\"center-center\",\"position_sticky_breakpoint\":\"m\",\"vertical_align\":\"middle\"},\"children\":[{\"type\":\"nav\",\"props\":{\"grid\":\"1\",\"icon_width\":80,\"image_margin\":true,\"image_svg_inline\":true,\"image_vertical_align\":true,\"image_width\":\"350\",\"nav_size\":\"medium\",\"nav_style\":\"primary\",\"show_image\":true,\"show_meta\":true,\"text_align\":\"left\"},\"children\":[{\"type\":\"nav_item\",\"props\":{\"content\":\"Plantes fleuri\"}}],\"name\":\"Bl\\u00fchendes\"},{\"type\":\"text\",\"props\":{\"column_breakpoint\":\"m\",\"content\":\"\n\n<p>Qu'il s'agisse de plantes d'int\\u00e9rieur fleuries, de plantes pour le balcon, la terrasse ou le jardin, nous nous effor\\u00e7ons toujours de proposer un choix actuel et saisonnier.<\\\/p>\\n\n\n<p>En fonction de la saison, nous recherchons une offre de march\\u00e9 sp\\u00e9cifique ainsi que des plantes particuli\\u00e8res selon vos souhaits.<\\\/p>\\n\n\n<p><\\\/p>\",\"margin\":\"default\",\"margin_remove_top\":false}},{\"type\":\"text\",\"props\":{\"column_breakpoint\":\"m\",\"content\":\"\n\n<h1>Int\\u00e9rieur\\u00a0<\\\/h1>\",\"margin\":\"default\"}},{\"type\":\"slideshow\",\"props\":{\"animation\":\"none\",\"block_align\":\"center\",\"link_style\":\"default\",\"link_text\":\"Read more\",\"margin\":\"\",\"margin_remove_bottom\":false,\"margin_remove_top\":false,\"meta_align\":\"below-title\",\"meta_element\":\"div\",\"meta_style\":\"text-meta\",\"nav\":\"dotnav\",\"nav_align\":\"center\",\"nav_below\":true,\"nav_breakpoint\":\"s\",\"nav_color\":\"light\",\"nav_margin\":\"small\",\"nav_position\":\"bottom-center\",\"nav_position_margin\":\"medium\",\"overlay_animation\":\"parallax\",\"overlay_position\":\"bottom-center\",\"show_content\":true,\"show_link\":true,\"show_meta\":true,\"show_thumbnail\":true,\"show_title\":true,\"slidenav\":\"outside\",\"slidenav_breakpoint\":\"\",\"slidenav_hover\":false,\"slidenav_large\":false,\"slidenav_margin\":\"\",\"slidenav_outside_breakpoint\":\"xl\",\"slidenav_outside_color\":\"light\",\"slideshow_animation\":\"fade\",\"slideshow_autoplay\":true,\"slideshow_autoplay_interval\":\"3\",\"slideshow_autoplay_pause\":true,\"slideshow_height\":\"viewport\",\"slideshow_height_offset_top\":false,\"slideshow_min_height\":\"400\",\"text_align\":\"center\",\"thumbnav_height\":\"75\",\"thumbnav_svg_color\":\"emphasis\",\"thumbnav_width\":\"100\",\"title_element\":\"h1\",\"title_font_family\":\"default\"},\"children\":[{\"type\":\"slideshow_item\",\"props\":{\"content\":\"\",\"image\":\"wp-content\\\/uploads\\\/2024\\\/04\\\/Phalaenopsis-gold-Mobach.jpg\",\"title\":\"Phalaenopsis\"}},{\"type\":\"slideshow_item\",\"props\":{\"image\":\"wp-content\\\/uploads\\\/2024\\\/04\\\/Anthurium-weiss.jpg\",\"image_alt\":\"Anthurie\",\"link\":\"0\",\"link_text\":\"Gr\\u00f6sseres Bild\",\"title\":\"Anthurium \\\/ Flamant rose\"}},{\"type\":\"slideshow_item\",\"props\":{\"image\":\"wp-content\\\/uploads\\\/2024\\\/04\\\/Gardenia.jpg\",\"link\":\"0\",\"link_text\":\"Gr\\u00f6sseres Bild\",\"title\":\"Gardenia\"}},{\"type\":\"slideshow_item\",\"props\":{\"image\":\"wp-content\\\/uploads\\\/2024\\\/04\\\/Medinilla-1.jpg\",\"link\":\"0\",\"link_text\":\"Gr\\u00f6sseres Bild\",\"title\":\"Medinilla\"}},{\"type\":\"slideshow_item\",\"props\":{\"image\":\"wp-content\\\/uploads\\\/2024\\\/04\\\/Phalaenopsis_gGE.jpg\",\"link\":\"0\",\"link_text\":\"Gr\\u00f6sseres Bild\",\"title\":\"Phalaenopsis\"}}]}]}]},{\"type\":\"row\",\"props\":{\"match\":false,\"width\":\"expand\"},\"children\":[{\"type\":\"column\",\"props\":{\"image_position\":\"center-center\",\"position_sticky_breakpoint\":\"m\",\"vertical_align\":\"middle\"},\"children\":[{\"type\":\"text\",\"props\":{\"column_breakpoint\":\"m\",\"content\":\"\n\n<p>Une offre saisonni\\u00e8re est importante pour nous, en particulier pour le balcon, la terrasse et le jardin.<\\\/p>\\n\n\n<p>Nous recherchons volontiers pour vous les particularit\\u00e9s correspondantes.<\\\/p>\",\"margin\":\"default\",\"margin_remove_top\":false}},{\"type\":\"text\",\"props\":{\"column_breakpoint\":\"m\",\"content\":\"\n\n<h1>Ext\\u00e9rieur\\u00a0<\\\/h1>\",\"margin\":\"default\"}},{\"type\":\"slideshow\",\"props\":{\"block_align\":\"center\",\"content_margin\":\"remove\",\"link_style\":\"default\",\"link_text\":\"Read more\",\"margin\":\"remove-vertical\",\"meta_align\":\"below-title\",\"meta_element\":\"div\",\"meta_style\":\"text-meta\",\"nav\":\"dotnav\",\"nav_align\":\"center\",\"nav_below\":true,\"nav_breakpoint\":\"s\",\"nav_color\":\"light\",\"nav_position\":\"bottom-center\",\"nav_position_margin\":\"medium\",\"overlay_animation\":\"parallax\",\"overlay_position\":\"bottom-center\",\"show_content\":true,\"show_link\":true,\"show_meta\":true,\"show_thumbnail\":true,\"show_title\":true,\"slidenav\":\"outside\",\"slidenav_breakpoint\":\"s\",\"slidenav_margin\":\"\",\"slidenav_outside_breakpoint\":\"xl\",\"slideshow_animation\":\"fade\",\"slideshow_autoplay\":true,\"slideshow_autoplay_interval\":\"3\",\"slideshow_autoplay_pause\":true,\"slideshow_height\":\"viewport\",\"slideshow_max_height\":\"800\",\"slideshow_min_height\":\"300\",\"slideshow_ratio\":\"1.1\",\"slideshow_velocity\":\"3\",\"text_align\":\"center\",\"thumbnav_height\":\"75\",\"thumbnav_svg_color\":\"emphasis\",\"thumbnav_width\":\"100\",\"title_element\":\"h1\"},\"children\":[{\"type\":\"slideshow_item\",\"props\":{\"image\":\"wp-content\\\/uploads\\\/2024\\\/04\\\/DSC_1742.jpg\",\"link\":\"0\",\"link_text\":\"Gr\\u00f6sseres Bild\",\"title\":\"Hortensias\"}},{\"type\":\"slideshow_item\",\"props\":{\"image\":\"wp-content\\\/uploads\\\/2024\\\/04\\\/DSC_1743.jpg\",\"link\":\"0\",\"link_text\":\"Gr\\u00f6sseres Bild\",\"title\":\"Marguerite\"}},{\"type\":\"slideshow_item\",\"props\":{\"image\":\"wp-content\\\/uploads\\\/2024\\\/04\\\/IMG_1152-scaled.jpg\",\"link_text\":\"Gr\\u00f6sseres Bild\",\"title\":\"Rosen Pflanzen\"}}]}]}]}],\"name\":\"About\"},{\"type\":\"section\",\"props\":{\"image_position\":\"center-center\",\"padding\":\"none\",\"padding_remove_horizontal\":true,\"preserve_color\":true,\"style\":\"primary\",\"title_breakpoint\":\"xl\",\"title_position\":\"top-left\",\"title_rotation\":\"left\",\"vertical_align\":\"middle\",\"width\":\"xlarge\"},\"children\":[{\"type\":\"row\",\"children\":[{\"type\":\"column\",\"props\":{\"image_position\":\"center-center\",\"position_sticky_breakpoint\":\"m\"},\"children\":[{\"type\":\"totop\",\"props\":{\"margin\":\"remove-vertical\",\"margin_remove_bottom\":true,\"margin_remove_top\":true,\"text_align\":\"right\",\"title_grid_column_gap\":\"small\",\"title_grid_row_gap\":\"small\"}}]}]}]}],\"version\":\"4.3.13\"} --><\/p>\n","protected":false},"excerpt":{"rendered":"<p>Plantes fleuri Plantes fleuri Qu&rsquo;il s&rsquo;agisse de plantes d&rsquo;int\u00e9rieur fleuries, de plantes pour le balcon, la terrasse ou le jardin, nous nous effor\u00e7ons toujours de proposer un choix actuel et saisonnier. En fonction de la saison, nous recherchons une offre de march\u00e9 sp\u00e9cifique ainsi que des plantes particuli\u00e8res selon vos souhaits. Int\u00e9rieur\u00a0 Phalaenopsis Anthurium \/ [&hellip;]<\/p>\n","protected":false},"author":2,"featured_media":0,"parent":11863,"menu_order":1,"comment_status":"closed","ping_status":"closed","template":"","meta":{"footnotes":""},"class_list":["post-11903","page","type-page","status-publish","hentry"],"yoast_head":"<!-- This site is optimized with the Yoast SEO Premium plugin v24.9 (Yoast SEO v24.9) - https:\/\/yoast.com\/wordpress\/plugins\/seo\/ -->\n<title>Fleurir - Blumen Florist Luzern Blumenonline<\/title>\n<meta name=\"description\" content=\"Blumen Blumengesch\u00e4ft Florist Luzern\" \/>\n<meta name=\"robots\" content=\"index, follow, max-snippet:-1, max-image-preview:large, max-video-preview:-1\" \/>\n<link rel=\"canonical\" href=\"https:\/\/flowerevents.com\/fr\/fleurs-et-plantes\/fleurir\/\" \/>\n<meta property=\"og:locale\" content=\"fr_FR\" \/>\n<meta property=\"og:type\" content=\"article\" \/>\n<meta property=\"og:title\" content=\"Fleurir\" \/>\n<meta property=\"og:description\" content=\"Instagram\" \/>\n<meta property=\"og:url\" content=\"https:\/\/flowerevents.com\/fr\/fleurs-et-plantes\/fleurir\/\" \/>\n<meta property=\"og:site_name\" content=\"Blumen Florist Luzern Blumenonline\" \/>\n<meta property=\"article:publisher\" content=\"https:\/\/www.facebook.com\/flowerevents.ch\" \/>\n<meta property=\"article:modified_time\" content=\"2024-06-01T10:47:01+00:00\" \/>\n<meta name=\"twitter:card\" content=\"summary_large_image\" \/>\n<script type=\"application\/ld+json\" class=\"yoast-schema-graph\">{\"@context\":\"https:\/\/schema.org\",\"@graph\":[{\"@type\":\"WebPage\",\"@id\":\"https:\/\/flowerevents.com\/fr\/fleurs-et-plantes\/fleurir\/\",\"url\":\"https:\/\/flowerevents.com\/fr\/fleurs-et-plantes\/fleurir\/\",\"name\":\"Fleurir - Blumen Florist Luzern Blumenonline\",\"isPartOf\":{\"@id\":\"https:\/\/flowerevents.com\/fr\/#website\"},\"datePublished\":\"2024-05-31T13:40:56+00:00\",\"dateModified\":\"2024-06-01T10:47:01+00:00\",\"description\":\"Blumen Blumengesch\u00e4ft Florist Luzern\",\"breadcrumb\":{\"@id\":\"https:\/\/flowerevents.com\/fr\/fleurs-et-plantes\/fleurir\/#breadcrumb\"},\"inLanguage\":\"fr-FR\",\"potentialAction\":[{\"@type\":\"ReadAction\",\"target\":[\"https:\/\/flowerevents.com\/fr\/fleurs-et-plantes\/fleurir\/\"]}]},{\"@type\":\"BreadcrumbList\",\"@id\":\"https:\/\/flowerevents.com\/fr\/fleurs-et-plantes\/fleurir\/#breadcrumb\",\"itemListElement\":[{\"@type\":\"ListItem\",\"position\":1,\"name\":\"Startseite\",\"item\":\"https:\/\/flowerevents.com\/fr\/\"},{\"@type\":\"ListItem\",\"position\":2,\"name\":\"Fleurs et plantes\",\"item\":\"https:\/\/flowerevents.com\/fr\/blumen-und-pflanzen\/\"},{\"@type\":\"ListItem\",\"position\":3,\"name\":\"Fleurir\"}]},{\"@type\":\"WebSite\",\"@id\":\"https:\/\/flowerevents.com\/fr\/#website\",\"url\":\"https:\/\/flowerevents.com\/fr\/\",\"name\":\"Flowerevents\",\"description\":\"Wenn es um Blumiges geht - die sch\u00f6nste Blumengesch\u00e4ft von Luzern\",\"alternateName\":\"Blumen Luzern Flowerevents\",\"potentialAction\":[{\"@type\":\"SearchAction\",\"target\":{\"@type\":\"EntryPoint\",\"urlTemplate\":\"https:\/\/flowerevents.com\/fr\/?s={search_term_string}\"},\"query-input\":{\"@type\":\"PropertyValueSpecification\",\"valueRequired\":true,\"valueName\":\"search_term_string\"}}],\"inLanguage\":\"fr-FR\"}]}<\/script>\n<!-- \/ Yoast SEO Premium plugin. -->","yoast_head_json":{"title":"Fleurir - Blumen Florist Luzern Blumenonline","description":"Blumen Blumengesch\u00e4ft Florist Luzern","robots":{"index":"index","follow":"follow","max-snippet":"max-snippet:-1","max-image-preview":"max-image-preview:large","max-video-preview":"max-video-preview:-1"},"canonical":"https:\/\/flowerevents.com\/fr\/fleurs-et-plantes\/fleurir\/","og_locale":"fr_FR","og_type":"article","og_title":"Fleurir","og_description":"Instagram","og_url":"https:\/\/flowerevents.com\/fr\/fleurs-et-plantes\/fleurir\/","og_site_name":"Blumen Florist Luzern Blumenonline","article_publisher":"https:\/\/www.facebook.com\/flowerevents.ch","article_modified_time":"2024-06-01T10:47:01+00:00","twitter_card":"summary_large_image","schema":{"@context":"https:\/\/schema.org","@graph":[{"@type":"WebPage","@id":"https:\/\/flowerevents.com\/fr\/fleurs-et-plantes\/fleurir\/","url":"https:\/\/flowerevents.com\/fr\/fleurs-et-plantes\/fleurir\/","name":"Fleurir - Blumen Florist Luzern Blumenonline","isPartOf":{"@id":"https:\/\/flowerevents.com\/fr\/#website"},"datePublished":"2024-05-31T13:40:56+00:00","dateModified":"2024-06-01T10:47:01+00:00","description":"Blumen Blumengesch\u00e4ft Florist Luzern","breadcrumb":{"@id":"https:\/\/flowerevents.com\/fr\/fleurs-et-plantes\/fleurir\/#breadcrumb"},"inLanguage":"fr-FR","potentialAction":[{"@type":"ReadAction","target":["https:\/\/flowerevents.com\/fr\/fleurs-et-plantes\/fleurir\/"]}]},{"@type":"BreadcrumbList","@id":"https:\/\/flowerevents.com\/fr\/fleurs-et-plantes\/fleurir\/#breadcrumb","itemListElement":[{"@type":"ListItem","position":1,"name":"Startseite","item":"https:\/\/flowerevents.com\/fr\/"},{"@type":"ListItem","position":2,"name":"Fleurs et plantes","item":"https:\/\/flowerevents.com\/fr\/blumen-und-pflanzen\/"},{"@type":"ListItem","position":3,"name":"Fleurir"}]},{"@type":"WebSite","@id":"https:\/\/flowerevents.com\/fr\/#website","url":"https:\/\/flowerevents.com\/fr\/","name":"Flowerevents","description":"Wenn es um Blumiges geht - die sch\u00f6nste Blumengesch\u00e4ft von Luzern","alternateName":"Blumen Luzern Flowerevents","potentialAction":[{"@type":"SearchAction","target":{"@type":"EntryPoint","urlTemplate":"https:\/\/flowerevents.com\/fr\/?s={search_term_string}"},"query-input":{"@type":"PropertyValueSpecification","valueRequired":true,"valueName":"search_term_string"}}],"inLanguage":"fr-FR"}]}},"_links":{"self":[{"href":"https:\/\/flowerevents.com\/fr\/wp-json\/wp\/v2\/pages\/11903"}],"collection":[{"href":"https:\/\/flowerevents.com\/fr\/wp-json\/wp\/v2\/pages"}],"about":[{"href":"https:\/\/flowerevents.com\/fr\/wp-json\/wp\/v2\/types\/page"}],"author":[{"embeddable":true,"href":"https:\/\/flowerevents.com\/fr\/wp-json\/wp\/v2\/users\/2"}],"replies":[{"embeddable":true,"href":"https:\/\/flowerevents.com\/fr\/wp-json\/wp\/v2\/comments?post=11903"}],"version-history":[{"count":5,"href":"https:\/\/flowerevents.com\/fr\/wp-json\/wp\/v2\/pages\/11903\/revisions"}],"predecessor-version":[{"id":12150,"href":"https:\/\/flowerevents.com\/fr\/wp-json\/wp\/v2\/pages\/11903\/revisions\/12150"}],"up":[{"embeddable":true,"href":"https:\/\/flowerevents.com\/fr\/wp-json\/wp\/v2\/pages\/11863"}],"wp:attachment":[{"href":"https:\/\/flowerevents.com\/fr\/wp-json\/wp\/v2\/media?parent=11903"}],"curies":[{"name":"wp","href":"https:\/\/api.w.org\/{rel}","templated":true}]}}