{"id":11896,"date":"2024-05-31T15:39:27","date_gmt":"2024-05-31T13:39:27","guid":{"rendered":"https:\/\/neu.flowerevents.com\/?page_id=11896"},"modified":"2024-06-02T15:06:58","modified_gmt":"2024-06-02T13:06:58","slug":"fleurs-en-abonnement","status":"publish","type":"page","link":"https:\/\/flowerevents.com\/fr\/evenementiel\/evenements-daffaires\/fleurs-en-abonnement\/","title":{"rendered":"Fleurs en abonnement"},"content":{"rendered":"<h1>Fleurs en abonnement<\/h1>\n<p><a href=\"#Blumen im Abonnement\">Fleurs en abonnement<\/a><\/p>\n<div>\n<p>Les abonnements dans le secteur des entreprises repr\u00e9sentent un d\u00e9fi particulier. En effet, ces commandes doivent g\u00e9n\u00e9ralement \u00eatre livr\u00e9es chaque semaine pour embellir un bureau de r\u00e9ception. Les compositions florales fra\u00eeches t\u00e9moignent \u00e9galement de l&rsquo;estime que l&rsquo;on porte aux clients.<br \/>En outre, il s&rsquo;agit ici de fleurs pour les h\u00f4tels, les foyers, les services financiers, les entreprises commerciales et bien d&rsquo;autres. Outre les salles de r\u00e9ception, il peut s&rsquo;agir d&rsquo;un espace VIP ou d&rsquo;un secr\u00e9tariat, et bien plus encore.<\/p>\n<p>Vous pouvez \u00e9galement offrir des fleurs sous forme d&rsquo;abonnement. Personnalis\u00e9 selon vos exigences \u00e9galement disponible dans notre boutique en ligne<\/p>\n<\/div>\n<ul>\n<li>\n        <a href=\"\/evenements\/evenements-daffaires\/?lang=fr\">\u00c9v\u00e9nements d&rsquo;affairs<\/a>\n    <\/li>\n<li>\n        <a href=\"\/evenements\/evenements-daffaires\/conception-de-salons\/?lang=fr\">Conception de salon<\/a>\n    <\/li>\n<li>\n        <a href=\"\/evenements\/evenements-prives\/fleurs-en-abonnement-prive\/?lang=fr\">\u00c9v\u00e9nements priv\u00e9s<\/a>\n    <\/li>\n<li>\n        <a href=\"\/evenements\/evenements-prives\/mariages\/?lang=fr\">Mariages<\/a>\n    <\/li>\n<li>\n        <a href=\"\/evenements\/evenements-prives\/dire-au-revoir\/?lang=fr\">Dire au revoir<\/a>\n    <\/li>\n<\/ul>\n<ul>\n<li>\n<p>        <img decoding=\"async\" src=\"\/wp-content\/uploads\/2024\/04\/Abo-Sunneziel-05.02.21b.jpg\" alt=\"\"><\/p>\n<h3>Abonnement sur grande surface de rangement<\/h3>\n<\/li>\n<li>\n<p>        <img decoding=\"async\" src=\"\/wp-content\/uploads\/2024\/03\/abo_heliconia_rec.jpg\" alt=\"\"><\/p>\n<h3>Desk de r\u00e9ception \u00e0 l&rsquo;h\u00f4tel<\/h3>\n<\/li>\n<li>\n<p>        <img decoding=\"async\" src=\"\/wp-content\/uploads\/2024\/03\/abo_wanda_desk.jpg\" alt=\"\"><\/p>\n<h3>Desk de r\u00e9ception<\/h3>\n<\/li>\n<li>\n<p>        <img decoding=\"async\" src=\"\/wp-content\/uploads\/2024\/03\/abo_eucharis.jpg\" alt=\"\"><\/p>\n<h3>D\u00e9coration lobby<\/h3>\n<\/li>\n<li>\n<p>        <img decoding=\"async\" src=\"\/wp-content\/uploads\/2024\/04\/bl_delphinium.jpg\" alt=\"\"><\/p>\n<h3>grands remplissages de vases<\/h3>\n<\/li>\n<li>\n<p>        <img decoding=\"async\" src=\"\/wp-content\/uploads\/2024\/04\/IMG_5147.jpg\" alt=\"\"><\/p>\n<h3>Abonnement dans un vase au sol<\/h3>\n<\/li>\n<li>\n<p>        <img decoding=\"async\" src=\"\/wp-content\/uploads\/2024\/04\/Wiese.jpg\" alt=\"\"><\/p>\n<h3>composition en forme de prairie<\/h3>\n<\/li>\n<li>\n<p>        <img decoding=\"async\" src=\"\/wp-content\/uploads\/2024\/04\/3-er-d.jpg\" alt=\"\"><\/p>\n<h3>Abonnement de 3 livraisons<\/h3>\n<\/li>\n<li>\n<p>        <img decoding=\"async\" src=\"\/wp-content\/uploads\/2024\/04\/4-er-d.jpg\" alt=\"\"><\/p>\n<h3>Abonnement de 4 livraisons<\/h3>\n<\/li>\n<li>\n<p>        <img decoding=\"async\" src=\"\/wp-content\/uploads\/2024\/04\/6-er-d.jpg\" alt=\"\"><\/p>\n<h3>Abonnement de 6 livraisons<\/h3>\n<\/li>\n<li>\n<p>        <img decoding=\"async\" src=\"\/wp-content\/uploads\/2024\/04\/12-er-d.jpg\" alt=\"\"><\/p>\n<h3>Abonnement de 12 livraisons<\/h3>\n<\/li>\n<\/ul>\n<p><!--more--><br \/>\n<!-- {\"type\":\"layout\",\"children\":[{\"type\":\"section\",\"props\":{\"header_transparent\":false,\"header_transparent_noplaceholder\":false,\"header_transparent_text_color\":\"light\",\"image\":\"wp-content\\\/uploads\\\/2024\\\/05\\\/s2.Abo-Sunneziel-05.02.21b.jpg\",\"image_loading\":true,\"image_position\":\"center-center\",\"image_size\":\"cover\",\"padding\":\"small\",\"preserve_color\":true,\"style\":\"primary\",\"title_breakpoint\":\"xl\",\"title_position\":\"top-left\",\"title_rotation\":\"left\",\"vertical_align\":\"middle\",\"video_width\":\"2560\",\"width\":\"xlarge\"},\"children\":[{\"type\":\"row\",\"children\":[{\"type\":\"column\",\"props\":{\"image_position\":\"center-center\",\"position_sticky_breakpoint\":\"m\",\"vertical_align\":\"middle\"},\"children\":[{\"type\":\"headline\",\"props\":{\"content\":\"Fleurs en abonnement\",\"margin_remove_bottom\":true,\"margin_remove_top\":true,\"text_align\":\"center\",\"title_element\":\"h1\",\"title_style\":\"heading-xlarge\"}}]}],\"props\":{\"column_gap\":\"collapse\",\"margin\":\"default\",\"margin_remove_bottom\":true,\"margin_remove_top\":true,\"row_gap\":\"small\",\"width\":\"expand\"}}],\"name\":\"Events\"},{\"type\":\"section\",\"props\":{\"image_position\":\"center-center\",\"padding\":\"small\",\"padding_remove_bottom\":true,\"preserve_color\":true,\"style\":\"primary\",\"title_breakpoint\":\"xl\",\"title_position\":\"top-left\",\"title_rotation\":\"left\",\"vertical_align\":\"middle\",\"width\":\"xlarge\"},\"children\":[{\"type\":\"row\",\"children\":[{\"type\":\"column\",\"props\":{\"image_position\":\"center-center\",\"position_sticky_breakpoint\":\"m\"},\"children\":[{\"type\":\"nav\",\"props\":{\"grid\":\"1\",\"id\":\"#Blumen im Abonnement\",\"image_vertical_align\":true,\"nav_size\":\"medium\",\"nav_style\":\"primary\",\"show_image\":true,\"show_meta\":true},\"children\":[{\"type\":\"nav_item\",\"props\":{\"content\":\"Fleurs en abonnement\",\"link\":\"#Blumen im Abonnement\"}}]},{\"type\":\"text\",\"props\":{\"column_breakpoint\":\"m\",\"content\":\"\n\n<p>Les abonnements dans le secteur des entreprises repr\\u00e9sentent un d\\u00e9fi particulier. En effet, ces commandes doivent g\\u00e9n\\u00e9ralement \\u00eatre livr\\u00e9es chaque semaine pour embellir un bureau de r\\u00e9ception. Les compositions florales fra\\u00eeches t\\u00e9moignent \\u00e9galement de l'estime que l'on porte aux clients.<br \\\/>En outre, il s'agit ici de fleurs pour les h\\u00f4tels, les foyers, les services financiers, les entreprises commerciales et bien d'autres. Outre les salles de r\\u00e9ception, il peut s'agir d'un espace VIP ou d'un secr\\u00e9tariat, et bien plus encore.<\\\/p>\\n\n\n<p>Vous pouvez \\u00e9galement offrir des fleurs sous forme d'abonnement. Personnalis\\u00e9 selon vos exigences \\u00e9galement disponible dans notre boutique en ligne<\\\/p>\",\"margin\":\"default\"}},{\"type\":\"subnav\",\"children\":[{\"type\":\"subnav_item\",\"props\":{\"content\":\"\\u00c9v\\u00e9nements d'affairs\",\"link\":\"evenements\\\/evenements-daffaires\\\/?lang=fr\"}},{\"type\":\"subnav_item\",\"props\":{\"content\":\"Conception de salon\",\"link\":\"evenements\\\/evenements-daffaires\\\/conception-de-salons\\\/?lang=fr\"}},{\"type\":\"subnav_item\",\"props\":{\"content\":\"\\u00c9v\\u00e9nements priv\\u00e9s\",\"link\":\"evenements\\\/evenements-prives\\\/fleurs-en-abonnement-prive\\\/?lang=fr\"}},{\"type\":\"subnav_item\",\"props\":{\"content\":\"Mariages\",\"link\":\"evenements\\\/evenements-prives\\\/mariages\\\/?lang=fr\"}},{\"type\":\"subnav_item\",\"props\":{\"content\":\"Dire au revoir\",\"link\":\"evenements\\\/evenements-prives\\\/dire-au-revoir\\\/?lang=fr\"}}]},{\"type\":\"text\",\"props\":{\"column_breakpoint\":\"m\",\"content\":\"\",\"id\":\"Blumen im Abonnement\",\"margin\":\"default\"},\"name\":\"Blumen im Abonnement\"},{\"type\":\"slideshow\",\"props\":{\"link_style\":\"default\",\"link_text\":\"Read more\",\"margin\":\"default\",\"meta_align\":\"below-title\",\"meta_element\":\"div\",\"meta_style\":\"text-meta\",\"nav\":\"dotnav\",\"nav_align\":\"center\",\"nav_below\":true,\"nav_breakpoint\":\"\",\"nav_color\":\"light\",\"nav_position\":\"bottom-center\",\"nav_position_margin\":\"medium\",\"overlay_animation\":\"parallax\",\"overlay_container\":\"xlarge\",\"overlay_margin\":\"none\",\"overlay_position\":\"bottom-center\",\"show_content\":true,\"show_link\":true,\"show_meta\":true,\"show_thumbnail\":true,\"show_title\":true,\"slidenav\":\"outside\",\"slidenav_breakpoint\":\"s\",\"slidenav_margin\":\"\",\"slidenav_outside_breakpoint\":\"xl\",\"slidenav_outside_color\":\"light\",\"slideshow_animation\":\"fade\",\"slideshow_autoplay\":true,\"slideshow_autoplay_interval\":\"3\",\"slideshow_autoplay_pause\":true,\"slideshow_height\":\"viewport\",\"slideshow_min_height\":300,\"slideshow_velocity\":\"3\",\"text_align\":\"center\",\"thumbnav_height\":\"75\",\"thumbnav_svg_color\":\"emphasis\",\"thumbnav_width\":\"100\",\"title_element\":\"h3\",\"title_margin\":\"remove\"},\"children\":[{\"type\":\"slideshow_item\",\"props\":{\"image\":\"wp-content\\\/uploads\\\/2024\\\/04\\\/Abo-Sunneziel-05.02.21b.jpg\",\"title\":\"Abonnement sur grande surface de rangement\"}},{\"type\":\"slideshow_item\",\"props\":{\"image\":\"wp-content\\\/uploads\\\/2024\\\/03\\\/abo_heliconia_rec.jpg\",\"title\":\"Desk de r\\u00e9ception \\u00e0 l'h\\u00f4tel\"}},{\"type\":\"slideshow_item\",\"props\":{\"image\":\"wp-content\\\/uploads\\\/2024\\\/03\\\/abo_wanda_desk.jpg\",\"title\":\"Desk de r\\u00e9ception\"}},{\"type\":\"slideshow_item\",\"props\":{\"image\":\"wp-content\\\/uploads\\\/2024\\\/03\\\/abo_eucharis.jpg\",\"title\":\"D\\u00e9coration lobby\"}},{\"type\":\"slideshow_item\",\"props\":{\"image\":\"wp-content\\\/uploads\\\/2024\\\/04\\\/bl_delphinium.jpg\",\"title\":\"grands remplissages de vases\"}},{\"type\":\"slideshow_item\",\"props\":{\"image\":\"wp-content\\\/uploads\\\/2024\\\/04\\\/IMG_5147.jpg\",\"title\":\"Abonnement dans un vase au sol\"}},{\"type\":\"slideshow_item\",\"props\":{\"image\":\"wp-content\\\/uploads\\\/2024\\\/04\\\/Wiese.jpg\",\"title\":\"composition en forme de prairie\"}},{\"type\":\"slideshow_item\",\"props\":{\"image\":\"wp-content\\\/uploads\\\/2024\\\/04\\\/3-er-d.jpg\",\"title\":\"Abonnement de 3 livraisons\"}},{\"type\":\"slideshow_item\",\"props\":{\"image\":\"wp-content\\\/uploads\\\/2024\\\/04\\\/4-er-d.jpg\",\"title\":\"Abonnement de 4 livraisons\"}},{\"type\":\"slideshow_item\",\"props\":{\"image\":\"wp-content\\\/uploads\\\/2024\\\/04\\\/6-er-d.jpg\",\"title\":\"Abonnement de 6 livraisons\"}},{\"type\":\"slideshow_item\",\"props\":{\"image\":\"wp-content\\\/uploads\\\/2024\\\/04\\\/12-er-d.jpg\",\"title\":\"Abonnement de 12 livraisons\"}}]}]}]}],\"name\":\"Events\"},{\"type\":\"section\",\"props\":{\"image_position\":\"center-center\",\"padding\":\"none\",\"padding_remove_horizontal\":false,\"preserve_color\":true,\"style\":\"primary\",\"title_breakpoint\":\"xl\",\"title_position\":\"top-left\",\"title_rotation\":\"left\",\"vertical_align\":\"middle\",\"width\":\"xlarge\"},\"children\":[{\"type\":\"row\",\"children\":[{\"type\":\"column\",\"props\":{\"image_position\":\"center-center\",\"position_sticky_breakpoint\":\"m\"},\"children\":[{\"type\":\"totop\",\"props\":{\"margin\":\"remove-vertical\",\"text_align\":\"right\",\"title_grid_column_gap\":\"small\",\"title_grid_row_gap\":\"small\"}}]}]}]}],\"version\":\"4.3.13\"} --><\/p>\n","protected":false},"excerpt":{"rendered":"<p>Fleurs en abonnement Fleurs en abonnement Les abonnements dans le secteur des entreprises repr\u00e9sentent un d\u00e9fi particulier. En effet, ces commandes doivent g\u00e9n\u00e9ralement \u00eatre livr\u00e9es chaque semaine pour embellir un bureau de r\u00e9ception. Les compositions florales fra\u00eeches t\u00e9moignent \u00e9galement de l&rsquo;estime que l&rsquo;on porte aux clients.En outre, il s&rsquo;agit ici de fleurs pour les h\u00f4tels, [&hellip;]<\/p>\n","protected":false},"author":2,"featured_media":0,"parent":11892,"menu_order":2,"comment_status":"closed","ping_status":"closed","template":"","meta":{"footnotes":""},"class_list":["post-11896","page","type-page","status-publish","hentry"],"yoast_head":"<!-- This site is optimized with the Yoast SEO Premium plugin v24.9 (Yoast SEO v24.9) - https:\/\/yoast.com\/wordpress\/plugins\/seo\/ -->\n<title>Fleurs en abonnement - Blumen Florist Luzern Blumenonline<\/title>\n<meta name=\"description\" content=\"Blumen Blumengesch\u00e4ft Florist Luzern\" \/>\n<meta name=\"robots\" content=\"index, follow, max-snippet:-1, max-image-preview:large, max-video-preview:-1\" \/>\n<link rel=\"canonical\" href=\"https:\/\/flowerevents.com\/fr\/evenementiel\/evenements-daffaires\/fleurs-en-abonnement\/\" \/>\n<meta property=\"og:locale\" content=\"fr_FR\" \/>\n<meta property=\"og:type\" content=\"article\" \/>\n<meta property=\"og:title\" content=\"Fleurs en abonnement\" \/>\n<meta property=\"og:description\" content=\"Instagram\" \/>\n<meta property=\"og:url\" content=\"https:\/\/flowerevents.com\/fr\/evenementiel\/evenements-daffaires\/fleurs-en-abonnement\/\" \/>\n<meta property=\"og:site_name\" content=\"Blumen Florist Luzern Blumenonline\" \/>\n<meta property=\"article:publisher\" content=\"https:\/\/www.facebook.com\/flowerevents.ch\" \/>\n<meta property=\"article:modified_time\" content=\"2024-06-02T13:06:58+00:00\" \/>\n<meta name=\"twitter:card\" content=\"summary_large_image\" \/>\n<script type=\"application\/ld+json\" class=\"yoast-schema-graph\">{\"@context\":\"https:\/\/schema.org\",\"@graph\":[{\"@type\":\"WebPage\",\"@id\":\"https:\/\/flowerevents.com\/fr\/evenementiel\/evenements-daffaires\/fleurs-en-abonnement\/\",\"url\":\"https:\/\/flowerevents.com\/fr\/evenementiel\/evenements-daffaires\/fleurs-en-abonnement\/\",\"name\":\"Fleurs en abonnement - Blumen Florist Luzern Blumenonline\",\"isPartOf\":{\"@id\":\"https:\/\/flowerevents.com\/fr\/#website\"},\"datePublished\":\"2024-05-31T13:39:27+00:00\",\"dateModified\":\"2024-06-02T13:06:58+00:00\",\"description\":\"Blumen Blumengesch\u00e4ft Florist Luzern\",\"breadcrumb\":{\"@id\":\"https:\/\/flowerevents.com\/fr\/evenementiel\/evenements-daffaires\/fleurs-en-abonnement\/#breadcrumb\"},\"inLanguage\":\"fr-FR\",\"potentialAction\":[{\"@type\":\"ReadAction\",\"target\":[\"https:\/\/flowerevents.com\/fr\/evenementiel\/evenements-daffaires\/fleurs-en-abonnement\/\"]}]},{\"@type\":\"BreadcrumbList\",\"@id\":\"https:\/\/flowerevents.com\/fr\/evenementiel\/evenements-daffaires\/fleurs-en-abonnement\/#breadcrumb\",\"itemListElement\":[{\"@type\":\"ListItem\",\"position\":1,\"name\":\"Startseite\",\"item\":\"https:\/\/flowerevents.com\/fr\/\"},{\"@type\":\"ListItem\",\"position\":2,\"name\":\"\u00c9v\u00e8nementiel\",\"item\":\"https:\/\/flowerevents.com\/fr\/evenementiel\/\"},{\"@type\":\"ListItem\",\"position\":3,\"name\":\"\u00c9v\u00e9nements d&#8217;affaires\",\"item\":\"https:\/\/flowerevents.com\/fr\/evenementiel\/evenements-daffaires\/\"},{\"@type\":\"ListItem\",\"position\":4,\"name\":\"Fleurs en abonnement\"}]},{\"@type\":\"WebSite\",\"@id\":\"https:\/\/flowerevents.com\/fr\/#website\",\"url\":\"https:\/\/flowerevents.com\/fr\/\",\"name\":\"Flowerevents\",\"description\":\"Wenn es um Blumiges geht - die sch\u00f6nste Blumengesch\u00e4ft von Luzern\",\"alternateName\":\"Blumen Luzern Flowerevents\",\"potentialAction\":[{\"@type\":\"SearchAction\",\"target\":{\"@type\":\"EntryPoint\",\"urlTemplate\":\"https:\/\/flowerevents.com\/fr\/?s={search_term_string}\"},\"query-input\":{\"@type\":\"PropertyValueSpecification\",\"valueRequired\":true,\"valueName\":\"search_term_string\"}}],\"inLanguage\":\"fr-FR\"}]}<\/script>\n<!-- \/ Yoast SEO Premium plugin. -->","yoast_head_json":{"title":"Fleurs en abonnement - Blumen Florist Luzern Blumenonline","description":"Blumen Blumengesch\u00e4ft Florist Luzern","robots":{"index":"index","follow":"follow","max-snippet":"max-snippet:-1","max-image-preview":"max-image-preview:large","max-video-preview":"max-video-preview:-1"},"canonical":"https:\/\/flowerevents.com\/fr\/evenementiel\/evenements-daffaires\/fleurs-en-abonnement\/","og_locale":"fr_FR","og_type":"article","og_title":"Fleurs en abonnement","og_description":"Instagram","og_url":"https:\/\/flowerevents.com\/fr\/evenementiel\/evenements-daffaires\/fleurs-en-abonnement\/","og_site_name":"Blumen Florist Luzern Blumenonline","article_publisher":"https:\/\/www.facebook.com\/flowerevents.ch","article_modified_time":"2024-06-02T13:06:58+00:00","twitter_card":"summary_large_image","schema":{"@context":"https:\/\/schema.org","@graph":[{"@type":"WebPage","@id":"https:\/\/flowerevents.com\/fr\/evenementiel\/evenements-daffaires\/fleurs-en-abonnement\/","url":"https:\/\/flowerevents.com\/fr\/evenementiel\/evenements-daffaires\/fleurs-en-abonnement\/","name":"Fleurs en abonnement - Blumen Florist Luzern Blumenonline","isPartOf":{"@id":"https:\/\/flowerevents.com\/fr\/#website"},"datePublished":"2024-05-31T13:39:27+00:00","dateModified":"2024-06-02T13:06:58+00:00","description":"Blumen Blumengesch\u00e4ft Florist Luzern","breadcrumb":{"@id":"https:\/\/flowerevents.com\/fr\/evenementiel\/evenements-daffaires\/fleurs-en-abonnement\/#breadcrumb"},"inLanguage":"fr-FR","potentialAction":[{"@type":"ReadAction","target":["https:\/\/flowerevents.com\/fr\/evenementiel\/evenements-daffaires\/fleurs-en-abonnement\/"]}]},{"@type":"BreadcrumbList","@id":"https:\/\/flowerevents.com\/fr\/evenementiel\/evenements-daffaires\/fleurs-en-abonnement\/#breadcrumb","itemListElement":[{"@type":"ListItem","position":1,"name":"Startseite","item":"https:\/\/flowerevents.com\/fr\/"},{"@type":"ListItem","position":2,"name":"\u00c9v\u00e8nementiel","item":"https:\/\/flowerevents.com\/fr\/evenementiel\/"},{"@type":"ListItem","position":3,"name":"\u00c9v\u00e9nements d&#8217;affaires","item":"https:\/\/flowerevents.com\/fr\/evenementiel\/evenements-daffaires\/"},{"@type":"ListItem","position":4,"name":"Fleurs en abonnement"}]},{"@type":"WebSite","@id":"https:\/\/flowerevents.com\/fr\/#website","url":"https:\/\/flowerevents.com\/fr\/","name":"Flowerevents","description":"Wenn es um Blumiges geht - die sch\u00f6nste Blumengesch\u00e4ft von Luzern","alternateName":"Blumen Luzern Flowerevents","potentialAction":[{"@type":"SearchAction","target":{"@type":"EntryPoint","urlTemplate":"https:\/\/flowerevents.com\/fr\/?s={search_term_string}"},"query-input":{"@type":"PropertyValueSpecification","valueRequired":true,"valueName":"search_term_string"}}],"inLanguage":"fr-FR"}]}},"_links":{"self":[{"href":"https:\/\/flowerevents.com\/fr\/wp-json\/wp\/v2\/pages\/11896"}],"collection":[{"href":"https:\/\/flowerevents.com\/fr\/wp-json\/wp\/v2\/pages"}],"about":[{"href":"https:\/\/flowerevents.com\/fr\/wp-json\/wp\/v2\/types\/page"}],"author":[{"embeddable":true,"href":"https:\/\/flowerevents.com\/fr\/wp-json\/wp\/v2\/users\/2"}],"replies":[{"embeddable":true,"href":"https:\/\/flowerevents.com\/fr\/wp-json\/wp\/v2\/comments?post=11896"}],"version-history":[{"count":7,"href":"https:\/\/flowerevents.com\/fr\/wp-json\/wp\/v2\/pages\/11896\/revisions"}],"predecessor-version":[{"id":12243,"href":"https:\/\/flowerevents.com\/fr\/wp-json\/wp\/v2\/pages\/11896\/revisions\/12243"}],"up":[{"embeddable":true,"href":"https:\/\/flowerevents.com\/fr\/wp-json\/wp\/v2\/pages\/11892"}],"wp:attachment":[{"href":"https:\/\/flowerevents.com\/fr\/wp-json\/wp\/v2\/media?parent=11896"}],"curies":[{"name":"wp","href":"https:\/\/api.w.org\/{rel}","templated":true}]}}