{"id":11893,"date":"2024-05-31T15:38:55","date_gmt":"2024-05-31T13:38:55","guid":{"rendered":"https:\/\/neu.flowerevents.com\/?page_id=11893"},"modified":"2024-06-02T15:09:23","modified_gmt":"2024-06-02T13:09:23","slug":"evenements-prives","status":"publish","type":"page","link":"https:\/\/flowerevents.com\/fr\/evenementiel\/evenements-prives\/","title":{"rendered":"\u00c9v\u00e9nements priv\u00e9s"},"content":{"rendered":"<h1>\u00c9v\u00e9nements priv\u00e9s<\/h1>\n<p><a href=\"#Private Events\">\u00c9v\u00e9nements priv\u00e9s<\/a><\/p>\n<div>\n<p>Vous avez un \u00e9v\u00e9nement priv\u00e9 \u00e0 f\u00eater chez vous &#8211; un anniversaire ou un jubil\u00e9 &#8211; ou vous souhaitez simplement faire plaisir \u00e0 quelqu&rsquo;un ?<\/p>\n<p>Contactez-nous et nous nous ferons un plaisir de vous conseiller.<\/p>\n<\/div>\n<ul>\n<li>\n        <a href=\"\/evenements\/evenements-daffaires\/?lang=fr\">\u00c9v\u00e9nements d&rsquo;affairs<\/a>\n    <\/li>\n<li>\n        <a href=\"\/evenements\/evenements-daffaires\/conception-de-salons\/?lang=fr\">Conception de salon<\/a>\n    <\/li>\n<li>\n        <a href=\"\/evenements\/evenements-daffaires\/fleurs-en-abonnement\/?lang=fr\">Abonnement aux fleurs<\/a>\n    <\/li>\n<li>\n        <a href=\"\/evenements\/evenements-prives\/mariages\/?lang=fr\">Mariages<\/a>\n    <\/li>\n<li>\n        <a href=\"\/evenements\/evenements-prives\/dire-au-revoir\/?lang=fr\">Dire au revoir<\/a>\n    <\/li>\n<\/ul>\n<ul>\n<li>\n<p>        <img decoding=\"async\" src=\"\/wp-content\/uploads\/2024\/04\/td_hortensienkugel.jpg\" alt=\"\"><\/p>\n<h1>D\u00e9coration de table pour une f\u00eate de jardin<\/h1>\n<\/li>\n<li>\n<p>        <img decoding=\"async\" src=\"\/wp-content\/uploads\/2024\/04\/DSC6349.jpg\" alt=\"\"><\/p>\n<h1>D\u00e9coration de table avec des petits vases comme give-aways<\/h1>\n<\/li>\n<li>\n<p>        <img decoding=\"async\" src=\"\/wp-content\/uploads\/2024\/04\/Vip-Q.jpg\" alt=\"\"><\/p>\n<h1>Bouquets de fleurs pour un anniversaire<\/h1>\n<\/li>\n<li>\n<p>        <img decoding=\"async\" src=\"\/wp-content\/uploads\/2024\/04\/Tulip-Vase.jpg\" alt=\"\"><\/p>\n<h1>Le cadeau fleuri avec vase<\/h1>\n<\/li>\n<li>\n<p>        <img decoding=\"async\" src=\"\/wp-content\/uploads\/2024\/04\/Lotosblumen-1.jpg\" alt=\"\"><\/p>\n<h1>Ch\u00e8que-cadeau<\/h1>\n<\/li>\n<\/ul>\n<p><!--more--><br \/>\n<!-- {\"type\":\"layout\",\"children\":[{\"type\":\"section\",\"props\":{\"header_transparent\":false,\"header_transparent_noplaceholder\":false,\"height\":\"section\",\"height_offset_top\":false,\"image\":\"wp-content\\\/uploads\\\/2024\\\/05\\\/s2.herm_.jpg\",\"image_loading\":true,\"image_parallax_bgy\":\"400\",\"image_position\":\"center-center\",\"image_size\":\"cover\",\"media_focal_point\":\"top-center\",\"overlap\":false,\"padding\":\"small\",\"padding_remove_bottom\":false,\"padding_remove_top\":false,\"preserve_color\":true,\"style\":\"primary\",\"title_breakpoint\":\"xl\",\"title_position\":\"top-left\",\"title_rotation\":\"left\",\"vertical_align\":\"middle\",\"width\":\"xlarge\"},\"children\":[{\"type\":\"row\",\"children\":[{\"type\":\"column\",\"props\":{\"image_position\":\"center-center\",\"position_sticky_breakpoint\":\"m\"},\"children\":[{\"type\":\"headline\",\"props\":{\"animation\":\"none\",\"content\":\"\\u00c9v\\u00e9nements priv\\u00e9s\",\"margin_remove_bottom\":true,\"margin_remove_top\":true,\"parallax_blur\":\"50\",\"parallax_opacity\":\"1,0\",\"parallax_scale\":\"0.5\",\"text_align\":\"center\",\"title_element\":\"h1\",\"title_style\":\"heading-xlarge\"}}]}]}],\"name\":\"Hero\"},{\"type\":\"section\",\"props\":{\"image_position\":\"center-center\",\"padding\":\"small\",\"padding_remove_bottom\":false,\"padding_remove_top\":false,\"preserve_color\":true,\"style\":\"primary\",\"title_breakpoint\":\"xl\",\"title_position\":\"top-left\",\"title_rotation\":\"left\",\"vertical_align\":\"middle\",\"width\":\"xlarge\"},\"children\":[{\"type\":\"row\",\"children\":[{\"type\":\"column\",\"props\":{\"image_position\":\"center-center\",\"position_sticky_breakpoint\":\"m\"},\"children\":[{\"type\":\"nav\",\"props\":{\"grid\":\"2\",\"grid_column_gap\":\"collapse\",\"grid_row_gap\":\"collapse\",\"image_vertical_align\":true,\"nav_divider\":true,\"nav_size\":\"medium\",\"nav_style\":\"primary\",\"show_image\":true,\"show_meta\":true},\"children\":[{\"type\":\"nav_item\",\"props\":{\"content\":\"\\u00c9v\\u00e9nements priv\\u00e9s\",\"link\":\"#Private Events\"}}]},{\"type\":\"text\",\"props\":{\"column_breakpoint\":\"m\",\"content\":\"\n\n<p>Vous avez un \\u00e9v\\u00e9nement priv\\u00e9 \\u00e0 f\\u00eater chez vous - un anniversaire ou un jubil\\u00e9 - ou vous souhaitez simplement faire plaisir \\u00e0 quelqu'un ?<\\\/p>\\n\n\n<p>Contactez-nous et nous nous ferons un plaisir de vous conseiller.<\\\/p>\",\"margin\":\"remove-vertical\",\"text_align\":\"left\"}},{\"type\":\"subnav\",\"children\":[{\"type\":\"subnav_item\",\"props\":{\"content\":\"\\u00c9v\\u00e9nements d'affairs\",\"link\":\"evenements\\\/evenements-daffaires\\\/?lang=fr\"}},{\"type\":\"subnav_item\",\"props\":{\"content\":\"Conception de salon\",\"link\":\"evenements\\\/evenements-daffaires\\\/conception-de-salons\\\/?lang=fr\"}},{\"type\":\"subnav_item\",\"props\":{\"content\":\"Abonnement aux fleurs\",\"link\":\"evenements\\\/evenements-daffaires\\\/fleurs-en-abonnement\\\/?lang=fr\"}},{\"type\":\"subnav_item\",\"props\":{\"content\":\"Mariages\",\"link\":\"evenements\\\/evenements-prives\\\/mariages\\\/?lang=fr\"}},{\"type\":\"subnav_item\",\"props\":{\"content\":\"Dire au revoir\",\"link\":\"evenements\\\/evenements-prives\\\/dire-au-revoir\\\/?lang=fr\"}}],\"props\":{\"margin\":\"default\",\"margin_remove_bottom\":false}},{\"type\":\"slideshow\",\"props\":{\"animation\":\"none\",\"block_align\":\"center\",\"content_margin\":\"remove\",\"link_margin\":\"small\",\"link_style\":\"default\",\"link_text\":\"\",\"margin\":\"remove-vertical\",\"meta_align\":\"below-title\",\"meta_element\":\"div\",\"meta_margin\":\"remove\",\"meta_style\":\"text-meta\",\"nav\":\"dotnav\",\"nav_align\":\"center\",\"nav_below\":true,\"nav_breakpoint\":\"s\",\"nav_color\":\"light\",\"nav_position\":\"bottom-center\",\"nav_position_margin\":\"medium\",\"overlay_animation\":\"parallax\",\"overlay_container\":\"default\",\"overlay_margin\":\"none\",\"overlay_position\":\"bottom-center\",\"overlay_width\":\"xlarge\",\"show_content\":true,\"show_link\":true,\"show_meta\":true,\"show_thumbnail\":true,\"show_title\":true,\"slidenav\":\"outside\",\"slidenav_breakpoint\":\"s\",\"slidenav_margin\":\"\",\"slidenav_outside_breakpoint\":\"xl\",\"slidenav_outside_color\":\"light\",\"slideshow_animation\":\"fade\",\"slideshow_autoplay\":true,\"slideshow_autoplay_interval\":\"3\",\"slideshow_autoplay_pause\":true,\"slideshow_height\":\"viewport\",\"slideshow_min_height\":\"300\",\"slideshow_velocity\":\"3\",\"text_align\":\"center\",\"thumbnav_height\":\"75\",\"thumbnav_svg_color\":\"emphasis\",\"thumbnav_width\":\"100\",\"title_element\":\"h1\"},\"children\":[{\"type\":\"slideshow_item\",\"props\":{\"image\":\"wp-content\\\/uploads\\\/2024\\\/04\\\/td_hortensienkugel.jpg\",\"title\":\"D\\u00e9coration de table pour une f\\u00eate de jardin\"}},{\"type\":\"slideshow_item\",\"props\":{\"image\":\"wp-content\\\/uploads\\\/2024\\\/04\\\/DSC6349.jpg\",\"title\":\"D\\u00e9coration de table avec des petits vases comme give-aways\"}},{\"type\":\"slideshow_item\",\"props\":{\"image\":\"wp-content\\\/uploads\\\/2024\\\/04\\\/Vip-Q.jpg\",\"title\":\"Bouquets de fleurs pour un anniversaire\"}},{\"type\":\"slideshow_item\",\"props\":{\"image\":\"wp-content\\\/uploads\\\/2024\\\/04\\\/Tulip-Vase.jpg\",\"title\":\"Le cadeau fleuri avec vase\"}},{\"type\":\"slideshow_item\",\"props\":{\"image\":\"wp-content\\\/uploads\\\/2024\\\/04\\\/Lotosblumen-1.jpg\",\"title\":\"Ch\\u00e8que-cadeau\"}}]}]}]}]},{\"type\":\"section\",\"props\":{\"image_position\":\"center-center\",\"padding\":\"none\",\"preserve_color\":true,\"style\":\"primary\",\"title_breakpoint\":\"xl\",\"title_position\":\"top-left\",\"title_rotation\":\"left\",\"vertical_align\":\"middle\",\"width\":\"xlarge\"},\"children\":[{\"type\":\"row\",\"children\":[{\"type\":\"column\",\"props\":{\"image_position\":\"center-center\",\"position_sticky_breakpoint\":\"m\"},\"children\":[{\"type\":\"totop\",\"props\":{\"margin\":\"remove-vertical\",\"text_align\":\"right\",\"title_grid_column_gap\":\"small\",\"title_grid_row_gap\":\"small\"}}]}]}]}],\"version\":\"4.3.13\"} --><\/p>\n","protected":false},"excerpt":{"rendered":"<p>\u00c9v\u00e9nements priv\u00e9s \u00c9v\u00e9nements priv\u00e9s Vous avez un \u00e9v\u00e9nement priv\u00e9 \u00e0 f\u00eater chez vous &#8211; un anniversaire ou un jubil\u00e9 &#8211; ou vous souhaitez simplement faire plaisir \u00e0 quelqu&rsquo;un ? Contactez-nous et nous nous ferons un plaisir de vous conseiller. \u00c9v\u00e9nements d&rsquo;affairs Conception de salon Abonnement aux fleurs Mariages Dire au revoir D\u00e9coration de table pour [&hellip;]<\/p>\n","protected":false},"author":2,"featured_media":0,"parent":11890,"menu_order":2,"comment_status":"closed","ping_status":"closed","template":"","meta":{"footnotes":""},"class_list":["post-11893","page","type-page","status-publish","hentry"],"yoast_head":"<!-- This site is optimized with the Yoast SEO Premium plugin v24.9 (Yoast SEO v24.9) - https:\/\/yoast.com\/wordpress\/plugins\/seo\/ -->\n<title>\u00c9v\u00e9nements priv\u00e9s - Blumen Florist Luzern Blumenonline<\/title>\n<meta name=\"description\" content=\"Blumen Blumengesch\u00e4ft Florist Luzern\" \/>\n<meta name=\"robots\" content=\"index, follow, max-snippet:-1, max-image-preview:large, max-video-preview:-1\" \/>\n<link rel=\"canonical\" href=\"https:\/\/flowerevents.com\/fr\/evenementiel\/evenements-prives\/\" \/>\n<meta property=\"og:locale\" content=\"fr_FR\" \/>\n<meta property=\"og:type\" content=\"article\" \/>\n<meta property=\"og:title\" content=\"\u00c9v\u00e9nements priv\u00e9s\" \/>\n<meta property=\"og:description\" content=\"Instagram\" \/>\n<meta property=\"og:url\" content=\"https:\/\/flowerevents.com\/fr\/evenementiel\/evenements-prives\/\" \/>\n<meta property=\"og:site_name\" content=\"Blumen Florist Luzern Blumenonline\" \/>\n<meta property=\"article:publisher\" content=\"https:\/\/www.facebook.com\/flowerevents.ch\" \/>\n<meta property=\"article:modified_time\" content=\"2024-06-02T13:09:23+00:00\" \/>\n<meta name=\"twitter:card\" content=\"summary_large_image\" \/>\n<script type=\"application\/ld+json\" class=\"yoast-schema-graph\">{\"@context\":\"https:\/\/schema.org\",\"@graph\":[{\"@type\":\"WebPage\",\"@id\":\"https:\/\/flowerevents.com\/fr\/evenementiel\/evenements-prives\/\",\"url\":\"https:\/\/flowerevents.com\/fr\/evenementiel\/evenements-prives\/\",\"name\":\"\u00c9v\u00e9nements priv\u00e9s - Blumen Florist Luzern Blumenonline\",\"isPartOf\":{\"@id\":\"https:\/\/flowerevents.com\/fr\/#website\"},\"datePublished\":\"2024-05-31T13:38:55+00:00\",\"dateModified\":\"2024-06-02T13:09:23+00:00\",\"description\":\"Blumen Blumengesch\u00e4ft Florist Luzern\",\"breadcrumb\":{\"@id\":\"https:\/\/flowerevents.com\/fr\/evenementiel\/evenements-prives\/#breadcrumb\"},\"inLanguage\":\"fr-FR\",\"potentialAction\":[{\"@type\":\"ReadAction\",\"target\":[\"https:\/\/flowerevents.com\/fr\/evenementiel\/evenements-prives\/\"]}]},{\"@type\":\"BreadcrumbList\",\"@id\":\"https:\/\/flowerevents.com\/fr\/evenementiel\/evenements-prives\/#breadcrumb\",\"itemListElement\":[{\"@type\":\"ListItem\",\"position\":1,\"name\":\"Startseite\",\"item\":\"https:\/\/flowerevents.com\/fr\/\"},{\"@type\":\"ListItem\",\"position\":2,\"name\":\"\u00c9v\u00e8nementiel\",\"item\":\"https:\/\/flowerevents.com\/fr\/evenementiel\/\"},{\"@type\":\"ListItem\",\"position\":3,\"name\":\"\u00c9v\u00e9nements priv\u00e9s\"}]},{\"@type\":\"WebSite\",\"@id\":\"https:\/\/flowerevents.com\/fr\/#website\",\"url\":\"https:\/\/flowerevents.com\/fr\/\",\"name\":\"Flowerevents\",\"description\":\"Wenn es um Blumiges geht - die sch\u00f6nste Blumengesch\u00e4ft von Luzern\",\"alternateName\":\"Blumen Luzern Flowerevents\",\"potentialAction\":[{\"@type\":\"SearchAction\",\"target\":{\"@type\":\"EntryPoint\",\"urlTemplate\":\"https:\/\/flowerevents.com\/fr\/?s={search_term_string}\"},\"query-input\":{\"@type\":\"PropertyValueSpecification\",\"valueRequired\":true,\"valueName\":\"search_term_string\"}}],\"inLanguage\":\"fr-FR\"}]}<\/script>\n<!-- \/ Yoast SEO Premium plugin. -->","yoast_head_json":{"title":"\u00c9v\u00e9nements priv\u00e9s - Blumen Florist Luzern Blumenonline","description":"Blumen Blumengesch\u00e4ft Florist Luzern","robots":{"index":"index","follow":"follow","max-snippet":"max-snippet:-1","max-image-preview":"max-image-preview:large","max-video-preview":"max-video-preview:-1"},"canonical":"https:\/\/flowerevents.com\/fr\/evenementiel\/evenements-prives\/","og_locale":"fr_FR","og_type":"article","og_title":"\u00c9v\u00e9nements priv\u00e9s","og_description":"Instagram","og_url":"https:\/\/flowerevents.com\/fr\/evenementiel\/evenements-prives\/","og_site_name":"Blumen Florist Luzern Blumenonline","article_publisher":"https:\/\/www.facebook.com\/flowerevents.ch","article_modified_time":"2024-06-02T13:09:23+00:00","twitter_card":"summary_large_image","schema":{"@context":"https:\/\/schema.org","@graph":[{"@type":"WebPage","@id":"https:\/\/flowerevents.com\/fr\/evenementiel\/evenements-prives\/","url":"https:\/\/flowerevents.com\/fr\/evenementiel\/evenements-prives\/","name":"\u00c9v\u00e9nements priv\u00e9s - Blumen Florist Luzern Blumenonline","isPartOf":{"@id":"https:\/\/flowerevents.com\/fr\/#website"},"datePublished":"2024-05-31T13:38:55+00:00","dateModified":"2024-06-02T13:09:23+00:00","description":"Blumen Blumengesch\u00e4ft Florist Luzern","breadcrumb":{"@id":"https:\/\/flowerevents.com\/fr\/evenementiel\/evenements-prives\/#breadcrumb"},"inLanguage":"fr-FR","potentialAction":[{"@type":"ReadAction","target":["https:\/\/flowerevents.com\/fr\/evenementiel\/evenements-prives\/"]}]},{"@type":"BreadcrumbList","@id":"https:\/\/flowerevents.com\/fr\/evenementiel\/evenements-prives\/#breadcrumb","itemListElement":[{"@type":"ListItem","position":1,"name":"Startseite","item":"https:\/\/flowerevents.com\/fr\/"},{"@type":"ListItem","position":2,"name":"\u00c9v\u00e8nementiel","item":"https:\/\/flowerevents.com\/fr\/evenementiel\/"},{"@type":"ListItem","position":3,"name":"\u00c9v\u00e9nements priv\u00e9s"}]},{"@type":"WebSite","@id":"https:\/\/flowerevents.com\/fr\/#website","url":"https:\/\/flowerevents.com\/fr\/","name":"Flowerevents","description":"Wenn es um Blumiges geht - die sch\u00f6nste Blumengesch\u00e4ft von Luzern","alternateName":"Blumen Luzern Flowerevents","potentialAction":[{"@type":"SearchAction","target":{"@type":"EntryPoint","urlTemplate":"https:\/\/flowerevents.com\/fr\/?s={search_term_string}"},"query-input":{"@type":"PropertyValueSpecification","valueRequired":true,"valueName":"search_term_string"}}],"inLanguage":"fr-FR"}]}},"_links":{"self":[{"href":"https:\/\/flowerevents.com\/fr\/wp-json\/wp\/v2\/pages\/11893"}],"collection":[{"href":"https:\/\/flowerevents.com\/fr\/wp-json\/wp\/v2\/pages"}],"about":[{"href":"https:\/\/flowerevents.com\/fr\/wp-json\/wp\/v2\/types\/page"}],"author":[{"embeddable":true,"href":"https:\/\/flowerevents.com\/fr\/wp-json\/wp\/v2\/users\/2"}],"replies":[{"embeddable":true,"href":"https:\/\/flowerevents.com\/fr\/wp-json\/wp\/v2\/comments?post=11893"}],"version-history":[{"count":7,"href":"https:\/\/flowerevents.com\/fr\/wp-json\/wp\/v2\/pages\/11893\/revisions"}],"predecessor-version":[{"id":12244,"href":"https:\/\/flowerevents.com\/fr\/wp-json\/wp\/v2\/pages\/11893\/revisions\/12244"}],"up":[{"embeddable":true,"href":"https:\/\/flowerevents.com\/fr\/wp-json\/wp\/v2\/pages\/11890"}],"wp:attachment":[{"href":"https:\/\/flowerevents.com\/fr\/wp-json\/wp\/v2\/media?parent=11893"}],"curies":[{"name":"wp","href":"https:\/\/api.w.org\/{rel}","templated":true}]}}