{"id":11888,"date":"2024-05-31T15:36:46","date_gmt":"2024-05-31T13:36:46","guid":{"rendered":"https:\/\/neu.flowerevents.com\/?page_id=11888"},"modified":"2024-06-21T11:15:47","modified_gmt":"2024-06-21T09:15:47","slug":"accessoires","status":"publish","type":"page","link":"https:\/\/flowerevents.com\/fr\/accessoires\/","title":{"rendered":"Accessoires"},"content":{"rendered":"<h1>Accessoires<\/h1>\n<div>\n<h1>Accessoires<\/h1>\n<\/div>\n<div>\n<p>Vous trouverez ici un aper\u00e7u des principaux labels que nous distribuons.<br \/>Ils sont en g\u00e9n\u00e9ral des familles &#8211; des entreprises avec une longue tradition ou une longue relation d&rsquo;affaires et d&rsquo;amiti\u00e9.<br \/>Nous soutenons ces produits de haute qualit\u00e9, que nous recommandons volontiers.<br \/>Il est tr\u00e8s important pour nous de bien conna\u00eetre nos fournisseurs et de leur accorder notre confiance.<\/p>\n<\/p>\n<\/div>\n<ul>\n<li>\n        <a href=\"\/fr\/accessoires\/mobach-ceramique\/\">Mobach C\u00e9ramique<\/a>\n    <\/li>\n<li>\n        <a href=\"\/accessoires\/atelier-vierkant\/?lang=fr\">Atelier Vierkant<\/a>\n    <\/li>\n<li>\n        <a href=\"\/accessoires\/guaxs\/?lang=fr\">Guaxs Vases<\/a>\n    <\/li>\n<li>\n        <a href=\"\/accessoires\/naturform\/?lang=fr\">Naturform<\/a>\n    <\/li>\n<\/ul>\n<ul>\n<li>\n<p>        <img decoding=\"async\" src=\"\/wp-content\/uploads\/2024\/04\/mo_messe2.jpg\" alt=\"\"><\/p>\n<h1>Mobach C\u00e9ramique<\/h1>\n<p><a href=\"\/accessoires\/mobach-keramik\/\">Vers la page de Mobach<\/a><\/p>\n<\/li>\n<li>\n<p>        <img decoding=\"async\" src=\"\/wp-content\/uploads\/2024\/04\/U-mit-Hortensien.jpg\" alt=\"\"><\/p>\n<h1>Atelier Vierkant<\/h1>\n<div>\n<p>Modellreihe U<\/p>\n<\/div>\n<p><a href=\"\/accessoires\/atelier-vierkant\/\">Vers la page Atelier Vierkant<\/a><\/p>\n<\/li>\n<li>\n<p>        <img decoding=\"async\" src=\"\/wp-content\/uploads\/2024\/04\/Q.Guaxs4_.jpg\" alt=\"\"><\/p>\n<h1>Guaxs Vases<\/h1>\n<p><a href=\"\/accessoires\/guaxs\/\">Vers la page de Guax<\/a><\/p>\n<\/li>\n<li>\n<p>        <img decoding=\"async\" src=\"\/wp-content\/uploads\/2024\/04\/q15643625784.jpg\" alt=\"\"><\/p>\n<h1>Naturform<\/h1>\n<p><a href=\"\/accessoires\/naturform\/\">Vers la page Naturform<\/a><\/p>\n<\/li>\n<\/ul>\n<p><!--more--><br \/>\n<!-- {\"type\":\"layout\",\"children\":[{\"type\":\"section\",\"props\":{\"header_transparent\":true,\"header_transparent_noplaceholder\":false,\"height_offset_top\":false,\"image\":\"wp-content\\\/uploads\\\/2024\\\/05\\\/s2a.Guaxs2_.jpg\",\"image_loading\":true,\"image_parallax_bgy\":\"400\",\"image_position\":\"center-center\",\"image_size\":\"cover\",\"media_focal_point\":\"top-center\",\"padding\":\"small\",\"padding_remove_horizontal\":false,\"preserve_color\":true,\"style\":\"primary\",\"title_breakpoint\":\"xl\",\"title_position\":\"top-left\",\"title_rotation\":\"left\",\"vertical_align\":\"middle\",\"width\":\"\"},\"children\":[{\"type\":\"row\",\"children\":[{\"type\":\"column\",\"props\":{\"image_position\":\"center-center\",\"position_sticky_breakpoint\":\"m\"},\"children\":[{\"type\":\"headline\",\"props\":{\"animation\":\"none\",\"content\":\"Accessoires\",\"margin_remove_bottom\":true,\"margin_remove_top\":true,\"parallax_blur\":\"50\",\"parallax_opacity\":\"1,0\",\"parallax_scale\":\"0.5\",\"text_align\":\"center\",\"title_element\":\"h1\",\"title_style\":\"heading-2xlarge\"}}]}]}],\"name\":\"Hero\"},{\"type\":\"section\",\"props\":{\"image_position\":\"center-center\",\"padding\":\"small\",\"padding_remove_bottom\":false,\"preserve_color\":true,\"style\":\"primary\",\"title_breakpoint\":\"xl\",\"title_position\":\"top-left\",\"title_rotation\":\"left\",\"vertical_align\":\"middle\",\"width\":\"xlarge\"},\"children\":[{\"type\":\"row\",\"props\":{\"column_gap\":\"collapse\",\"match\":false,\"row_gap\":\"collapse\",\"width\":\"expand\"},\"children\":[{\"type\":\"column\",\"props\":{\"image_position\":\"center-center\",\"position_sticky_breakpoint\":\"m\"},\"children\":[{\"type\":\"text\",\"props\":{\"column_breakpoint\":\"m\",\"content\":\"\n\n<h1>Accessoires<\\\/h1>\",\"margin\":\"default\"}},{\"type\":\"text\",\"props\":{\"column_breakpoint\":\"m\",\"content\":\"\n\n<p>Vous trouverez ici un aper\\u00e7u des principaux labels que nous distribuons.<br \\\/>Ils sont en g\\u00e9n\\u00e9ral des familles - des entreprises avec une longue tradition ou une longue relation d'affaires et d'amiti\\u00e9.<br \\\/>Nous soutenons ces produits de haute qualit\\u00e9, que nous recommandons volontiers.<br \\\/>Il est tr\\u00e8s important pour nous de bien conna\\u00eetre nos fournisseurs et de leur accorder notre confiance.<\\\/p>\\n\n\n<p><\\\/p>\",\"margin\":\"remove-vertical\",\"margin_remove_bottom\":true,\"margin_remove_top\":true}},{\"type\":\"subnav\",\"children\":[{\"type\":\"subnav_item\",\"props\":{\"content\":\"Mobach C\\u00e9ramique\",\"link\":\"fr\\\/accessoires\\\/mobach-ceramique\\\/\"}},{\"type\":\"subnav_item\",\"props\":{\"content\":\"Atelier Vierkant\",\"link\":\"accessoires\\\/atelier-vierkant\\\/?lang=fr\"}},{\"type\":\"subnav_item\",\"props\":{\"content\":\"Guaxs Vases\",\"link\":\"accessoires\\\/guaxs\\\/?lang=fr\"}},{\"type\":\"subnav_item\",\"props\":{\"content\":\"Naturform\",\"link\":\"accessoires\\\/naturform\\\/?lang=fr\"}}]},{\"type\":\"gallery\",\"props\":{\"filter\":false,\"filter_align\":\"center\",\"filter_all\":true,\"filter_animation\":\"fade\",\"filter_grid_breakpoint\":\"m\",\"filter_grid_width\":\"auto\",\"filter_position\":\"top\",\"filter_style\":\"tab\",\"grid_column_align\":false,\"grid_column_gap\":\"small\",\"grid_default\":\"2\",\"grid_divider\":false,\"grid_large\":\"2\",\"grid_medium\":\"2\",\"grid_row_align\":false,\"grid_row_gap\":\"small\",\"grid_small\":\"2\",\"grid_xlarge\":\"2\",\"item_animation\":true,\"lightbox\":false,\"link_style\":\"default\",\"link_text\":\"Read more\",\"margin\":\"default\",\"meta_align\":\"below-title\",\"meta_element\":\"div\",\"meta_style\":\"text-meta\",\"overlay_hover\":true,\"overlay_link\":false,\"overlay_mode\":\"cover\",\"overlay_position\":\"center\",\"overlay_style\":\"overlay-primary\",\"overlay_transition\":\"fade\",\"show_content\":true,\"show_hover_image\":true,\"show_link\":true,\"show_meta\":true,\"show_title\":true,\"text_align\":\"center\",\"text_color\":\"light\",\"title_element\":\"h1\",\"title_hover_style\":\"reset\",\"title_style\":\"h1\"},\"children\":[{\"type\":\"gallery_item\",\"props\":{\"content\":\"\",\"image\":\"wp-content\\\/uploads\\\/2024\\\/04\\\/mo_messe2.jpg\",\"link\":\"accessoires\\\/mobach-keramik\\\/\",\"link_text\":\"Vers la page de Mobach\",\"title\":\"Mobach C\\u00e9ramique\"}},{\"type\":\"gallery_item\",\"props\":{\"content\":\"\n\n<p>Modellreihe U<\\\/p>\",\"image\":\"wp-content\\\/uploads\\\/2024\\\/04\\\/U-mit-Hortensien.jpg\",\"link\":\"accessoires\\\/atelier-vierkant\\\/\",\"link_text\":\"Vers la page Atelier Vierkant\",\"title\":\"Atelier Vierkant\"}},{\"type\":\"gallery_item\",\"props\":{\"content\":\"\",\"image\":\"wp-content\\\/uploads\\\/2024\\\/04\\\/Q.Guaxs4_.jpg\",\"link\":\"accessoires\\\/guaxs\\\/\",\"link_text\":\"Vers la page de Guax\",\"title\":\"Guaxs Vases\"}},{\"type\":\"gallery_item\",\"props\":{\"content\":\"\",\"image\":\"wp-content\\\/uploads\\\/2024\\\/04\\\/q15643625784.jpg\",\"link\":\"accessoires\\\/naturform\\\/\",\"link_text\":\"Vers la page Naturform\",\"title\":\"Naturform\"}}]}]}]}]},{\"type\":\"section\",\"props\":{\"image_position\":\"center-center\",\"padding\":\"xsmall\",\"padding_remove_bottom\":false,\"padding_remove_top\":false,\"preserve_color\":true,\"style\":\"primary\",\"title_breakpoint\":\"xl\",\"title_position\":\"top-left\",\"title_rotation\":\"left\",\"vertical_align\":\"middle\",\"width\":\"xlarge\"},\"children\":[{\"type\":\"row\",\"children\":[{\"type\":\"column\",\"props\":{\"image_position\":\"center-center\",\"position_sticky_breakpoint\":\"m\"},\"children\":[{\"type\":\"totop\",\"props\":{\"margin\":\"default\",\"text_align\":\"right\",\"title_grid_column_gap\":\"small\",\"title_grid_row_gap\":\"small\"}}]}]}]}],\"version\":\"4.3.13\"} --><\/p>\n","protected":false},"excerpt":{"rendered":"<p>Accessoires Accessoires Vous trouverez ici un aper\u00e7u des principaux labels que nous distribuons.Ils sont en g\u00e9n\u00e9ral des familles &#8211; des entreprises avec une longue tradition ou une longue relation d&rsquo;affaires et d&rsquo;amiti\u00e9.Nous soutenons ces produits de haute qualit\u00e9, que nous recommandons volontiers.Il est tr\u00e8s important pour nous de bien conna\u00eetre nos fournisseurs et de leur [&hellip;]<\/p>\n","protected":false},"author":2,"featured_media":0,"parent":0,"menu_order":0,"comment_status":"closed","ping_status":"closed","template":"","meta":{"footnotes":""},"class_list":["post-11888","page","type-page","status-publish","hentry"],"yoast_head":"<!-- This site is optimized with the Yoast SEO Premium plugin v24.9 (Yoast SEO v24.9) - https:\/\/yoast.com\/wordpress\/plugins\/seo\/ -->\n<title>Accessoires - Blumen Florist Luzern Blumenonline<\/title>\n<meta name=\"description\" content=\"Blumen Blumengesch\u00e4ft Florist Luzern\" \/>\n<meta name=\"robots\" content=\"index, follow, max-snippet:-1, max-image-preview:large, max-video-preview:-1\" \/>\n<link rel=\"canonical\" href=\"https:\/\/flowerevents.com\/fr\/accessoires\/\" \/>\n<meta property=\"og:locale\" content=\"fr_FR\" \/>\n<meta property=\"og:type\" content=\"article\" \/>\n<meta property=\"og:title\" content=\"Accessoires\" \/>\n<meta property=\"og:description\" content=\"Instagram\" \/>\n<meta property=\"og:url\" content=\"https:\/\/flowerevents.com\/fr\/accessoires\/\" \/>\n<meta property=\"og:site_name\" content=\"Blumen Florist Luzern Blumenonline\" \/>\n<meta property=\"article:publisher\" content=\"https:\/\/www.facebook.com\/flowerevents.ch\" \/>\n<meta property=\"article:modified_time\" content=\"2024-06-21T09:15:47+00:00\" \/>\n<meta name=\"twitter:card\" content=\"summary_large_image\" \/>\n<script type=\"application\/ld+json\" class=\"yoast-schema-graph\">{\"@context\":\"https:\/\/schema.org\",\"@graph\":[{\"@type\":\"WebPage\",\"@id\":\"https:\/\/flowerevents.com\/fr\/accessoires\/\",\"url\":\"https:\/\/flowerevents.com\/fr\/accessoires\/\",\"name\":\"Accessoires - Blumen Florist Luzern Blumenonline\",\"isPartOf\":{\"@id\":\"https:\/\/flowerevents.com\/fr\/#website\"},\"datePublished\":\"2024-05-31T13:36:46+00:00\",\"dateModified\":\"2024-06-21T09:15:47+00:00\",\"description\":\"Blumen Blumengesch\u00e4ft Florist Luzern\",\"breadcrumb\":{\"@id\":\"https:\/\/flowerevents.com\/fr\/accessoires\/#breadcrumb\"},\"inLanguage\":\"fr-FR\",\"potentialAction\":[{\"@type\":\"ReadAction\",\"target\":[\"https:\/\/flowerevents.com\/fr\/accessoires\/\"]}]},{\"@type\":\"BreadcrumbList\",\"@id\":\"https:\/\/flowerevents.com\/fr\/accessoires\/#breadcrumb\",\"itemListElement\":[{\"@type\":\"ListItem\",\"position\":1,\"name\":\"Startseite\",\"item\":\"https:\/\/flowerevents.com\/fr\/\"},{\"@type\":\"ListItem\",\"position\":2,\"name\":\"Accessoires\"}]},{\"@type\":\"WebSite\",\"@id\":\"https:\/\/flowerevents.com\/fr\/#website\",\"url\":\"https:\/\/flowerevents.com\/fr\/\",\"name\":\"Flowerevents\",\"description\":\"Wenn es um Blumiges geht - die sch\u00f6nste Blumengesch\u00e4ft von Luzern\",\"alternateName\":\"Blumen Luzern Flowerevents\",\"potentialAction\":[{\"@type\":\"SearchAction\",\"target\":{\"@type\":\"EntryPoint\",\"urlTemplate\":\"https:\/\/flowerevents.com\/fr\/?s={search_term_string}\"},\"query-input\":{\"@type\":\"PropertyValueSpecification\",\"valueRequired\":true,\"valueName\":\"search_term_string\"}}],\"inLanguage\":\"fr-FR\"}]}<\/script>\n<!-- \/ Yoast SEO Premium plugin. -->","yoast_head_json":{"title":"Accessoires - Blumen Florist Luzern Blumenonline","description":"Blumen Blumengesch\u00e4ft Florist Luzern","robots":{"index":"index","follow":"follow","max-snippet":"max-snippet:-1","max-image-preview":"max-image-preview:large","max-video-preview":"max-video-preview:-1"},"canonical":"https:\/\/flowerevents.com\/fr\/accessoires\/","og_locale":"fr_FR","og_type":"article","og_title":"Accessoires","og_description":"Instagram","og_url":"https:\/\/flowerevents.com\/fr\/accessoires\/","og_site_name":"Blumen Florist Luzern Blumenonline","article_publisher":"https:\/\/www.facebook.com\/flowerevents.ch","article_modified_time":"2024-06-21T09:15:47+00:00","twitter_card":"summary_large_image","schema":{"@context":"https:\/\/schema.org","@graph":[{"@type":"WebPage","@id":"https:\/\/flowerevents.com\/fr\/accessoires\/","url":"https:\/\/flowerevents.com\/fr\/accessoires\/","name":"Accessoires - Blumen Florist Luzern Blumenonline","isPartOf":{"@id":"https:\/\/flowerevents.com\/fr\/#website"},"datePublished":"2024-05-31T13:36:46+00:00","dateModified":"2024-06-21T09:15:47+00:00","description":"Blumen Blumengesch\u00e4ft Florist Luzern","breadcrumb":{"@id":"https:\/\/flowerevents.com\/fr\/accessoires\/#breadcrumb"},"inLanguage":"fr-FR","potentialAction":[{"@type":"ReadAction","target":["https:\/\/flowerevents.com\/fr\/accessoires\/"]}]},{"@type":"BreadcrumbList","@id":"https:\/\/flowerevents.com\/fr\/accessoires\/#breadcrumb","itemListElement":[{"@type":"ListItem","position":1,"name":"Startseite","item":"https:\/\/flowerevents.com\/fr\/"},{"@type":"ListItem","position":2,"name":"Accessoires"}]},{"@type":"WebSite","@id":"https:\/\/flowerevents.com\/fr\/#website","url":"https:\/\/flowerevents.com\/fr\/","name":"Flowerevents","description":"Wenn es um Blumiges geht - die sch\u00f6nste Blumengesch\u00e4ft von Luzern","alternateName":"Blumen Luzern Flowerevents","potentialAction":[{"@type":"SearchAction","target":{"@type":"EntryPoint","urlTemplate":"https:\/\/flowerevents.com\/fr\/?s={search_term_string}"},"query-input":{"@type":"PropertyValueSpecification","valueRequired":true,"valueName":"search_term_string"}}],"inLanguage":"fr-FR"}]}},"_links":{"self":[{"href":"https:\/\/flowerevents.com\/fr\/wp-json\/wp\/v2\/pages\/11888"}],"collection":[{"href":"https:\/\/flowerevents.com\/fr\/wp-json\/wp\/v2\/pages"}],"about":[{"href":"https:\/\/flowerevents.com\/fr\/wp-json\/wp\/v2\/types\/page"}],"author":[{"embeddable":true,"href":"https:\/\/flowerevents.com\/fr\/wp-json\/wp\/v2\/users\/2"}],"replies":[{"embeddable":true,"href":"https:\/\/flowerevents.com\/fr\/wp-json\/wp\/v2\/comments?post=11888"}],"version-history":[{"count":11,"href":"https:\/\/flowerevents.com\/fr\/wp-json\/wp\/v2\/pages\/11888\/revisions"}],"predecessor-version":[{"id":13169,"href":"https:\/\/flowerevents.com\/fr\/wp-json\/wp\/v2\/pages\/11888\/revisions\/13169"}],"wp:attachment":[{"href":"https:\/\/flowerevents.com\/fr\/wp-json\/wp\/v2\/media?parent=11888"}],"curies":[{"name":"wp","href":"https:\/\/api.w.org\/{rel}","templated":true}]}}