{"id":11863,"date":"2024-04-14T12:55:51","date_gmt":"2024-04-14T10:55:51","guid":{"rendered":"https:\/\/neu.flowerevents.com\/fleurs-et-plantes\/"},"modified":"2024-08-30T08:28:36","modified_gmt":"2024-08-30T06:28:36","slug":"fleurs-et-plantes","status":"publish","type":"page","link":"https:\/\/flowerevents.com\/fr\/fleurs-et-plantes\/","title":{"rendered":"Fleurs et plantes"},"content":{"rendered":"<h1>Fleurs et Plantes<\/h1>\n<div>\n<h1>Fleurs et Plantes<\/h1>\n<\/div>\n<div>\n<p>En tant que fleuriste classique, nous vous proposons tout ce qui concerne les fleurs ou les plantes.<\/p>\n<p>Une large offre de fleurs de saison et de fleurs fra\u00eeches du jour est notre marque de fabrique.<\/p>\n<p>Vous trouverez chez nous, outre des fleurs individuelles, diff\u00e9rentes pi\u00e8ces sous forme li\u00e9e ou piqu\u00e9e.<\/p>\n<\/p>\n<\/div>\n<ul>\n<li>\n<p>        <img decoding=\"async\" src=\"\/wp-content\/uploads\/2024\/04\/Mohn.jpg\" alt=\"\"><\/p>\n<h1>Fleurs coup\u00e9es<\/h1>\n<p><a href=\"\/fr\/fleurs-et-plantes\/fleurs\/\">cliquez ici pour voir les fleurs coup\u00e9es<\/a><\/p>\n<\/li>\n<li>\n<p>        <img decoding=\"async\" src=\"\/wp-content\/uploads\/2024\/04\/Nutans-und-Eucalyptus2.jpg\" alt=\"\"><\/p>\n<h1>Remplissages de vases<\/h1>\n<p><a href=\"\/fr\/fleurs-et-plantes\/\">cliquez ici pour voir les remplissages de vases<\/a><\/p>\n<\/li>\n<li>\n<p>        <img decoding=\"async\" src=\"\/wp-content\/uploads\/2024\/05\/Gloriosa-etc.jpg\" alt=\"\"><\/p>\n<h1>Bouquets<\/h1>\n<p><a href=\"\/fr\/fleurs-et-plantes\/\">cliquez ici pour voir les bouquets<\/a><\/p>\n<\/li>\n<li>\n<p>        <img decoding=\"async\" src=\"\/wp-content\/uploads\/2024\/04\/DSC6989.jpg\" alt=\"\"><\/p>\n<h1>Compositions florales<\/h1>\n<p><a href=\"\/fr\/fleurs-et-plantes\/\">Cliquez ici pour voir les compositions florales<\/a><\/p>\n<\/li>\n<\/ul>\n<div>\n<h1>Fleur et verdure<\/h1>\n<\/div>\n<div>\n<p>Notre assortiment comprend \u00e9galement diff\u00e9rentes plantes \u00e0 fleurs et vertes pour l&rsquo;int\u00e9rieur et l&rsquo;ext\u00e9rieur.<\/p>\n<\/p>\n<\/div>\n<ul>\n<li>\n<p>        <img decoding=\"async\" src=\"\/wp-content\/uploads\/2024\/04\/Phalaenopsis-gold-Mobach.jpg\" alt=\"\"><\/p>\n<h3>Fleurir<\/h3>\n<p><a href=\"\/fr\/fleurs-et-plantes\/fleurir\/\">Cliquez ici pour voir Fleurir<\/a><\/p>\n<\/li>\n<li>\n<p>        <img decoding=\"async\" src=\"\/wp-content\/uploads\/2024\/04\/Farn-1.jpg\" alt=\"\"><\/p>\n<h3>Verdure<\/h3>\n<p><a href=\"\/fr\/fleurs-et-plantes\/verdure\/\">Cliquez ici pour voir Verdure<\/a><\/p>\n<\/li>\n<\/ul>\n<p><!--more--><br \/>\n<!-- {\"type\":\"layout\",\"children\":[{\"type\":\"section\",\"props\":{\"header_transparent\":false,\"header_transparent_noplaceholder\":false,\"height\":\"section\",\"height_offset_top\":false,\"image\":\"wp-content\\\/uploads\\\/2024\\\/05\\\/s2aMohn.jpg\",\"image_loading\":true,\"image_parallax_bgy\":\"400\",\"image_position\":\"center-center\",\"image_size\":\"cover\",\"media_focal_point\":\"top-center\",\"preserve_color\":true,\"style\":\"primary\",\"title_breakpoint\":\"xl\",\"title_position\":\"top-left\",\"title_rotation\":\"left\",\"vertical_align\":\"middle\",\"width\":\"xlarge\"},\"children\":[{\"type\":\"row\",\"children\":[{\"type\":\"column\",\"props\":{\"image_position\":\"center-center\",\"position_sticky_breakpoint\":\"m\"},\"children\":[{\"type\":\"headline\",\"props\":{\"animation\":\"none\",\"content\":\"Fleurs et Plantes\",\"margin_remove_bottom\":true,\"margin_remove_top\":true,\"parallax_blur\":\"50\",\"parallax_opacity\":\"1,0\",\"parallax_scale\":\"0.5\",\"text_align\":\"center\",\"title_element\":\"h1\",\"title_style\":\"heading-xlarge\"}}]}]}],\"name\":\"Hero\"},{\"type\":\"section\",\"props\":{\"image_position\":\"center-center\",\"padding\":\"small\",\"padding_remove_bottom\":false,\"preserve_color\":true,\"style\":\"primary\",\"title_breakpoint\":\"xl\",\"title_position\":\"top-left\",\"title_rotation\":\"left\",\"vertical_align\":\"\",\"width\":\"xlarge\"},\"children\":[{\"type\":\"row\",\"props\":{\"column_gap\":\"small\",\"match\":false,\"row_gap\":\"small\",\"width\":\"expand\"},\"children\":[{\"type\":\"column\",\"props\":{\"image_position\":\"center-center\",\"position_sticky_breakpoint\":\"m\",\"vertical_align\":\"middle\"},\"children\":[{\"type\":\"text\",\"props\":{\"column_breakpoint\":\"m\",\"content\":\"\n\n<h1>Fleurs et Plantes<\\\/h1>\",\"margin\":\"default\"},\"name\":\"Fleurs et Plantes\"},{\"type\":\"text\",\"props\":{\"column_breakpoint\":\"m\",\"content\":\"\n\n<p>En tant que fleuriste classique, nous vous proposons tout ce qui concerne les fleurs ou les plantes.<\\\/p>\\n\n\n<p>Une large offre de fleurs de saison et de fleurs fra\\u00eeches du jour est notre marque de fabrique.<\\\/p>\\n\n\n<p>Vous trouverez chez nous, outre des fleurs individuelles, diff\\u00e9rentes pi\\u00e8ces sous forme li\\u00e9e ou piqu\\u00e9e.<\\\/p>\\n\n\n<p><\\\/p>\",\"margin\":\"default\"}},{\"type\":\"gallery\",\"props\":{\"filter_align\":\"left\",\"filter_all\":true,\"filter_grid_breakpoint\":\"m\",\"filter_grid_width\":\"auto\",\"filter_position\":\"top\",\"filter_style\":\"tab\",\"grid_column_gap\":\"small\",\"grid_default\":\"3\",\"grid_medium\":\"2\",\"grid_row_gap\":\"small\",\"id\":\"https:\\\/\\\/flowerevents.com\\\/Saisonale%20Blumen\",\"item_animation\":true,\"lightbox\":false,\"link_size\":\"small\",\"link_style\":\"default\",\"link_text\":\"Read more\",\"margin\":\"default\",\"meta_align\":\"below-title\",\"meta_element\":\"div\",\"meta_style\":\"text-meta\",\"overlay_hover\":false,\"overlay_link\":false,\"overlay_mode\":\"cover\",\"overlay_position\":\"center\",\"overlay_style\":\"\",\"overlay_transition\":\"fade\",\"overlay_transition_background\":false,\"show_content\":true,\"show_hover_image\":true,\"show_hover_video\":true,\"show_link\":true,\"show_meta\":true,\"show_title\":true,\"text_align\":\"center\",\"text_blend\":false,\"text_color\":\"dark\",\"text_color_hover\":false,\"title_element\":\"h1\",\"title_hover_style\":\"reset\",\"title_style\":\"h1\"},\"children\":[{\"type\":\"gallery_item\",\"props\":{\"content\":\"\",\"image\":\"wp-content\\\/uploads\\\/2024\\\/04\\\/Mohn.jpg\",\"link\":\"fr\\\/fleurs-et-plantes\\\/fleurs\\\/\",\"link_text\":\"cliquez ici pour voir les fleurs coup\\u00e9es\",\"meta\":\"\",\"title\":\"Fleurs coup\\u00e9es\"}},{\"type\":\"gallery_item\",\"props\":{\"content\":\"\",\"image\":\"wp-content\\\/uploads\\\/2024\\\/04\\\/Nutans-und-Eucalyptus2.jpg\",\"link\":\"fr\\\/fleurs-et-plantes\\\/\",\"link_text\":\"cliquez ici pour voir les remplissages de vases\",\"title\":\"Remplissages de vases\"}},{\"type\":\"gallery_item\",\"props\":{\"image\":\"wp-content\\\/uploads\\\/2024\\\/05\\\/Gloriosa-etc.jpg\",\"link\":\"fr\\\/fleurs-et-plantes\\\/\",\"link_text\":\"cliquez ici pour voir les bouquets\",\"title\":\"Bouquets\"}},{\"type\":\"gallery_item\",\"props\":{\"image\":\"wp-content\\\/uploads\\\/2024\\\/04\\\/DSC6989.jpg\",\"link\":\"fr\\\/fleurs-et-plantes\\\/\",\"link_text\":\"Cliquez ici pour voir les compositions florales\",\"title\":\"Compositions florales\"}}]},{\"type\":\"text\",\"props\":{\"column_breakpoint\":\"m\",\"content\":\"\n\n<h1>Fleur et verdure<\\\/h1>\",\"margin\":\"remove-vertical\"},\"name\":\"123\"}]}]},{\"type\":\"row\",\"props\":{\"column_gap\":\"small\",\"match\":false,\"row_gap\":\"small\",\"width\":\"expand\"},\"children\":[{\"type\":\"column\",\"props\":{\"image_position\":\"center-center\",\"position_sticky_breakpoint\":\"m\",\"vertical_align\":\"middle\"},\"children\":[{\"type\":\"text\",\"props\":{\"column_breakpoint\":\"m\",\"content\":\"\n\n<p>Notre assortiment comprend \\u00e9galement diff\\u00e9rentes plantes \\u00e0 fleurs et vertes pour l'int\\u00e9rieur et l'ext\\u00e9rieur.<\\\/p>\\n\n\n<p><\\\/p>\",\"margin\":\"default\"}},{\"type\":\"gallery\",\"props\":{\"filter_align\":\"left\",\"filter_all\":true,\"filter_grid_breakpoint\":\"m\",\"filter_grid_width\":\"auto\",\"filter_position\":\"top\",\"filter_style\":\"tab\",\"grid_column_gap\":\"small\",\"grid_default\":\"3\",\"grid_medium\":\"2\",\"grid_row_gap\":\"small\",\"item_animation\":true,\"link_size\":\"small\",\"link_style\":\"primary\",\"link_text\":\"Read more\",\"margin\":\"default\",\"meta_align\":\"below-title\",\"meta_element\":\"div\",\"meta_style\":\"text-meta\",\"overlay_hover\":false,\"overlay_mode\":\"cover\",\"overlay_position\":\"center\",\"overlay_style\":\"\",\"overlay_transition\":\"fade\",\"show_content\":true,\"show_hover_image\":true,\"show_hover_video\":true,\"show_link\":true,\"show_meta\":true,\"show_title\":true,\"text_align\":\"center\",\"text_color\":\"dark\",\"text_color_hover\":false,\"title_color\":\"danger\",\"title_element\":\"h3\",\"title_hover_style\":\"reset\",\"title_link\":true,\"title_style\":\"h2\"},\"children\":[{\"type\":\"gallery_item\",\"props\":{\"image\":\"wp-content\\\/uploads\\\/2024\\\/04\\\/Phalaenopsis-gold-Mobach.jpg\",\"link\":\"fr\\\/fleurs-et-plantes\\\/fleurir\\\/\",\"link_text\":\"Cliquez ici pour voir Fleurir\",\"title\":\"Fleurir\"}},{\"type\":\"gallery_item\",\"props\":{\"image\":\"wp-content\\\/uploads\\\/2024\\\/04\\\/Farn-1.jpg\",\"link\":\"fr\\\/fleurs-et-plantes\\\/verdure\\\/\",\"link_text\":\"Cliquez ici pour voir Verdure\",\"title\":\"Verdure\"}}]}]}]}],\"name\":\"About\"},{\"type\":\"section\",\"props\":{\"image_position\":\"center-center\",\"padding\":\"none\",\"preserve_color\":true,\"style\":\"primary\",\"title_breakpoint\":\"xl\",\"title_position\":\"top-left\",\"title_rotation\":\"left\",\"vertical_align\":\"\",\"width\":\"xlarge\"},\"children\":[{\"type\":\"row\",\"children\":[{\"type\":\"column\",\"props\":{\"image_position\":\"center-center\",\"position_sticky_breakpoint\":\"m\"},\"children\":[{\"type\":\"totop\",\"props\":{\"margin\":\"remove-vertical\",\"margin_remove_bottom\":true,\"margin_remove_top\":true,\"text_align\":\"right\",\"title_grid_column_gap\":\"small\",\"title_grid_row_gap\":\"small\"}}]}]}]}],\"version\":\"4.4.7\"} --><\/p>\n","protected":false},"excerpt":{"rendered":"<p>Fleurs et Plantes Fleurs et Plantes En tant que fleuriste classique, nous vous proposons tout ce qui concerne les fleurs ou les plantes. Une large offre de fleurs de saison et de fleurs fra\u00eeches du jour est notre marque de fabrique. Vous trouverez chez nous, outre des fleurs individuelles, diff\u00e9rentes pi\u00e8ces sous forme li\u00e9e ou [&hellip;]<\/p>\n","protected":false},"author":2,"featured_media":0,"parent":0,"menu_order":0,"comment_status":"closed","ping_status":"closed","template":"","meta":{"footnotes":""},"class_list":["post-11863","page","type-page","status-publish","hentry"],"yoast_head":"<!-- This site is optimized with the Yoast SEO Premium plugin v24.9 (Yoast SEO v24.9) - https:\/\/yoast.com\/wordpress\/plugins\/seo\/ -->\n<title>Fleurs et plantes - Blumen Florist Luzern Blumenonline<\/title>\n<meta name=\"description\" content=\"Blumen Blumengesch\u00e4ft Florist Luzern\" \/>\n<meta name=\"robots\" content=\"index, follow, max-snippet:-1, max-image-preview:large, max-video-preview:-1\" \/>\n<link rel=\"canonical\" href=\"https:\/\/flowerevents.com\/fr\/fleurs-et-plantes\/\" \/>\n<meta property=\"og:locale\" content=\"fr_FR\" \/>\n<meta property=\"og:type\" content=\"article\" \/>\n<meta property=\"og:title\" content=\"Fleurs et plantes\" \/>\n<meta property=\"og:description\" content=\"Instagram\" \/>\n<meta property=\"og:url\" content=\"https:\/\/flowerevents.com\/fr\/fleurs-et-plantes\/\" \/>\n<meta property=\"og:site_name\" content=\"Blumen Florist Luzern Blumenonline\" \/>\n<meta property=\"article:publisher\" content=\"https:\/\/www.facebook.com\/flowerevents.ch\" \/>\n<meta property=\"article:modified_time\" content=\"2024-08-30T06:28:36+00:00\" \/>\n<meta name=\"twitter:card\" content=\"summary_large_image\" \/>\n<meta name=\"twitter:label1\" content=\"Dur\u00e9e de lecture estim\u00e9e\" \/>\n\t<meta name=\"twitter:data1\" content=\"1 minute\" \/>\n<script type=\"application\/ld+json\" class=\"yoast-schema-graph\">{\"@context\":\"https:\/\/schema.org\",\"@graph\":[{\"@type\":\"WebPage\",\"@id\":\"https:\/\/flowerevents.com\/fr\/fleurs-et-plantes\/\",\"url\":\"https:\/\/flowerevents.com\/fr\/fleurs-et-plantes\/\",\"name\":\"Fleurs et plantes - Blumen Florist Luzern Blumenonline\",\"isPartOf\":{\"@id\":\"https:\/\/flowerevents.com\/fr\/#website\"},\"datePublished\":\"2024-04-14T10:55:51+00:00\",\"dateModified\":\"2024-08-30T06:28:36+00:00\",\"description\":\"Blumen Blumengesch\u00e4ft Florist Luzern\",\"breadcrumb\":{\"@id\":\"https:\/\/flowerevents.com\/fr\/fleurs-et-plantes\/#breadcrumb\"},\"inLanguage\":\"fr-FR\",\"potentialAction\":[{\"@type\":\"ReadAction\",\"target\":[\"https:\/\/flowerevents.com\/fr\/fleurs-et-plantes\/\"]}]},{\"@type\":\"BreadcrumbList\",\"@id\":\"https:\/\/flowerevents.com\/fr\/fleurs-et-plantes\/#breadcrumb\",\"itemListElement\":[{\"@type\":\"ListItem\",\"position\":1,\"name\":\"Startseite\",\"item\":\"https:\/\/flowerevents.com\/fr\/\"},{\"@type\":\"ListItem\",\"position\":2,\"name\":\"Fleurs et plantes\"}]},{\"@type\":\"WebSite\",\"@id\":\"https:\/\/flowerevents.com\/fr\/#website\",\"url\":\"https:\/\/flowerevents.com\/fr\/\",\"name\":\"Flowerevents\",\"description\":\"Wenn es um Blumiges geht - die sch\u00f6nste Blumengesch\u00e4ft von Luzern\",\"alternateName\":\"Blumen Luzern Flowerevents\",\"potentialAction\":[{\"@type\":\"SearchAction\",\"target\":{\"@type\":\"EntryPoint\",\"urlTemplate\":\"https:\/\/flowerevents.com\/fr\/?s={search_term_string}\"},\"query-input\":{\"@type\":\"PropertyValueSpecification\",\"valueRequired\":true,\"valueName\":\"search_term_string\"}}],\"inLanguage\":\"fr-FR\"}]}<\/script>\n<!-- \/ Yoast SEO Premium plugin. -->","yoast_head_json":{"title":"Fleurs et plantes - Blumen Florist Luzern Blumenonline","description":"Blumen Blumengesch\u00e4ft Florist Luzern","robots":{"index":"index","follow":"follow","max-snippet":"max-snippet:-1","max-image-preview":"max-image-preview:large","max-video-preview":"max-video-preview:-1"},"canonical":"https:\/\/flowerevents.com\/fr\/fleurs-et-plantes\/","og_locale":"fr_FR","og_type":"article","og_title":"Fleurs et plantes","og_description":"Instagram","og_url":"https:\/\/flowerevents.com\/fr\/fleurs-et-plantes\/","og_site_name":"Blumen Florist Luzern Blumenonline","article_publisher":"https:\/\/www.facebook.com\/flowerevents.ch","article_modified_time":"2024-08-30T06:28:36+00:00","twitter_card":"summary_large_image","twitter_misc":{"Dur\u00e9e de lecture estim\u00e9e":"1 minute"},"schema":{"@context":"https:\/\/schema.org","@graph":[{"@type":"WebPage","@id":"https:\/\/flowerevents.com\/fr\/fleurs-et-plantes\/","url":"https:\/\/flowerevents.com\/fr\/fleurs-et-plantes\/","name":"Fleurs et plantes - Blumen Florist Luzern Blumenonline","isPartOf":{"@id":"https:\/\/flowerevents.com\/fr\/#website"},"datePublished":"2024-04-14T10:55:51+00:00","dateModified":"2024-08-30T06:28:36+00:00","description":"Blumen Blumengesch\u00e4ft Florist Luzern","breadcrumb":{"@id":"https:\/\/flowerevents.com\/fr\/fleurs-et-plantes\/#breadcrumb"},"inLanguage":"fr-FR","potentialAction":[{"@type":"ReadAction","target":["https:\/\/flowerevents.com\/fr\/fleurs-et-plantes\/"]}]},{"@type":"BreadcrumbList","@id":"https:\/\/flowerevents.com\/fr\/fleurs-et-plantes\/#breadcrumb","itemListElement":[{"@type":"ListItem","position":1,"name":"Startseite","item":"https:\/\/flowerevents.com\/fr\/"},{"@type":"ListItem","position":2,"name":"Fleurs et plantes"}]},{"@type":"WebSite","@id":"https:\/\/flowerevents.com\/fr\/#website","url":"https:\/\/flowerevents.com\/fr\/","name":"Flowerevents","description":"Wenn es um Blumiges geht - die sch\u00f6nste Blumengesch\u00e4ft von Luzern","alternateName":"Blumen Luzern Flowerevents","potentialAction":[{"@type":"SearchAction","target":{"@type":"EntryPoint","urlTemplate":"https:\/\/flowerevents.com\/fr\/?s={search_term_string}"},"query-input":{"@type":"PropertyValueSpecification","valueRequired":true,"valueName":"search_term_string"}}],"inLanguage":"fr-FR"}]}},"_links":{"self":[{"href":"https:\/\/flowerevents.com\/fr\/wp-json\/wp\/v2\/pages\/11863"}],"collection":[{"href":"https:\/\/flowerevents.com\/fr\/wp-json\/wp\/v2\/pages"}],"about":[{"href":"https:\/\/flowerevents.com\/fr\/wp-json\/wp\/v2\/types\/page"}],"author":[{"embeddable":true,"href":"https:\/\/flowerevents.com\/fr\/wp-json\/wp\/v2\/users\/2"}],"replies":[{"embeddable":true,"href":"https:\/\/flowerevents.com\/fr\/wp-json\/wp\/v2\/comments?post=11863"}],"version-history":[{"count":17,"href":"https:\/\/flowerevents.com\/fr\/wp-json\/wp\/v2\/pages\/11863\/revisions"}],"predecessor-version":[{"id":14349,"href":"https:\/\/flowerevents.com\/fr\/wp-json\/wp\/v2\/pages\/11863\/revisions\/14349"}],"wp:attachment":[{"href":"https:\/\/flowerevents.com\/fr\/wp-json\/wp\/v2\/media?parent=11863"}],"curies":[{"name":"wp","href":"https:\/\/api.w.org\/{rel}","templated":true}]}}