{"id":11851,"date":"2024-05-31T12:45:57","date_gmt":"2024-05-31T10:45:57","guid":{"rendered":"https:\/\/neu.flowerevents.com\/?page_id=11851"},"modified":"2024-06-03T13:09:01","modified_gmt":"2024-06-03T11:09:01","slug":"naturform","status":"publish","type":"page","link":"https:\/\/flowerevents.com\/fr\/accessoires\/naturform\/","title":{"rendered":"Naturform"},"content":{"rendered":"<h1>Naturform<\/h1>\n<p><a href=\"#Naturform\">Naturform<\/a><\/p>\n<div>\n<p>La soci\u00e9t\u00e9 Naturform nous fournit des mat\u00e9riaux secs sp\u00e9cialement s\u00e9lectionn\u00e9s, du bois, des coquillages, des plumes ou des oiseaux, des objets naturels, divers accessoires d&rsquo;int\u00e9rieur et des produits de d\u00e9coration saisonniers.<\/p>\n<p>L&rsquo;entreprise est dirig\u00e9e par un ancien horticulteur et un ancien fleuriste, ce qui renforce le lien avec les bons magasins sp\u00e9cialis\u00e9s\u00a0<\/p>\n<p>Fabriqu\u00e9 en Suisse<\/p>\n<\/div>\n<ul>\n<li>\n        <a href=\"\/fr\/accessoires\/mobach-ceramique\/\">Mobach C\u00e9ramique<\/a>\n    <\/li>\n<li>\n        <a href=\"\/fr\/accessoires\/atelier-vierkant\/\">Atelier Vierkant<\/a>\n    <\/li>\n<li>\n        <a href=\"\/fr\/accessoires\/guaxs\/\">Guaxs Vasen<\/a>\n    <\/li>\n<\/ul>\n<ul>\n<li>\n<p>        <img decoding=\"async\" src=\"\/wp-content\/uploads\/2024\/04\/n15643625784.jpg\" alt=\"\"><\/p>\n<h1>Fruits et plumes<\/h1>\n<\/li>\n<li>\n<p>        <img decoding=\"async\" src=\"\/wp-content\/uploads\/2024\/04\/n15643625785.jpg\" alt=\"\"><\/p>\n<h1>Bois de cerf et c\u00f4nes<\/h1>\n<\/li>\n<li>\n<p>        <img decoding=\"async\" src=\"\/wp-content\/uploads\/2024\/04\/n15643628241.jpg\" alt=\"\"><\/p>\n<h1>Oeufs et fleurs en cuill\u00e8re<\/h1>\n<\/li>\n<li>\n<p>        <img decoding=\"async\" src=\"\/wp-content\/uploads\/2024\/04\/n15809493171.jpg\" alt=\"\"><\/p>\n<h1>Tronc de steelgrass<\/h1>\n<\/li>\n<li>\n<p>        <img decoding=\"async\" src=\"\/wp-content\/uploads\/2024\/04\/n15809494728.jpg\" alt=\"\"><\/p>\n<h1>Objets cuill\u00e8res et lampes<\/h1>\n<\/li>\n<li>\n<p>        <img decoding=\"async\" src=\"\/wp-content\/uploads\/2024\/04\/n158094947212.jpg\" alt=\"\"><\/p>\n<h1>D\u00e9corations de P\u00e2ques<\/h1>\n<\/li>\n<\/ul>\n<p><!--more--><br \/>\n<!-- {\"type\":\"layout\",\"children\":[{\"type\":\"section\",\"props\":{\"header_transparent\":false,\"header_transparent_noplaceholder\":false,\"height\":\"section\",\"height_offset_top\":false,\"image\":\"wp-content\\\/uploads\\\/2024\\\/05\\\/s2-15643625784.jpg\",\"image_loading\":true,\"image_parallax_bgy\":\"400\",\"image_position\":\"center-center\",\"image_size\":\"cover\",\"media_focal_point\":\"top-center\",\"overlap\":false,\"padding\":\"small\",\"preserve_color\":true,\"style\":\"primary\",\"title_breakpoint\":\"xl\",\"title_position\":\"top-left\",\"title_rotation\":\"left\",\"vertical_align\":\"middle\",\"width\":\"xlarge\"},\"children\":[{\"type\":\"row\",\"children\":[{\"type\":\"column\",\"props\":{\"image_position\":\"center-center\",\"position_sticky_breakpoint\":\"m\"},\"children\":[{\"type\":\"headline\",\"props\":{\"animation\":\"none\",\"content\":\"Naturform\",\"margin\":\"small\",\"margin_remove_bottom\":false,\"margin_remove_top\":false,\"parallax_blur\":\"50\",\"parallax_opacity\":\"1,0\",\"parallax_scale\":\"0.5\",\"text_align\":\"center\",\"title_element\":\"h1\",\"title_style\":\"heading-2xlarge\"}}]}]}],\"name\":\"Hero\"},{\"type\":\"section\",\"props\":{\"image_position\":\"center-center\",\"padding\":\"small\",\"padding_remove_bottom\":false,\"padding_remove_top\":false,\"preserve_color\":true,\"style\":\"primary\",\"title_breakpoint\":\"xl\",\"title_position\":\"top-left\",\"title_rotation\":\"left\",\"vertical_align\":\"middle\",\"width\":\"xlarge\"},\"children\":[{\"type\":\"row\",\"props\":{\"layout\":\"1-3,2-3\",\"match\":false,\"width\":\"expand\"},\"children\":[{\"type\":\"column\",\"props\":{\"image_position\":\"center-center\",\"position_sticky_breakpoint\":\"m\",\"vertical_align\":\"middle\"},\"children\":[{\"type\":\"nav\",\"props\":{\"grid\":\"1\",\"id\":\"#Naturform\",\"image_vertical_align\":true,\"nav_divider\":true,\"nav_size\":\"medium\",\"nav_style\":\"primary\",\"show_image\":true,\"show_meta\":true},\"children\":[{\"type\":\"nav_item\",\"props\":{\"content\":\"Naturform\",\"link\":\"#Naturform\"}}],\"name\":\"Naturform\"},{\"type\":\"text\",\"props\":{\"column_breakpoint\":\"m\",\"content\":\"\n\n<p>La soci\\u00e9t\\u00e9 Naturform nous fournit des mat\\u00e9riaux secs sp\\u00e9cialement s\\u00e9lectionn\\u00e9s, du bois, des coquillages, des plumes ou des oiseaux, des objets naturels, divers accessoires d'int\\u00e9rieur et des produits de d\\u00e9coration saisonniers.<\\\/p>\\n\n\n<p>L'entreprise est dirig\\u00e9e par un ancien horticulteur et un ancien fleuriste, ce qui renforce le lien avec les bons magasins sp\\u00e9cialis\\u00e9s\\u00a0<\\\/p>\\n\n\n<p>Fabriqu\\u00e9 en Suisse<\\\/p>\",\"margin\":\"default\"}},{\"type\":\"subnav\",\"children\":[{\"type\":\"subnav_item\",\"props\":{\"content\":\"Mobach C\\u00e9ramique\",\"link\":\"fr\\\/accessoires\\\/mobach-ceramique\\\/\"}},{\"type\":\"subnav_item\",\"props\":{\"content\":\"Atelier Vierkant\",\"link\":\"fr\\\/accessoires\\\/atelier-vierkant\\\/\"}},{\"type\":\"subnav_item\",\"props\":{\"content\":\"Guaxs Vasen\",\"link\":\"fr\\\/accessoires\\\/guaxs\\\/\"}}]}]},{\"type\":\"column\",\"props\":{\"image_position\":\"center-center\",\"position_sticky_breakpoint\":\"m\"},\"children\":[{\"type\":\"slideshow\",\"props\":{\"link_style\":\"default\",\"link_text\":\"Weiterlesen\",\"margin\":\"default\",\"meta_align\":\"below-title\",\"meta_element\":\"div\",\"meta_style\":\"text-meta\",\"nav\":\"dotnav\",\"nav_align\":\"center\",\"nav_below\":true,\"nav_breakpoint\":\"s\",\"nav_margin\":\"small\",\"nav_position\":\"bottom-center\",\"nav_position_margin\":\"medium\",\"overlay_animation\":\"parallax\",\"overlay_container\":\"default\",\"overlay_margin\":\"none\",\"overlay_position\":\"bottom-center\",\"show_content\":true,\"show_link\":true,\"show_meta\":true,\"show_thumbnail\":true,\"show_title\":true,\"slidenav\":\"outside\",\"slidenav_breakpoint\":\"s\",\"slidenav_margin\":\"\",\"slidenav_outside_breakpoint\":\"xl\",\"slidenav_outside_color\":\"light\",\"slideshow_animation\":\"fade\",\"slideshow_autoplay\":true,\"slideshow_autoplay_interval\":\"3\",\"slideshow_autoplay_pause\":true,\"slideshow_height\":\"section\",\"slideshow_min_height\":\"300\",\"slideshow_ratio\":\"2:1.6\",\"slideshow_velocity\":\"3\",\"thumbnav_height\":\"75\",\"thumbnav_svg_color\":\"emphasis\",\"thumbnav_width\":\"100\",\"title_element\":\"h1\",\"title_style\":\"h2\"},\"children\":[{\"type\":\"slideshow_item\",\"props\":{\"image\":\"wp-content\\\/uploads\\\/2024\\\/04\\\/n15643625784.jpg\",\"title\":\"Fruits et plumes\"}},{\"type\":\"slideshow_item\",\"props\":{\"image\":\"wp-content\\\/uploads\\\/2024\\\/04\\\/n15643625785.jpg\",\"title\":\"Bois de cerf et c\\u00f4nes\"}},{\"type\":\"slideshow_item\",\"props\":{\"image\":\"wp-content\\\/uploads\\\/2024\\\/04\\\/n15643628241.jpg\",\"title\":\"Oeufs et fleurs en cuill\\u00e8re\"}},{\"type\":\"slideshow_item\",\"props\":{\"image\":\"wp-content\\\/uploads\\\/2024\\\/04\\\/n15809493171.jpg\",\"title\":\"Tronc de steelgrass\"}},{\"type\":\"slideshow_item\",\"props\":{\"image\":\"wp-content\\\/uploads\\\/2024\\\/04\\\/n15809494728.jpg\",\"title\":\"Objets cuill\\u00e8res et lampes\"}},{\"type\":\"slideshow_item\",\"props\":{\"image\":\"wp-content\\\/uploads\\\/2024\\\/04\\\/n158094947212.jpg\",\"title\":\"D\\u00e9corations de P\\u00e2ques\"}}]}]}]}]},{\"type\":\"section\",\"props\":{\"image_position\":\"center-center\",\"padding\":\"none\",\"padding_remove_horizontal\":false,\"preserve_color\":true,\"style\":\"primary\",\"title_breakpoint\":\"xl\",\"title_position\":\"top-left\",\"title_rotation\":\"left\",\"vertical_align\":\"middle\",\"width\":\"xlarge\"},\"children\":[{\"type\":\"row\",\"children\":[{\"type\":\"column\",\"props\":{\"image_position\":\"center-center\",\"position_sticky_breakpoint\":\"m\"},\"children\":[{\"type\":\"totop\",\"props\":{\"margin\":\"default\",\"text_align\":\"right\",\"title_grid_column_gap\":\"small\",\"title_grid_row_gap\":\"small\"}}]}]}]}],\"version\":\"4.3.13\"} --><\/p>\n","protected":false},"excerpt":{"rendered":"<p>Naturform Naturform La soci\u00e9t\u00e9 Naturform nous fournit des mat\u00e9riaux secs sp\u00e9cialement s\u00e9lectionn\u00e9s, du bois, des coquillages, des plumes ou des oiseaux, des objets naturels, divers accessoires d&rsquo;int\u00e9rieur et des produits de d\u00e9coration saisonniers. L&rsquo;entreprise est dirig\u00e9e par un ancien horticulteur et un ancien fleuriste, ce qui renforce le lien avec les bons magasins sp\u00e9cialis\u00e9s\u00a0 Fabriqu\u00e9 [&hellip;]<\/p>\n","protected":false},"author":2,"featured_media":0,"parent":11888,"menu_order":5,"comment_status":"closed","ping_status":"closed","template":"","meta":{"footnotes":""},"class_list":["post-11851","page","type-page","status-publish","hentry"],"yoast_head":"<!-- This site is optimized with the Yoast SEO Premium plugin v24.9 (Yoast SEO v24.9) - https:\/\/yoast.com\/wordpress\/plugins\/seo\/ -->\n<title>Naturform - Blumen Florist Luzern Blumenonline<\/title>\n<meta name=\"description\" content=\"Blumen Blumengesch\u00e4ft Florist Luzern\" \/>\n<meta name=\"robots\" content=\"index, follow, max-snippet:-1, max-image-preview:large, max-video-preview:-1\" \/>\n<link rel=\"canonical\" href=\"https:\/\/flowerevents.com\/fr\/accessoires\/naturform\/\" \/>\n<meta property=\"og:locale\" content=\"fr_FR\" \/>\n<meta property=\"og:type\" content=\"article\" \/>\n<meta property=\"og:title\" content=\"Naturform\" \/>\n<meta property=\"og:description\" content=\"Instagram\" \/>\n<meta property=\"og:url\" content=\"https:\/\/flowerevents.com\/fr\/accessoires\/naturform\/\" \/>\n<meta property=\"og:site_name\" content=\"Blumen Florist Luzern Blumenonline\" \/>\n<meta property=\"article:publisher\" content=\"https:\/\/www.facebook.com\/flowerevents.ch\" \/>\n<meta property=\"article:modified_time\" content=\"2024-06-03T11:09:01+00:00\" \/>\n<meta name=\"twitter:card\" content=\"summary_large_image\" \/>\n<script type=\"application\/ld+json\" class=\"yoast-schema-graph\">{\"@context\":\"https:\/\/schema.org\",\"@graph\":[{\"@type\":\"WebPage\",\"@id\":\"https:\/\/flowerevents.com\/fr\/accessoires\/naturform\/\",\"url\":\"https:\/\/flowerevents.com\/fr\/accessoires\/naturform\/\",\"name\":\"Naturform - Blumen Florist Luzern Blumenonline\",\"isPartOf\":{\"@id\":\"https:\/\/flowerevents.com\/fr\/#website\"},\"datePublished\":\"2024-05-31T10:45:57+00:00\",\"dateModified\":\"2024-06-03T11:09:01+00:00\",\"description\":\"Blumen Blumengesch\u00e4ft Florist Luzern\",\"breadcrumb\":{\"@id\":\"https:\/\/flowerevents.com\/fr\/accessoires\/naturform\/#breadcrumb\"},\"inLanguage\":\"fr-FR\",\"potentialAction\":[{\"@type\":\"ReadAction\",\"target\":[\"https:\/\/flowerevents.com\/fr\/accessoires\/naturform\/\"]}]},{\"@type\":\"BreadcrumbList\",\"@id\":\"https:\/\/flowerevents.com\/fr\/accessoires\/naturform\/#breadcrumb\",\"itemListElement\":[{\"@type\":\"ListItem\",\"position\":1,\"name\":\"Startseite\",\"item\":\"https:\/\/flowerevents.com\/fr\/\"},{\"@type\":\"ListItem\",\"position\":2,\"name\":\"Accessoires\",\"item\":\"https:\/\/flowerevents.com\/fr\/accessoires\/\"},{\"@type\":\"ListItem\",\"position\":3,\"name\":\"Naturform\"}]},{\"@type\":\"WebSite\",\"@id\":\"https:\/\/flowerevents.com\/fr\/#website\",\"url\":\"https:\/\/flowerevents.com\/fr\/\",\"name\":\"Flowerevents\",\"description\":\"Wenn es um Blumiges geht - die sch\u00f6nste Blumengesch\u00e4ft von Luzern\",\"alternateName\":\"Blumen Luzern Flowerevents\",\"potentialAction\":[{\"@type\":\"SearchAction\",\"target\":{\"@type\":\"EntryPoint\",\"urlTemplate\":\"https:\/\/flowerevents.com\/fr\/?s={search_term_string}\"},\"query-input\":{\"@type\":\"PropertyValueSpecification\",\"valueRequired\":true,\"valueName\":\"search_term_string\"}}],\"inLanguage\":\"fr-FR\"}]}<\/script>\n<!-- \/ Yoast SEO Premium plugin. -->","yoast_head_json":{"title":"Naturform - Blumen Florist Luzern Blumenonline","description":"Blumen Blumengesch\u00e4ft Florist Luzern","robots":{"index":"index","follow":"follow","max-snippet":"max-snippet:-1","max-image-preview":"max-image-preview:large","max-video-preview":"max-video-preview:-1"},"canonical":"https:\/\/flowerevents.com\/fr\/accessoires\/naturform\/","og_locale":"fr_FR","og_type":"article","og_title":"Naturform","og_description":"Instagram","og_url":"https:\/\/flowerevents.com\/fr\/accessoires\/naturform\/","og_site_name":"Blumen Florist Luzern Blumenonline","article_publisher":"https:\/\/www.facebook.com\/flowerevents.ch","article_modified_time":"2024-06-03T11:09:01+00:00","twitter_card":"summary_large_image","schema":{"@context":"https:\/\/schema.org","@graph":[{"@type":"WebPage","@id":"https:\/\/flowerevents.com\/fr\/accessoires\/naturform\/","url":"https:\/\/flowerevents.com\/fr\/accessoires\/naturform\/","name":"Naturform - Blumen Florist Luzern Blumenonline","isPartOf":{"@id":"https:\/\/flowerevents.com\/fr\/#website"},"datePublished":"2024-05-31T10:45:57+00:00","dateModified":"2024-06-03T11:09:01+00:00","description":"Blumen Blumengesch\u00e4ft Florist Luzern","breadcrumb":{"@id":"https:\/\/flowerevents.com\/fr\/accessoires\/naturform\/#breadcrumb"},"inLanguage":"fr-FR","potentialAction":[{"@type":"ReadAction","target":["https:\/\/flowerevents.com\/fr\/accessoires\/naturform\/"]}]},{"@type":"BreadcrumbList","@id":"https:\/\/flowerevents.com\/fr\/accessoires\/naturform\/#breadcrumb","itemListElement":[{"@type":"ListItem","position":1,"name":"Startseite","item":"https:\/\/flowerevents.com\/fr\/"},{"@type":"ListItem","position":2,"name":"Accessoires","item":"https:\/\/flowerevents.com\/fr\/accessoires\/"},{"@type":"ListItem","position":3,"name":"Naturform"}]},{"@type":"WebSite","@id":"https:\/\/flowerevents.com\/fr\/#website","url":"https:\/\/flowerevents.com\/fr\/","name":"Flowerevents","description":"Wenn es um Blumiges geht - die sch\u00f6nste Blumengesch\u00e4ft von Luzern","alternateName":"Blumen Luzern Flowerevents","potentialAction":[{"@type":"SearchAction","target":{"@type":"EntryPoint","urlTemplate":"https:\/\/flowerevents.com\/fr\/?s={search_term_string}"},"query-input":{"@type":"PropertyValueSpecification","valueRequired":true,"valueName":"search_term_string"}}],"inLanguage":"fr-FR"}]}},"_links":{"self":[{"href":"https:\/\/flowerevents.com\/fr\/wp-json\/wp\/v2\/pages\/11851"}],"collection":[{"href":"https:\/\/flowerevents.com\/fr\/wp-json\/wp\/v2\/pages"}],"about":[{"href":"https:\/\/flowerevents.com\/fr\/wp-json\/wp\/v2\/types\/page"}],"author":[{"embeddable":true,"href":"https:\/\/flowerevents.com\/fr\/wp-json\/wp\/v2\/users\/2"}],"replies":[{"embeddable":true,"href":"https:\/\/flowerevents.com\/fr\/wp-json\/wp\/v2\/comments?post=11851"}],"version-history":[{"count":11,"href":"https:\/\/flowerevents.com\/fr\/wp-json\/wp\/v2\/pages\/11851\/revisions"}],"predecessor-version":[{"id":12335,"href":"https:\/\/flowerevents.com\/fr\/wp-json\/wp\/v2\/pages\/11851\/revisions\/12335"}],"up":[{"embeddable":true,"href":"https:\/\/flowerevents.com\/fr\/wp-json\/wp\/v2\/pages\/11888"}],"wp:attachment":[{"href":"https:\/\/flowerevents.com\/fr\/wp-json\/wp\/v2\/media?parent=11851"}],"curies":[{"name":"wp","href":"https:\/\/api.w.org\/{rel}","templated":true}]}}